{"id":500,"date":"2021-08-26T19:10:32","date_gmt":"2021-08-26T19:10:32","guid":{"rendered":"https:\/\/ftbm.mg\/?page_id=500"},"modified":"2023-02-01T03:28:46","modified_gmt":"2023-02-01T03:28:46","slug":"students","status":"publish","type":"page","link":"https:\/\/ftbm.mg\/fr\/students\/","title":{"rendered":"\u00c9tudiants"},"content":{"rendered":"<p>[et_pb_section fb_built=&#8221;1&#8243; fullwidth=&#8221;on&#8221; admin_label=&#8221;Header&#8221; _builder_version=&#8221;4.16&#8243; background_image=&#8221;https:\/\/ftbm.mg\/wp-content\/uploads\/2022\/03\/FTBM_Students_Banner-scaled.jpg&#8221; height=&#8221;70vh&#8221; max_height=&#8221;70vh&#8221; custom_padding=&#8221;||||false|false&#8221; global_colors_info=&#8221;{}&#8221;][et_pb_fullwidth_header title=&#8221;Student Center&#8221; text_orientation=&#8221;center&#8221; _builder_version=&#8221;4.16&#8243; title_font=&#8221;Didact Gothic||||||||&#8221; title_font_size=&#8221;60px&#8221; title_line_height=&#8221;1.3em&#8221; content_font=&#8221;||||||||&#8221; subhead_font=&#8221;Didact Gothic||||||||&#8221; subhead_font_size=&#8221;20px&#8221; subhead_line_height=&#8221;1.8em&#8221; background_color=&#8221;rgba(0,0,0,0)&#8221; background_color_gradient_start=&#8221;rgba(102,133,221,0.37)&#8221; background_color_gradient_end=&#8221;#f4f4ef&#8221; custom_button_one=&#8221;on&#8221; button_one_text_size=&#8221;16px&#8221; button_one_text_color=&#8221;#ffffff&#8221; button_one_bg_color=&#8221;#a0beef&#8221; button_one_border_width=&#8221;8px&#8221; button_one_border_color=&#8221;rgba(0,0,0,0)&#8221; button_one_border_radius=&#8221;0px&#8221; button_one_letter_spacing=&#8221;3px&#8221; button_one_font=&#8221;Didact Gothic|700||on|||||&#8221; button_one_use_icon=&#8221;off&#8221; custom_button_two=&#8221;on&#8221; button_two_text_size=&#8221;16px&#8221; button_two_text_color=&#8221;#34587c&#8221; button_two_bg_color=&#8221;#ffffff&#8221; button_two_border_width=&#8221;8px&#8221; button_two_border_color=&#8221;rgba(0,0,0,0)&#8221; button_two_border_radius=&#8221;0px&#8221; button_two_letter_spacing=&#8221;3px&#8221; button_two_font=&#8221;Didact Gothic|700||on|||||&#8221; button_two_icon=&#8221;&#x49;||divi||400&#8243; button_two_icon_placement=&#8221;left&#8221; button_two_on_hover=&#8221;off&#8221; custom_margin=&#8221;0px||||false|false&#8221; custom_padding=&#8221;11vh||0vw||false|false&#8221; custom_padding_tablet=&#8221;&#8221; custom_padding_phone=&#8221;||80px&#8221; custom_padding_last_edited=&#8221;on|phone&#8221; animation_style=&#8221;fade&#8221; animation_starting_opacity=&#8221;45%&#8221; title_font_size_tablet=&#8221;40px&#8221; title_font_size_phone=&#8221;30px&#8221; title_font_size_last_edited=&#8221;on|phone&#8221; subhead_font_size_tablet=&#8221;&#8221; subhead_font_size_phone=&#8221;18px&#8221; subhead_font_size_last_edited=&#8221;on|phone&#8221; global_colors_info=&#8221;{}&#8221;][\/et_pb_fullwidth_header][\/et_pb_section][et_pb_section fb_built=&#8221;1&#8243; admin_label=&#8221;Services&#8221; _builder_version=&#8221;4.16&#8243; background_enable_image=&#8221;off&#8221; background_size=&#8221;initial&#8221; background_position=&#8221;top_center&#8221; custom_padding=&#8221;0|0px|7px|0px|false|false&#8221; global_colors_info=&#8221;{}&#8221;][et_pb_row column_structure=&#8221;1_3,1_3,1_3&#8243; use_custom_gutter=&#8221;on&#8221; gutter_width=&#8221;1&#8243; _builder_version=&#8221;4.16&#8243; custom_padding=&#8221;0|0px|0px|0px|false|false&#8221; global_colors_info=&#8221;{}&#8221;][et_pb_column type=&#8221;1_3&#8243; _builder_version=&#8221;4.16&#8243; custom_padding=&#8221;|||&#8221; global_colors_info=&#8221;{}&#8221; custom_padding__hover=&#8221;|||&#8221;][\/et_pb_column][et_pb_column type=&#8221;1_3&#8243; _builder_version=&#8221;4.16&#8243; custom_padding=&#8221;|||&#8221; global_colors_info=&#8221;{}&#8221; custom_padding__hover=&#8221;|||&#8221;][et_pb_divider color=&#8221;#ffffff&#8221; divider_weight=&#8221;6px&#8221; _builder_version=&#8221;4.16&#8243; height=&#8221;6px&#8221; custom_margin=&#8221;-20vw|-30px|0px|-30px||true&#8221; custom_margin_tablet=&#8221;&#8221; custom_margin_phone=&#8221;0vw||&#8221; custom_margin_last_edited=&#8221;on|phone&#8221; custom_padding=&#8221;213px||20vw|2px||&#8221; custom_padding_tablet=&#8221;&#8221; custom_padding_phone=&#8221;||10px&#8221; custom_padding_last_edited=&#8221;on|phone&#8221; global_colors_info=&#8221;{}&#8221; box_shadow_style__hover=&#8221;none&#8221; box_shadow_style__hover_enabled=&#8221;none&#8221; box_shadow_color__hover=&#8221;rgba(0,0,0,0.3)&#8221; box_shadow_color__hover_enabled=&#8221;rgba(0,0,0,0.3)&#8221;][\/et_pb_divider][et_pb_text disabled_on=&#8221;on|off|off&#8221; _builder_version=&#8221;4.16&#8243; text_font=&#8221;||||||||&#8221; text_text_color=&#8221;#000000&#8243; link_font=&#8221;||||||||&#8221; ul_font=&#8221;||||||||&#8221; ol_font=&#8221;||||||||&#8221; quote_font=&#8221;||||||||&#8221; use_background_color_gradient=&#8221;on&#8221; background_color_gradient_stops=&#8221;rgba(0,0,0,0) 0%|rgba(0,0,0,0) 100%&#8221; background_color_gradient_overlays_image=&#8221;on&#8221; background_color_gradient_start=&#8221;rgba(0,0,0,0)&#8221; background_color_gradient_end=&#8221;rgba(0,0,0,0)&#8221; background_image=&#8221;https:\/\/ftbm.mg\/wp-content\/uploads\/2022\/03\/FTBM_Students_Portal-scaled.jpg&#8221; text_orientation=&#8221;center&#8221; background_layout=&#8221;dark&#8221; custom_margin=&#8221;-20vw||||false|false&#8221; custom_margin_tablet=&#8221;&#8221; custom_margin_phone=&#8221;0vw||&#8221; custom_margin_last_edited=&#8221;on|desktop&#8221; custom_padding=&#8221;2px|30px|20vw|30px|false|true&#8221; custom_padding_tablet=&#8221;&#8221; custom_padding_phone=&#8221;30px|30px|30px|30px||true&#8221; custom_padding_last_edited=&#8221;on|desktop&#8221; box_shadow_style=&#8221;preset1&#8243; box_shadow_vertical=&#8221;-10px&#8221; box_shadow_blur=&#8221;60px&#8221; locked=&#8221;off&#8221; global_colors_info=&#8221;{}&#8221;][\/et_pb_text][\/et_pb_column][et_pb_column type=&#8221;1_3&#8243; _builder_version=&#8221;4.16&#8243; custom_padding=&#8221;|||&#8221; global_colors_info=&#8221;{}&#8221; custom_padding__hover=&#8221;|||&#8221;][\/et_pb_column][\/et_pb_row][et_pb_row column_structure=&#8221;1_3,1_3,1_3&#8243; use_custom_gutter=&#8221;on&#8221; gutter_width=&#8221;1&#8243; _builder_version=&#8221;4.16&#8243; background_color=&#8221;rgba(126,190,197,0)&#8221; custom_padding=&#8221;0|0px|27px|0px|false|false&#8221; global_colors_info=&#8221;{}&#8221;][et_pb_column type=&#8221;1_3&#8243; _builder_version=&#8221;4.16&#8243; custom_padding=&#8221;|||&#8221; global_colors_info=&#8221;{}&#8221; custom_padding__hover=&#8221;|||&#8221;][et_pb_cta title=&#8221;EBSCO&#8221; button_url=&#8221;https:\/\/search.ebscohost.com\/login.aspx?authtype=custuid&#038;custid=s3270309&#8243; button_text=&#8221;Login&#8221; _builder_version=&#8221;4.18.1&#8243; header_font=&#8221;|700|||||||&#8221; header_font_size=&#8221;18px&#8221; header_line_height=&#8221;1.6em&#8221; body_font=&#8221;||||||||&#8221; background_color=&#8221;rgba(126,190,197,0)&#8221; custom_button=&#8221;on&#8221; button_text_size=&#8221;17px&#8221; button_text_color=&#8221;#b80f0a&#8221; button_bg_color=&#8221;RGBA(255,255,255,0)&#8221; button_border_width=&#8221;1px&#8221; button_border_color=&#8221;#b80f0a&#8221; button_border_radius=&#8221;3px&#8221; button_letter_spacing=&#8221;3px&#8221; button_font=&#8221;Open Sans||||||||&#8221; button_use_icon=&#8221;off&#8221; background_layout=&#8221;light&#8221; hover_enabled=&#8221;0&#8243; global_colors_info=&#8221;{}&#8221; sticky_enabled=&#8221;0&#8243;]<\/p>\n<p><span>Outil donnant acc\u00e8s aux bases de donn\u00e9es de diff\u00e9rentes biblioth\u00e8ques. P<\/span>r\u00e8s de 1.5 millions de ressources sont disponibles en diff\u00e9rentes langues.<span><\/span><\/p>\n<p>[\/et_pb_cta][\/et_pb_column][et_pb_column type=&#8221;1_3&#8243; _builder_version=&#8221;4.16&#8243; custom_padding=&#8221;|||&#8221; global_colors_info=&#8221;{}&#8221; custom_padding__hover=&#8221;|||&#8221;][et_pb_cta title=&#8221;Student Portal&#8221; button_url=&#8221;https:\/\/classroom.ftbm.mg\/&#8221; url_new_window=&#8221;on&#8221; button_text=&#8221;Login&#8221; _builder_version=&#8221;4.16&#8243; header_font=&#8221;|700|||||||&#8221; header_text_color=&#8221;#000000&#8243; header_font_size=&#8221;18px&#8221; header_line_height=&#8221;1.6em&#8221; body_text_color=&#8221;#000000&#8243; background_color=&#8221;#f4f4ef&#8221; custom_button=&#8221;on&#8221; button_text_size=&#8221;17px&#8221; button_text_color=&#8221;#b80f0a&#8221; button_bg_color=&#8221;RGBA(255,255,255,0)&#8221; button_border_width=&#8221;1px&#8221; button_border_color=&#8221;#b80f0a&#8221; button_border_radius=&#8221;3px&#8221; button_letter_spacing=&#8221;3px&#8221; button_font=&#8221;Open Sans||||||||&#8221; button_use_icon=&#8221;off&#8221; animation_style=&#8221;slide&#8221; animation_direction=&#8221;top&#8221; animation_intensity_slide=&#8221;5%&#8221; locked=&#8221;off&#8221; global_colors_info=&#8221;{}&#8221; box_shadow_vertical__hover=&#8221;32px&#8221; box_shadow_vertical__hover_enabled=&#8221;on&#8221; box_shadow_blur__hover=&#8221;105px&#8221; box_shadow_blur__hover_enabled=&#8221;on&#8221;]<\/p>\n<p><span>Portail qui permet d'acc\u00e9der \u00e0 vos informations ainsi qu'aux cours auxquels vous \u00eates inscrits.\u00a0<\/span><\/p>\n<p><span><\/span><\/p>\n<p>[\/et_pb_cta][\/et_pb_column][et_pb_column type=&#8221;1_3&#8243; _builder_version=&#8221;4.16&#8243; custom_padding=&#8221;|||&#8221; global_colors_info=&#8221;{}&#8221; custom_padding__hover=&#8221;|||&#8221;][et_pb_cta title=&#8221;Class Schedule&#8221; button_url=&#8221;https:\/\/ftbm.mg\/class-schedule\/&#8221; button_text=&#8221;Click Here&#8221; button_text_tablet=&#8221;Click Here&#8221; button_text_phone=&#8221;Click Here&#8221; button_text_last_edited=&#8221;on|desktop&#8221; _builder_version=&#8221;4.16&#8243; header_font=&#8221;|700|||||||&#8221; header_font_size=&#8221;18px&#8221; header_line_height=&#8221;1.6em&#8221; body_font=&#8221;||||||||&#8221; background_color=&#8221;rgba(126,190,197,0)&#8221; custom_button=&#8221;on&#8221; button_text_size=&#8221;17px&#8221; button_text_color=&#8221;#b80f0a&#8221; button_bg_color=&#8221;rgba(234,114,74,0)&#8221; button_border_width=&#8221;1px&#8221; button_border_color=&#8221;#b80f0a&#8221; button_border_radius=&#8221;3px&#8221; button_letter_spacing=&#8221;3px&#8221; button_font=&#8221;Open Sans||||||||&#8221; button_use_icon=&#8221;off&#8221; button_alignment=&#8221;center&#8221; button_custom_margin=&#8221;15px||||false|false&#8221; background_layout=&#8221;light&#8221; locked=&#8221;off&#8221; global_colors_info=&#8221;{}&#8221;]<\/p>\n<p><span>Liste des cours offerts pendant le semestre en cours ou pour le semestre prochain.<\/span><\/p>\n<p>[\/et_pb_cta][\/et_pb_column][\/et_pb_row][\/et_pb_section][et_pb_section fb_built=&#8221;1&#8243; admin_label=&#8221;Services&#8221; _builder_version=&#8221;4.16&#8243; background_enable_image=&#8221;off&#8221; background_size=&#8221;initial&#8221; background_position=&#8221;top_center&#8221; custom_padding=&#8221;0|0px|7px|0px|false|false&#8221; global_colors_info=&#8221;{}&#8221;][et_pb_row column_structure=&#8221;1_3,1_3,1_3&#8243; use_custom_gutter=&#8221;on&#8221; gutter_width=&#8221;1&#8243; _builder_version=&#8221;4.16&#8243; custom_padding=&#8221;0|0px|0|0px|false|false&#8221; global_colors_info=&#8221;{}&#8221;][et_pb_column type=&#8221;1_3&#8243; _builder_version=&#8221;4.16&#8243; custom_padding=&#8221;|||&#8221; global_colors_info=&#8221;{}&#8221; custom_padding__hover=&#8221;|||&#8221;][\/et_pb_column][et_pb_column type=&#8221;1_3&#8243; _builder_version=&#8221;4.16&#8243; custom_padding=&#8221;|||&#8221; global_colors_info=&#8221;{}&#8221; custom_padding__hover=&#8221;|||&#8221;][\/et_pb_column][et_pb_column type=&#8221;1_3&#8243; _builder_version=&#8221;4.16&#8243; custom_padding=&#8221;|||&#8221; global_colors_info=&#8221;{}&#8221; custom_padding__hover=&#8221;|||&#8221;][\/et_pb_column][\/et_pb_row][et_pb_row column_structure=&#8221;1_3,1_3,1_3&#8243; use_custom_gutter=&#8221;on&#8221; gutter_width=&#8221;1&#8243; _builder_version=&#8221;4.16&#8243; background_color=&#8221;rgba(126,190,197,0)&#8221; custom_padding=&#8221;0|0px|27px|0px|false|false&#8221; global_colors_info=&#8221;{}&#8221;][et_pb_column type=&#8221;1_3&#8243; _builder_version=&#8221;4.16&#8243; custom_padding=&#8221;|||&#8221; global_colors_info=&#8221;{}&#8221; custom_padding__hover=&#8221;|||&#8221;][et_pb_cta title=&#8221;Academic Calendar&#8221; button_url=&#8221;https:\/\/ftbm.mg\/en\/academic-calendar\/&#8221; button_text=&#8221;Click Here&#8221; _builder_version=&#8221;4.16&#8243; header_font=&#8221;|700|||||||&#8221; header_font_size=&#8221;18px&#8221; header_line_height=&#8221;1.6em&#8221; body_font=&#8221;||||||||&#8221; background_color=&#8221;#f4f4ef&#8221; custom_button=&#8221;on&#8221; button_text_size=&#8221;17px&#8221; button_text_color=&#8221;#b80f0a&#8221; button_bg_color=&#8221;RGBA(255,255,255,0)&#8221; button_border_width=&#8221;1px&#8221; button_border_color=&#8221;#b80f0a&#8221; button_border_radius=&#8221;3px&#8221; button_letter_spacing=&#8221;3px&#8221; button_font=&#8221;Open Sans||||||||&#8221; button_use_icon=&#8221;off&#8221; background_layout=&#8221;light&#8221; global_colors_info=&#8221;{}&#8221;]<\/p>\n<p><span>Le calendrier acad\u00e9mique afiche les dates d'orientation, de d\u00e9but du semestre, de vacances, d'examens, et de fin de semestre.\u00a0<\/span><\/p>\n<p>[\/et_pb_cta][\/et_pb_column][et_pb_column type=&#8221;1_3&#8243; _builder_version=&#8221;4.16&#8243; custom_padding=&#8221;|||&#8221; global_colors_info=&#8221;{}&#8221; custom_padding__hover=&#8221;|||&#8221;][et_pb_cta title=&#8221;Alexandria Project&#8221; button_url=&#8221;https:\/\/trinityacademic.resourcespace.com\/&#8221; button_text=&#8221;Login&#8221; _builder_version=&#8221;4.16&#8243; header_font=&#8221;|700|||||||&#8221; header_font_size=&#8221;18px&#8221; header_line_height=&#8221;1.6em&#8221; body_font=&#8221;||||||||&#8221; background_color=&#8221;rgba(126,190,197,0)&#8221; custom_button=&#8221;on&#8221; button_text_size=&#8221;17px&#8221; button_text_color=&#8221;#b80f0a&#8221; button_bg_color=&#8221;RGBA(255,255,255,0)&#8221; button_border_width=&#8221;1px&#8221; button_border_color=&#8221;#b80f0a&#8221; button_border_radius=&#8221;3px&#8221; button_letter_spacing=&#8221;3px&#8221; button_font=&#8221;Open Sans||||||||&#8221; button_use_icon=&#8221;off&#8221; background_layout=&#8221;light&#8221; global_colors_info=&#8221;{}&#8221;]<\/p>\n<p><span>Outil de collaboration mondiale o\u00f9 sont publi\u00e9s des essais et r\u00e9sultats de recherches. Les ressources sont disponibles dans plusieurs langues.\u00a0<\/span><\/p>\n<p>[\/et_pb_cta][\/et_pb_column][et_pb_column type=&#8221;1_3&#8243; _builder_version=&#8221;4.16&#8243; custom_padding=&#8221;|||&#8221; global_colors_info=&#8221;{}&#8221; custom_padding__hover=&#8221;|||&#8221;][\/et_pb_column][\/et_pb_row][\/et_pb_section]<\/p>","protected":false},"excerpt":{"rendered":"<p>Your access to various library databases. Nearly 1.5 million resources are available in numerous languages.Your one-stop shop where you will find your student profile as well as the classes you are enrolling in.\u00a0 Checkout the list of available and upcoming courses and register before the deadline.Checkout the dates for orientations, beginning of the semester, fall [&hellip;]<\/p>","protected":false},"author":2,"featured_media":0,"parent":0,"menu_order":0,"comment_status":"closed","ping_status":"closed","template":"","meta":{"_et_pb_use_builder":"on","_et_pb_old_content":"","_et_gb_content_width":"","footnotes":""},"class_list":["post-500","page","type-page","status-publish","hentry"],"_links":{"self":[{"href":"https:\/\/ftbm.mg\/fr\/wp-json\/wp\/v2\/pages\/500","targetHints":{"allow":["GET"]}}],"collection":[{"href":"https:\/\/ftbm.mg\/fr\/wp-json\/wp\/v2\/pages"}],"about":[{"href":"https:\/\/ftbm.mg\/fr\/wp-json\/wp\/v2\/types\/page"}],"author":[{"embeddable":true,"href":"https:\/\/ftbm.mg\/fr\/wp-json\/wp\/v2\/users\/2"}],"replies":[{"embeddable":true,"href":"https:\/\/ftbm.mg\/fr\/wp-json\/wp\/v2\/comments?post=500"}],"version-history":[{"count":0,"href":"https:\/\/ftbm.mg\/fr\/wp-json\/wp\/v2\/pages\/500\/revisions"}],"wp:attachment":[{"href":"https:\/\/ftbm.mg\/fr\/wp-json\/wp\/v2\/media?parent=500"}],"curies":[{"name":"wp","href":"https:\/\/api.w.org\/{rel}","templated":true}]}}