{"id":4016,"date":"2024-06-27T04:47:51","date_gmt":"2024-06-27T04:47:51","guid":{"rendered":"https:\/\/ftbm.mg\/?page_id=4016"},"modified":"2025-03-20T03:28:04","modified_gmt":"2025-03-20T03:28:04","slug":"tuitions-scholarships","status":"publish","type":"page","link":"https:\/\/ftbm.mg\/fr\/tuitions-scholarships\/","title":{"rendered":"Tuitions-scholarships"},"content":{"rendered":"<p>[et_pb_section fb_built=&#8221;1&#8243; fullwidth=&#8221;on&#8221; admin_label=&#8221;Header&#8221; _builder_version=&#8221;4.16&#8243; background_image=&#8221;https:\/\/ftbm.mg\/wp-content\/uploads\/2022\/03\/FTBM_Admissions_Tuition-scaled.jpg&#8221; custom_margin=&#8221;||||false|false&#8221; custom_margin_tablet=&#8221;||||false|false&#8221; custom_margin_phone=&#8221;||||false|false&#8221; custom_margin_last_edited=&#8221;on|desktop&#8221; global_colors_info=&#8221;{}&#8221;][et_pb_fullwidth_header title=&#8221;Tuition &#038; Fees&#8221; text_orientation=&#8221;center&#8221; button_one_url=&#8221;https:\/\/ftbm.mg\/wp-content\/uploads\/2021\/10\/FTBM_Application-form_EN.pdf&#8221; _builder_version=&#8221;4.16&#8243; title_font=&#8221;Didact Gothic||||||||&#8221; title_font_size=&#8221;60px&#8221; title_line_height=&#8221;1.3em&#8221; content_font=&#8221;||||||||&#8221; subhead_font=&#8221;Didact Gothic||||||||&#8221; subhead_font_size=&#8221;20px&#8221; subhead_line_height=&#8221;1.8em&#8221; background_color=&#8221;rgba(0,0,0,0)&#8221; background_color_gradient_start=&#8221;rgba(140,163,209,0.48)&#8221; background_color_gradient_end=&#8221;#295186&#8243; custom_button_one=&#8221;on&#8221; button_one_text_size=&#8221;16px&#8221; button_one_text_color=&#8221;#ffffff&#8221; button_one_bg_color=&#8221;#a0beef&#8221; button_one_border_width=&#8221;8px&#8221; button_one_border_color=&#8221;rgba(0,0,0,0)&#8221; button_one_border_radius=&#8221;0px&#8221; button_one_letter_spacing=&#8221;3px&#8221; button_one_font=&#8221;Didact Gothic|700||on|||||&#8221; button_one_icon=&#8221;&#x45;||divi||400&#8243; custom_button_two=&#8221;on&#8221; button_two_text_size=&#8221;16px&#8221; button_two_text_color=&#8221;#34587c&#8221; button_two_bg_color=&#8221;#ffffff&#8221; button_two_border_width=&#8221;8px&#8221; button_two_border_color=&#8221;rgba(0,0,0,0)&#8221; button_two_border_radius=&#8221;0px&#8221; button_two_letter_spacing=&#8221;3px&#8221; button_two_font=&#8221;Didact Gothic|700||on|||||&#8221; button_two_use_icon=&#8221;off&#8221; min_height=&#8221;350.4px&#8221; custom_margin=&#8221;||-1px||false|false&#8221; custom_padding=&#8221;3vw||0vw||false|false&#8221; custom_padding_tablet=&#8221;&#8221; custom_padding_phone=&#8221;||80px&#8221; custom_padding_last_edited=&#8221;on|phone&#8221; animation_style=&#8221;fade&#8221; animation_starting_opacity=&#8221;45%&#8221; link_option_url=&#8221;https:\/\/ftbm.mg\/wp-content\/uploads\/2021\/10\/FTBM_Application-form_EN.pdf&#8221; link_option_url_new_window=&#8221;on&#8221; title_font_size_tablet=&#8221;40px&#8221; title_font_size_phone=&#8221;30px&#8221; title_font_size_last_edited=&#8221;on|phone&#8221; subhead_font_size_tablet=&#8221;&#8221; subhead_font_size_phone=&#8221;18px&#8221; subhead_font_size_last_edited=&#8221;on|phone&#8221; global_colors_info=&#8221;{}&#8221;][\/et_pb_fullwidth_header][\/et_pb_section][et_pb_section fb_built=&#8221;1&#8243; _builder_version=&#8221;4.16&#8243; _module_preset=&#8221;default&#8221; custom_padding=&#8221;2px||10px|||&#8221; global_colors_info=&#8221;{}&#8221;][et_pb_row _builder_version=&#8221;4.16&#8243; _module_preset=&#8221;default&#8221; global_colors_info=&#8221;{}&#8221;][et_pb_column type=&#8221;4_4&#8243; _builder_version=&#8221;4.16&#8243; _module_preset=&#8221;default&#8221; global_colors_info=&#8221;{}&#8221;][et_pb_text _builder_version=&#8221;4.16&#8243; _module_preset=&#8221;default&#8221; global_colors_info=&#8221;{}&#8221;]<\/p>\n<p>Nous sommes conscients que l\u2019aspect financier peut \u00eatre un obstacle pour celle ou celui qui desire se former. N\u00e9anmoins, nous aimerions encourager toute personne \u2013 quels que soient ses moyens financiers \u2013 \u00e0 consid\u00e9rer l\u2019option de s\u2019inscrire \u00e0 la FTBM.<\/p>\n<p>[\/et_pb_text][et_pb_text _builder_version=&#8221;4.25.2&#8243; _module_preset=&#8221;default&#8221; custom_padding=&#8221;20px||||false|false&#8221; global_colors_info=&#8221;{}&#8221;]<\/p>\n<h1>Frais de scolarit\u00e9 pour la formation dipl\u00f4mante et non-dipl\u00f4mante<\/h1>\n<p>[\/et_pb_text][et_pb_text content_tablet=&#8221;<\/p>\n<p>%91table id=6 \/%93<\/p>\n<p>&#8221; content_phone=&#8221;<\/p>\n<p>%91table id=6 \/%93<\/p>\n<p>&#8221; content_last_edited=&#8221;on|phone&#8221; _builder_version=&#8221;4.27.0&#8243; _module_preset=&#8221;default&#8221; custom_margin=&#8221;||-10px|||&#8221; global_colors_info=&#8221;{}&#8221;]<\/p>\n<p>\n<table id=\"tablepress-6\" class=\"tablepress tablepress-id-6 tuition\">\n<tbody>\n<tr class=\"row-1\">\n\t<td class=\"column-1\">Frais d'inscription (1)<\/td><td class=\"column-2\">40 000 AR<\/td>\n<\/tr>\n<tr class=\"row-2\">\n\t<td class=\"column-1\">Frais d'acc\u00e9s \u00e0 la salle informatique (2)<\/td><td class=\"column-2\">15 000 AR<\/td>\n<\/tr>\n<tr class=\"row-3\">\n\t<td class=\"column-1\">Frais de scolarit\u00e9 (3)<\/td><td class=\"column-2\">21 000 AR \/ heure de cr\u00e9dit<\/td>\n<\/tr>\n<\/tbody>\n<\/table>\n<!-- #tablepress-6 from cache -->\u200b<\/p>\n<p>[\/et_pb_text][\/et_pb_column][\/et_pb_row][et_pb_row _builder_version=&#8221;4.16&#8243; _module_preset=&#8221;default&#8221; custom_padding=&#8221;||6px|||&#8221; global_colors_info=&#8221;{}&#8221;][et_pb_column type=&#8221;4_4&#8243; _builder_version=&#8221;4.16&#8243; _module_preset=&#8221;default&#8221; global_colors_info=&#8221;{}&#8221;][et_pb_text _builder_version=&#8221;4.25.2&#8243; _module_preset=&#8221;default&#8221; custom_margin=&#8221;||32px|||&#8221; custom_padding=&#8221;0px||||false|false&#8221; global_colors_info=&#8221;{}&#8221;]<\/p>\n<h1>Frais de Scolarit\u00e9 pour Auditeur Libre<\/h1>\n<p>[\/et_pb_text][et_pb_text content_tablet=&#8221;<\/p>\n<p>%91table id=29 \/%93<\/p>\n<p>&#8221; content_phone=&#8221;<\/p>\n<p>%91table id=29 \/%93<\/p>\n<p>&#8221; content_last_edited=&#8221;on|desktop&#8221; _builder_version=&#8221;4.27.0&#8243; _module_preset=&#8221;default&#8221; global_colors_info=&#8221;{}&#8221;]<\/p>\n<p>\n<table id=\"tablepress-29\" class=\"tablepress tablepress-id-29 tuition\">\n<tbody>\n<tr class=\"row-1\">\n\t<td class=\"column-1\">Frais d'inscription (1)<\/td><td class=\"column-2\">40 000 AR<\/td>\n<\/tr>\n<tr class=\"row-2\">\n\t<td class=\"column-1\">Frais d'acc\u00e9s \u00e0 la salle informatique (2)<\/td><td class=\"column-2\">15 000 AR<\/td>\n<\/tr>\n<tr class=\"row-3\">\n\t<td class=\"column-1\">Frais de scolarit\u00e9 (3)<\/td><td class=\"column-2\">13 000 AR \/ heure de cr\u00e9dit<\/td>\n<\/tr>\n<\/tbody>\n<\/table>\n<!-- #tablepress-29 from cache -->\u200b<\/p>\n<p>[\/et_pb_text][et_pb_text _builder_version=&#8221;4.25.2&#8243; _module_preset=&#8221;default&#8221; custom_padding=&#8221;0px||16px|||&#8221; global_colors_info=&#8221;{}&#8221;]<\/p>\n<p>(1) Les frais d\u2019inscription sont payables en une fois et doivent accompagner le dossier d\u2019inscription. Le r\u00e8glement peut s'effectuer par MVola (034 30 153 54 - Guiliano Steeve) ou sur place.<\/p>\n<p>(2) La FTBM est dot\u00e9e d\u2019une salle informatique afin de permettre l\u2019acc\u00e8s \u00e0 tout \u00e9tudiant ayant besoin d\u2019une connexion Internet durant le semestre. Ces frais sont \u00e0 r\u00e9gler chaque semestre.<\/p>\n<p>(3) Les frais de scolarit\u00e9 varient en fonction du nombre de cours que choisit l'\u00e9tudiant(e) chaque semestre. Vous trouverez la valeur en cr\u00e9dit de chaque cours disponible le semestre en cliquant <a href=\"https:\/\/ftbm.mg\/fr\/class-schedule\/\" target=\"_blank\" rel=\"noopener\">ici<\/a>.<\/p>\n<p>(4) Pour information, ce montant ne refl\u00e8te pas le co\u00fbt r\u00e9el d'une heure de cr\u00e9dit. La FTBM est en mesure de proposer le co\u00fbt affich\u00e9 ci-dessus gr\u00e2ce au soutien g\u00e9n\u00e9reux de ses partenaires et donateurs qui ont pour souci de rendre la formation accessible pour les \u00e9tudiants.<\/p>\n<p>[\/et_pb_text][et_pb_text _builder_version=&#8221;4.25.2&#8243; _module_preset=&#8221;default&#8221; custom_padding=&#8221;20px||||false|false&#8221; global_colors_info=&#8221;{}&#8221;]<\/p>\n<h1>\u00c9tudiant \u00e0 plein temps<\/h1>\n<p>[\/et_pb_text][et_pb_text _builder_version=&#8221;4.25.2&#8243; _module_preset=&#8221;default&#8221; global_colors_info=&#8221;{}&#8221;]<\/p>\n<p>Tout \u00e9tudiant qui prend un minimum de 10 heures de cr\u00e9dit pour un semestre, est consid\u00e9r\u00e9 comme un \u00e9tudiant \u00e0 temps plein* pour le semestre. Cet \u00e9tudiant paiera un tarif forfaitaire de 260 000 AR (cours en ligne) ou 210 000 AR (cours en pr\u00e9sentiel) le semestre, quel que soit le nombre extra d'heures de cr\u00e9dit qu'il prend.<\/p>\n<p>*Temps plein: contrairement \u00e0 la compr\u00e9hension populaire un(e) \u00e9tudiant(e) \u00e0 temps plein ne signifie pas qu'il\/elle d\u00e9die tout son temps \u00e0 ses \u00e9tudes. Ici, la d\u00e9finition \"temps plein\" s'applique uniquement au sein de la FTBM.<\/p>\n<p>[\/et_pb_text][et_pb_text _builder_version=&#8221;4.25.2&#8243; _module_preset=&#8221;default&#8221; custom_padding=&#8221;20px||||false|false&#8221; global_colors_info=&#8221;{}&#8221;]<\/p>\n<h1>R\u00e8glement<\/h1>\n<p>[\/et_pb_text][et_pb_text _builder_version=&#8221;4.27.4&#8243; _module_preset=&#8221;default&#8221; hover_enabled=&#8221;0&#8243; global_colors_info=&#8221;{}&#8221; sticky_enabled=&#8221;0&#8243;]<\/p>\n<p>Les frais de scolarit\u00e9 peuvent \u00eatre r\u00e9gl\u00e9s dans leur totalit\u00e9 avant le d\u00e9but du semestre. Il est aussi possible de faire un paiement mensuel sur toute la dur\u00e9e du semestre.<\/p>\n<p>[\/et_pb_text][et_pb_text _builder_version=&#8221;4.25.2&#8243; _module_preset=&#8221;default&#8221; custom_padding=&#8221;20px||||false|false&#8221; global_colors_info=&#8221;{}&#8221;]<\/p>\n<h1>Conditions de Remboursement<\/h1>\n<p>[\/et_pb_text][et_pb_text _builder_version=&#8221;4.25.2&#8243; _module_preset=&#8221;default&#8221; global_colors_info=&#8221;{}&#8221;]<\/p>\n<p>Les frais d'inscription et les frais d'acc\u00e8s \u00e0 la salle informatique ne sont pas remboursables.<\/p>\n<p>Dans le cas o\u00f9 l'\u00e9tudiant souhaite abandonner un cours, les frais de scolarit\u00e9 associ\u00e9s \u00e0 ce cours sont remboursables selon la r\u00e8gle suivante:<\/p>\n<ul>\n<li style=\"list-style-type: none;\">\n<ul>\n<li>Abandon du cours durant la 1\u00e8re semaine de cours: 100% remboursable<\/li>\n<li>Abandon du cours durant le 1er mois du cours: 50% remboursable<\/li>\n<li>Abandon du cours apr\u00e8s le 1er mois du cours: non remboursable<\/li>\n<\/ul>\n<\/li>\n<\/ul>\n<p>Dans les cas autres que ceux mentionn\u00e9s ci-dessus, les frais de scolarit\u00e9 ne sont pas remboursables.<\/p>\n<p>[\/et_pb_text][\/et_pb_column][\/et_pb_row][\/et_pb_section]<\/p>","protected":false},"excerpt":{"rendered":"<p>We are aware that money can be an obstacle for some who desires to study. However, we want to encourage all qualified students, regardless of financial ability, to consider applying at FTBM.Tuition For Degree and Non-Degree Programs\n<table id=\"tablepress-6-no-2\" class=\"tablepress tablepress-id-6 tuition\">\n<tbody>\n<tr class=\"row-1\">\n\t<td class=\"column-1\">Frais d'inscription (1)<\/td><td class=\"column-2\">40 000 AR<\/td>\n<\/tr>\n<tr class=\"row-2\">\n\t<td class=\"column-1\">Frais d'acc\u00e9s \u00e0 la salle informatique (2)<\/td><td class=\"column-2\">15 000 AR<\/td>\n<\/tr>\n<tr class=\"row-3\">\n\t<td class=\"column-1\">Frais de scolarit\u00e9 (3)<\/td><td class=\"column-2\">21 000 AR \/ heure de cr\u00e9dit<\/td>\n<\/tr>\n<\/tbody>\n<\/table>\n<!-- #tablepress-6-no-2 from cache -->\u200bTuition For Auditing\n<table id=\"tablepress-29-no-2\" class=\"tablepress tablepress-id-29 tuition\">\n<tbody>\n<tr class=\"row-1\">\n\t<td class=\"column-1\">Frais d'inscription (1)<\/td><td class=\"column-2\">40 000 AR<\/td>\n<\/tr>\n<tr class=\"row-2\">\n\t<td class=\"column-1\">Frais d'acc\u00e9s \u00e0 la salle informatique (2)<\/td><td class=\"column-2\">15 000 AR<\/td>\n<\/tr>\n<tr class=\"row-3\">\n\t<td class=\"column-1\">Frais de scolarit\u00e9 (3)<\/td><td class=\"column-2\">13 000 AR \/ heure de cr\u00e9dit<\/td>\n<\/tr>\n<\/tbody>\n<\/table>\n<!-- #tablepress-29-no-2 from cache -->\u200b(1) Application Fee must be submitted with the application form. This fee is [&hellip;]<\/p>","protected":false},"author":3,"featured_media":0,"parent":0,"menu_order":0,"comment_status":"closed","ping_status":"closed","template":"","meta":{"_et_pb_use_builder":"on","_et_pb_old_content":"","_et_gb_content_width":"","footnotes":""},"class_list":["post-4016","page","type-page","status-publish","hentry"],"_links":{"self":[{"href":"https:\/\/ftbm.mg\/fr\/wp-json\/wp\/v2\/pages\/4016","targetHints":{"allow":["GET"]}}],"collection":[{"href":"https:\/\/ftbm.mg\/fr\/wp-json\/wp\/v2\/pages"}],"about":[{"href":"https:\/\/ftbm.mg\/fr\/wp-json\/wp\/v2\/types\/page"}],"author":[{"embeddable":true,"href":"https:\/\/ftbm.mg\/fr\/wp-json\/wp\/v2\/users\/3"}],"replies":[{"embeddable":true,"href":"https:\/\/ftbm.mg\/fr\/wp-json\/wp\/v2\/comments?post=4016"}],"version-history":[{"count":0,"href":"https:\/\/ftbm.mg\/fr\/wp-json\/wp\/v2\/pages\/4016\/revisions"}],"wp:attachment":[{"href":"https:\/\/ftbm.mg\/fr\/wp-json\/wp\/v2\/media?parent=4016"}],"curies":[{"name":"wp","href":"https:\/\/api.w.org\/{rel}","templated":true}]}}