{"id":393,"date":"2021-08-11T20:31:12","date_gmt":"2021-08-11T20:31:12","guid":{"rendered":"https:\/\/ftbm.mg\/?page_id=393"},"modified":"2024-07-04T06:22:34","modified_gmt":"2024-07-04T06:22:34","slug":"degrees","status":"publish","type":"page","link":"https:\/\/ftbm.mg\/fr\/degrees\/","title":{"rendered":"Degrees"},"content":{"rendered":"<p>[et_pb_section fb_built=&#8221;1&#8243; admin_label=&#8221;Footer&#8221; _builder_version=&#8221;4.16&#8243; background_enable_color=&#8221;off&#8221; background_color_gradient_start=&#8221;rgba(0,0,0,0)&#8221; background_color_gradient_end=&#8221;#295186&#8243; background_image=&#8221;https:\/\/ftbm.mg\/wp-content\/uploads\/2022\/03\/FTBM_Academics_Degrees_Banner-scaled.jpg&#8221; background_blend=&#8221;multiply&#8221; max_width=&#8221;100%&#8221; module_alignment=&#8221;center&#8221; height=&#8221;350.4px&#8221; custom_margin=&#8221;||2.1%|84px||&#8221; custom_padding=&#8221;45px|0px|45px|66px|true|false&#8221; animation_style=&#8221;slide&#8221; animation_direction=&#8221;bottom&#8221; animation_intensity_slide=&#8221;2%&#8221; box_shadow_style=&#8221;preset1&#8243; box_shadow_vertical=&#8221;-10px&#8221; box_shadow_blur=&#8221;60px&#8221; global_colors_info=&#8221;{}&#8221;][et_pb_row _builder_version=&#8221;4.16&#8243; _module_preset=&#8221;default&#8221; min_height=&#8221;350.4px&#8221; global_colors_info=&#8221;{}&#8221;][et_pb_column type=&#8221;4_4&#8243; _builder_version=&#8221;4.16&#8243; _module_preset=&#8221;default&#8221; global_colors_info=&#8221;{}&#8221;][et_pb_text _builder_version=&#8221;4.16&#8243; _module_preset=&#8221;default&#8221; text_text_color=&#8221;#ffffff&#8221; text_font_size=&#8221;60px&#8221; header_text_color=&#8221;#ffffff&#8221; header_line_height=&#8221;1.2em&#8221; text_orientation=&#8221;center&#8221; custom_margin=&#8221;72px|||-60px|false|false&#8221; custom_padding=&#8221;0px||9px||false|false&#8221; text_font_size_tablet=&#8221;60px&#8221; text_font_size_phone=&#8221;45px&#8221; text_font_size_last_edited=&#8221;on|phone&#8221; global_colors_info=&#8221;{}&#8221;]<\/p>\n<p>Formations Dipl\u00f4mantes<\/p>\n<p>[\/et_pb_text][\/et_pb_column][\/et_pb_row][\/et_pb_section][et_pb_section fb_built=&#8221;1&#8243; _builder_version=&#8221;4.16&#8243; _module_preset=&#8221;default&#8221; global_colors_info=&#8221;{}&#8221;][et_pb_row _builder_version=&#8221;4.16&#8243; _module_preset=&#8221;default&#8221; global_colors_info=&#8221;{}&#8221;][et_pb_column type=&#8221;4_4&#8243; _builder_version=&#8221;4.16&#8243; _module_preset=&#8221;default&#8221; global_colors_info=&#8221;{}&#8221;][et_pb_text _builder_version=&#8221;4.16&#8243; _module_preset=&#8221;default&#8221; global_colors_info=&#8221;{}&#8221;]<\/p>\n<p>La FTBM suit le <strong>Syst\u00e8me de cr\u00e9dits<\/strong>. Cliquer <a href=\"https:\/\/ftbm.mg\/fr\/academics\/\">ici<\/a> pour en savoir plus sur le fonctionnement de ce syst\u00e8me.<\/p>\n<p>[\/et_pb_text][\/et_pb_column][\/et_pb_row][et_pb_row column_structure=&#8221;1_2,1_2&#8243; _builder_version=&#8221;4.16&#8243; _module_preset=&#8221;default&#8221; global_colors_info=&#8221;{}&#8221;][et_pb_column type=&#8221;1_2&#8243; _builder_version=&#8221;4.16&#8243; _module_preset=&#8221;default&#8221; global_colors_info=&#8221;{}&#8221;][et_pb_blurb title=&#8221;Associate Of Theology&#8221; image=&#8221;https:\/\/ftbm.mg\/wp-content\/uploads\/2022\/03\/SEM_7226-scaled.jpg&#8221; _builder_version=&#8221;4.26.0&#8243; _module_preset=&#8221;default&#8221; header_level=&#8221;h2&#8243; header_font=&#8221;|600|||||||&#8221; header_text_align=&#8221;center&#8221; background_color=&#8221;#f4f4ef&#8221; min_height=&#8221;792.7px&#8221; custom_margin=&#8221;||-60px||false|false&#8221; child_filter_blur=&#8221;-1px&#8221; hover_enabled=&#8221;0&#8243; global_colors_info=&#8221;{}&#8221; sticky_enabled=&#8221;0&#8243;]<\/p>\n<p style=\"text-align: center;\"><strong>60 heures de cr\u00e9dit<\/strong><\/p>\n<p style=\"text-align: center;\">Le dipl\u00f4me d'Associate of Theology apporte une formation th\u00e9ologique basique mais solide pour \u00e9quiper toute personne qui envisage tout type de minist\u00e8re au sein de l'\u00e9glise (pastoral, femmes, jeunes\/enfants, mission, etc.).<\/p>\n<p style=\"text-align: center;\">\u00c0 l'issue de ce dipl\u00f4me, l'\u00e9tudiant(e) aura acquis une connaissance g\u00e9n\u00e9rale de la Bible et de la foi chr\u00e9tienne, ce qui lui permettra d'exercer un minist\u00e8re en toute capacit\u00e9 au sein de son \u00e9glise locale.<\/p>\n<p>[\/et_pb_blurb][et_pb_button button_url=&#8221;https:\/\/ftbm.mg\/associate-degree\/&#8221; button_text=&#8221;More Details&#8221; button_alignment=&#8221;center&#8221; _builder_version=&#8221;4.16&#8243; _module_preset=&#8221;default&#8221; custom_button=&#8221;on&#8221; button_text_size=&#8221;17px&#8221; button_text_color=&#8221;#b80f0a&#8221; button_bg_color=&#8221;RGBA(255,255,255,0)&#8221; button_border_color=&#8221;#b80f0a&#8221; button_use_icon=&#8221;off&#8221; custom_margin=&#8221;0px||0px||false|false&#8221; custom_padding=&#8221;0px||||false|false&#8221; global_colors_info=&#8221;{}&#8221;][\/et_pb_button][\/et_pb_column][et_pb_column type=&#8221;1_2&#8243; _builder_version=&#8221;4.16&#8243; _module_preset=&#8221;default&#8221; global_colors_info=&#8221;{}&#8221;][et_pb_blurb title=&#8221;Bachelor Of Theology&#8221; image=&#8221;https:\/\/ftbm.mg\/wp-content\/uploads\/2022\/03\/FTBM_student_home_emmanuel-ikwuegbu-h5xEHzfepNk-unsplash-scaled.jpg&#8221; _builder_version=&#8221;4.16&#8243; _module_preset=&#8221;default&#8221; header_level=&#8221;h2&#8243; header_font=&#8221;|600|||||||&#8221; background_color=&#8221;#f4f4ef&#8221; text_orientation=&#8221;center&#8221; custom_margin=&#8221;||-60px||false|false&#8221; custom_padding=&#8221;||98px|||&#8221; global_colors_info=&#8221;{}&#8221;]<\/p>\n<p><strong>120 heures de cr\u00e9dit\u00a0<\/strong><\/p>\n<p>Le programme de Bachelor of Theology vise \u00e0 offrir une formation universitaire compl\u00e8te \u00e0 ceux qui sont appel\u00e9s au minist\u00e8re, en particulier les responsables d'\u00e9glise. Ce programme convient \u00e9galement \u00e0 celles et ceux qui souhaitent poursuivre des \u00e9tudes th\u00e9ologiques au niveau Ma\u00eetrise et Doctorat.<\/p>\n<p style=\"text-align: center;\">Ce programme met l'accent sur les disciplines bibliques ainsi que sur les disciplines th\u00e9ologiques\/historiques, et particuli\u00e8rement sur les langues bibliques.<\/p>\n<p>[\/et_pb_blurb][et_pb_button button_url=&#8221;https:\/\/ftbm.mg\/bachelor-degree\/&#8221; button_text=&#8221;More Details&#8221; button_alignment=&#8221;center&#8221; _builder_version=&#8221;4.16&#8243; _module_preset=&#8221;default&#8221; custom_button=&#8221;on&#8221; button_text_size=&#8221;17px&#8221; button_text_color=&#8221;#b80f0a&#8221; button_bg_color=&#8221;RGBA(255,255,255,0)&#8221; button_border_color=&#8221;#b80f0a&#8221; button_use_icon=&#8221;off&#8221; custom_margin=&#8221;0px||0px||false|false&#8221; custom_padding=&#8221;0px||||false|false&#8221; global_colors_info=&#8221;{}&#8221;][\/et_pb_button][\/et_pb_column][\/et_pb_row][et_pb_row _builder_version=&#8221;4.16&#8243; _module_preset=&#8221;default&#8221; global_colors_info=&#8221;{}&#8221;][et_pb_column type=&#8221;4_4&#8243; _builder_version=&#8221;4.16&#8243; _module_preset=&#8221;default&#8221; global_colors_info=&#8221;{}&#8221;][et_pb_text _builder_version=&#8221;4.16&#8243; _module_preset=&#8221;default&#8221; global_colors_info=&#8221;{}&#8221;][\/et_pb_text][\/et_pb_column][\/et_pb_row][et_pb_row disabled_on=&#8221;on|on|on&#8221; _builder_version=&#8221;4.18.1&#8243; _module_preset=&#8221;default&#8221; disabled=&#8221;on&#8221; global_colors_info=&#8221;{}&#8221;][et_pb_column type=&#8221;4_4&#8243; _builder_version=&#8221;4.16&#8243; _module_preset=&#8221;default&#8221; global_colors_info=&#8221;{}&#8221;][et_pb_text _builder_version=&#8221;4.16&#8243; _module_preset=&#8221;default&#8221; global_colors_info=&#8221;{}&#8221;]<\/p>\n<h2>Catalogue Acad\u00e9mique<\/h2>\n<p>[\/et_pb_text][\/et_pb_column][\/et_pb_row][et_pb_row disabled_on=&#8221;on|on|on&#8221; _builder_version=&#8221;4.18.1&#8243; _module_preset=&#8221;default&#8221; disabled=&#8221;on&#8221; global_colors_info=&#8221;{}&#8221;][et_pb_column type=&#8221;4_4&#8243; _builder_version=&#8221;4.16&#8243; _module_preset=&#8221;default&#8221; global_colors_info=&#8221;{}&#8221;][et_pb_text _builder_version=&#8221;4.16&#8243; _module_preset=&#8221;default&#8221; global_colors_info=&#8221;{}&#8221;]<\/p>\n<p>Le catalogue acad\u00e9mique est publi\u00e9 chaque ann\u00e9e. Il est disponible pour les \u00e9tudiants potentiels ainsi que pour celles et ceux d\u00e9j\u00e0 inscrits. Il fournit des informations d\u00e9taill\u00e9es sur les formations, une description compl\u00e8te de chaque cours, les modalit\u00e9s d'inscriptions, ainsi que les frais de scolarit\u00e9.<\/p>\n<p>Catalogue Acad\u00e9mique 2022 (disponible prochainement)<\/p>\n<p>[\/et_pb_text][\/et_pb_column][\/et_pb_row][\/et_pb_section]<\/p>","protected":false},"excerpt":{"rendered":"<p>Degree ProgramsFTBM uses the Credit Units system. Please click here to learn more about this system.60 credit hours The Associate degree provides a basic yet solid theological training for equipping anyone who is considering any type of ministry within the church (pastoral, women, youth\/children, missions, etc.). Upon completion of this degree, a student will have [&hellip;]<\/p>","protected":false},"author":2,"featured_media":0,"parent":0,"menu_order":0,"comment_status":"closed","ping_status":"closed","template":"","meta":{"_et_pb_use_builder":"on","_et_pb_old_content":"","_et_gb_content_width":"","footnotes":""},"class_list":["post-393","page","type-page","status-publish","hentry"],"_links":{"self":[{"href":"https:\/\/ftbm.mg\/fr\/wp-json\/wp\/v2\/pages\/393","targetHints":{"allow":["GET"]}}],"collection":[{"href":"https:\/\/ftbm.mg\/fr\/wp-json\/wp\/v2\/pages"}],"about":[{"href":"https:\/\/ftbm.mg\/fr\/wp-json\/wp\/v2\/types\/page"}],"author":[{"embeddable":true,"href":"https:\/\/ftbm.mg\/fr\/wp-json\/wp\/v2\/users\/2"}],"replies":[{"embeddable":true,"href":"https:\/\/ftbm.mg\/fr\/wp-json\/wp\/v2\/comments?post=393"}],"version-history":[{"count":0,"href":"https:\/\/ftbm.mg\/fr\/wp-json\/wp\/v2\/pages\/393\/revisions"}],"wp:attachment":[{"href":"https:\/\/ftbm.mg\/fr\/wp-json\/wp\/v2\/media?parent=393"}],"curies":[{"name":"wp","href":"https:\/\/api.w.org\/{rel}","templated":true}]}}