{"id":3810,"date":"2023-07-19T04:36:37","date_gmt":"2023-07-19T04:36:37","guid":{"rendered":"https:\/\/ftbm.mg\/?page_id=3810"},"modified":"2024-07-02T04:27:22","modified_gmt":"2024-07-02T04:27:22","slug":"course-expectations","status":"publish","type":"page","link":"https:\/\/ftbm.mg\/fr\/course-expectations\/","title":{"rendered":"\u00c0 Quoi S'attendre Pour Un Cours"},"content":{"rendered":"<p>[et_pb_section fb_built=&#8221;1&#8243; admin_label=&#8221;Footer&#8221; _builder_version=&#8221;4.18.1&#8243; background_enable_color=&#8221;off&#8221; background_color_gradient_start=&#8221;rgba(0,0,0,0)&#8221; background_color_gradient_end=&#8221;#295186&#8243; background_image=&#8221;https:\/\/ftbm.mg\/wp-content\/uploads\/2023\/07\/aaron-burden-QJDzYT_K8Xg-unsplash-scaled.jpg&#8221; background_blend=&#8221;multiply&#8221; max_width=&#8221;100%&#8221; module_alignment=&#8221;center&#8221; custom_margin=&#8221;||2.8%|||&#8221; custom_padding=&#8221;103px|0px|103px|0px|true|false&#8221; animation_style=&#8221;slide&#8221; animation_direction=&#8221;bottom&#8221; animation_intensity_slide=&#8221;2%&#8221; box_shadow_style=&#8221;preset1&#8243; box_shadow_vertical=&#8221;-10px&#8221; box_shadow_blur=&#8221;60px&#8221; global_colors_info=&#8221;{}&#8221;][et_pb_row _builder_version=&#8221;4.16&#8243; _module_preset=&#8221;default&#8221; module_alignment=&#8221;center&#8221; custom_margin=&#8221;|auto||14px||&#8221; custom_padding=&#8221;|||0px||&#8221; global_colors_info=&#8221;{}&#8221;][et_pb_column type=&#8221;4_4&#8243; _builder_version=&#8221;4.16&#8243; _module_preset=&#8221;default&#8221; global_colors_info=&#8221;{}&#8221;][et_pb_text _builder_version=&#8221;4.18.1&#8243; _module_preset=&#8221;default&#8221; text_text_color=&#8221;#ffffff&#8221; text_font_size=&#8221;60px&#8221; header_text_align=&#8221;center&#8221; header_font_size=&#8221;60px&#8221; custom_margin=&#8221;|-44px||4px|false|false&#8221; custom_margin_tablet=&#8221;-15px||||false|false&#8221; custom_margin_phone=&#8221;-15px|-44px||4px|false|false&#8221; custom_margin_last_edited=&#8221;on|tablet&#8221; custom_padding=&#8221;0px|0px||||&#8221; header_font_size_tablet=&#8221;50px&#8221; header_font_size_phone=&#8221;40px&#8221; header_font_size_last_edited=&#8221;on|phone&#8221; global_colors_info=&#8221;{}&#8221;]<\/p>\n<h1><span style=\"color: #ffffff;\">\u00c0 Quoi S'attendre Pour Un Cours<\/span><\/h1>\n<p>[\/et_pb_text][\/et_pb_column][\/et_pb_row][\/et_pb_section][et_pb_section fb_built=&#8221;1&#8243; _builder_version=&#8221;4.16&#8243; _module_preset=&#8221;default&#8221; custom_margin=&#8221;-32px|||||&#8221; custom_padding=&#8221;||31px|||&#8221; global_colors_info=&#8221;{}&#8221;][et_pb_row _builder_version=&#8221;4.16&#8243; _module_preset=&#8221;default&#8221; global_colors_info=&#8221;{}&#8221;][et_pb_column type=&#8221;4_4&#8243; _builder_version=&#8221;4.16&#8243; _module_preset=&#8221;default&#8221; global_colors_info=&#8221;{}&#8221;][et_pb_text ul_type=&#8221;square&#8221; _builder_version=&#8221;4.18.1&#8243; _module_preset=&#8221;default&#8221; global_colors_info=&#8221;{}&#8221;]<\/p>\n<h4><strong>Ce qui attend chaque \u00e9tudiant(e)<\/strong><\/h4>\n<p style=\"text-align: left;\"><span>Nos cours en ligne sont con\u00e7us afin d'aider l'\u00e9tudiant(e) \u00e0 r\u00e9fl\u00e9chir de mani\u00e8re biblique et \u00e0 mettre en pratique ce qu'il\/elle aura appris.\u00a0<\/span>\u00a0<br \/><span><\/span><\/p>\n<p>[\/et_pb_text][et_pb_text ul_type=&#8221;square&#8221; content_tablet=&#8221;<\/p>\n<h4><\/h4>\n<table border=\"%220%22\" style=\"%22width:\" 100%; border-collapse: collapse; border-style: hidden; rules: none;%22>\n<tbody>\n<tr>\n<td style=\"%22width:\" 15%;%22>\n<p><img src=\"%22https:\/\/ftbm.mg\/wp-content\/uploads\/2023\/01\/Calendar.jpg%22\" width=\"%2285%22\" height=\"%2272%22\" alt=\"%22%22\" class=\"%22wp-image-3814\" alignnone size-full%22 \/><\/p>\n<\/p>\n<\/td>\n<td style=\"%22width:\" 35%;%22>\n<p><strong>Dur\u00e9e des Cours<\/strong><\/p>\n<p><span>Chaque cours est enseign\u00e9 durant un semestre - soit 15 semaines \u00e0 la FTBM.<\/span><\/p>\n<p><span><\/span><\/p>\n<p><span><\/span><\/p>\n<p><span><\/span><\/p>\n<p><span><\/span><\/p>\n<p><span><\/span><\/p>\n<\/td>\n<td style=\"%22width:\" 13%;%22>\n<p><img src=\"%22https:\/\/ftbm.mg\/wp-content\/uploads\/2023\/01\/Time-commitment.jpg%22\" width=\"%2263%22\" height=\"%2252%22\" alt=\"%22%22\" class=\"%22wp-image-3819\" alignnone size-full%22 \/><\/p>\n<\/p>\n<\/td>\n<td style=\"%22width:\" 35%;%22>\n<p><strong>Charge de Travail<\/strong><\/p>\n<ul>\n<li>1 cours de 0 ou 1 cr\u00e9dit : 3 heures\/semaine<\/li>\n<li>1 cours de 2 cr\u00e9dits : 6 heures\/semaine<\/li>\n<li>1 cours de 3 cr\u00e9dits : 9 heures\/semaine<\/li>\n<li>1 cours de 4 cr\u00e9dits : 12 heures\/semaine<\/li>\n<\/ul>\n<\/td>\n<\/tr>\n<\/tbody>\n<\/table>\n<p>&#8221; content_phone=&#8221;<\/p>\n<h4><\/h4>\n<table border=\"%220%22\" style=\"%22width:\" 100%; border-collapse: collapse; border-style: hidden; rules: none;%22>\n<tbody>\n<tr>\n<td style=\"%22width:\" 35%;%22><img src=\"%22https:\/\/ftbm.mg\/wp-content\/uploads\/2023\/01\/Calendar.jpg%22\" width=\"%2285%22\" height=\"%2272%22\" alt=\"%22%22\" class=\"%22wp-image-3814\" alignnone size-full%22 \/><strong><br \/><\/strong><\/td>\n<td style=\"%22width:\" 35%;%22><img src=\"%22https:\/\/ftbm.mg\/wp-content\/uploads\/2023\/01\/Time-commitment.jpg%22\" width=\"%2289%22\" height=\"%2274%22\" alt=\"%22%22\" class=\"%22wp-image-3819\" alignnone size-full%22 \/><strong><br \/><\/strong><\/td>\n<\/tr>\n<tr>\n<td style=\"%22width:\" 35%;%22>\n<p style=\"%22text-align:\" center;%22><strong>Dur\u00e9e des Cours<\/strong><\/p>\n<p><span>Chaque cours est enseign\u00e9 durant un semestre - soit 15 semaines \u00e0 la FTBM.<\/span><\/p>\n<p><span><\/span><\/p>\n<p><span><\/span><\/p>\n<p><span><\/span><\/p>\n<p><span><\/span><\/p>\n<p><span><\/span><\/p>\n<p><span><\/span><\/p>\n<p><span><\/span><\/p>\n<p><span><\/span><\/p>\n<p><span><\/span><\/p>\n<p><span><\/span><\/p>\n<\/td>\n<td style=\"%22width:\" 35%;%22>\n<p style=\"%22text-align:\" center;%22><strong>Charge de Travail<\/strong><\/p>\n<ul>\n<li>1 cours de 0 ou 1 cr\u00e9dit : 3 heures\/semaine<\/li>\n<li>1 cours de 2 cr\u00e9dits : 6 heures\/semaine<\/li>\n<li>1 cours de 3 cr\u00e9dits : 9 heures\/semaine<\/li>\n<li>1 cours de 4 cr\u00e9dits : 12 heures\/semaine<\/li>\n<\/ul>\n<\/td>\n<\/tr>\n<\/tbody>\n<\/table>\n<p>&#8221; content_last_edited=&#8221;on|phone&#8221; _builder_version=&#8221;4.18.1&#8243; _module_preset=&#8221;default&#8221; custom_padding=&#8221;|0px||||&#8221; global_colors_info=&#8221;{}&#8221;]<\/p>\n<h4><\/h4>\n<table border=\"0\" style=\"width: 100%; border-collapse: collapse; border-style: hidden; rules: none;\">\n<tbody>\n<tr>\n<td style=\"width: 15%;\">\n<p><img loading=\"lazy\" decoding=\"async\" src=\"https:\/\/ftbm.mg\/wp-content\/uploads\/2023\/01\/Calendar.jpg\" width=\"85\" height=\"72\" alt=\"\" class=\"wp-image-3814 alignnone size-full\" srcset=\"https:\/\/ftbm.mg\/wp-content\/uploads\/2023\/01\/Calendar.jpg 105w, https:\/\/ftbm.mg\/wp-content\/uploads\/2023\/01\/Calendar-14x12.jpg 14w\" sizes=\"(max-width: 85px) 100vw, 85px\" \/><\/p>\n<p>&nbsp;<\/p>\n<\/td>\n<td style=\"width: 35%;\">\n<p><strong>Dur\u00e9e des Cours<\/strong><\/p>\n<p><span>Chaque cours est enseign\u00e9 durant un semestre - soit 15 semaines \u00e0 la FTBM.<\/span><\/p>\n<p><span><\/span><\/p>\n<p><span><\/span><\/p>\n<p><span><\/span><\/p>\n<p><span><\/span><\/p>\n<p><span><\/span><\/p>\n<\/td>\n<td style=\"width: 13%;\">\n<p><img loading=\"lazy\" decoding=\"async\" src=\"https:\/\/ftbm.mg\/wp-content\/uploads\/2023\/01\/Time-commitment.jpg\" width=\"106\" height=\"88\" alt=\"\" class=\"wp-image-3819 alignnone size-full\" srcset=\"https:\/\/ftbm.mg\/wp-content\/uploads\/2023\/01\/Time-commitment.jpg 106w, https:\/\/ftbm.mg\/wp-content\/uploads\/2023\/01\/Time-commitment-14x12.jpg 14w\" sizes=\"(max-width: 106px) 100vw, 106px\" \/><\/p>\n<p>&nbsp;<\/p>\n<\/td>\n<td style=\"width: 35%;\">\n<p><strong>Charge de Travail<\/strong><\/p>\n<ul>\n<li>1 cours de 0 ou 1 cr\u00e9dit : 3 heures\/semaine<\/li>\n<li>1 cours de 2 cr\u00e9dits : 6 heures\/semaine<\/li>\n<li>1 cours de 3 cr\u00e9dits : 9 heures\/semaine<\/li>\n<li>1 cours de 4 cr\u00e9dits : 12 heures\/semaine<\/li>\n<\/ul>\n<\/td>\n<\/tr>\n<\/tbody>\n<\/table>\n<p>&nbsp;<\/p>\n<p>[\/et_pb_text][\/et_pb_column][\/et_pb_row][et_pb_row _builder_version=&#8221;4.18.1&#8243; _module_preset=&#8221;default&#8221; global_colors_info=&#8221;{}&#8221;][et_pb_column type=&#8221;4_4&#8243; _builder_version=&#8221;4.18.1&#8243; _module_preset=&#8221;default&#8221; global_colors_info=&#8221;{}&#8221;][et_pb_text _builder_version=&#8221;4.18.1&#8243; _module_preset=&#8221;default&#8221; global_colors_info=&#8221;{}&#8221;]<\/p>\n<p>Les travaux incluent :<\/p>\n<p>[\/et_pb_text][\/et_pb_column][\/et_pb_row][et_pb_row column_structure=&#8221;1_2,1_2&#8243; _builder_version=&#8221;4.18.1&#8243; _module_preset=&#8221;default&#8221; global_colors_info=&#8221;{}&#8221;][et_pb_column type=&#8221;1_2&#8243; _builder_version=&#8221;4.18.1&#8243; _module_preset=&#8221;default&#8221; global_colors_info=&#8221;{}&#8221;][et_pb_image src=&#8221;https:\/\/ftbm.mg\/wp-content\/uploads\/2023\/01\/Lecture.jpg&#8221; title_text=&#8221;Lecture&#8221; align=&#8221;center&#8221; _builder_version=&#8221;4.18.1&#8243; _module_preset=&#8221;default&#8221; global_colors_info=&#8221;{}&#8221;][\/et_pb_image][et_pb_text _builder_version=&#8221;4.18.1&#8243; _module_preset=&#8221;default&#8221; custom_margin=&#8221;||65px|||&#8221; global_colors_info=&#8221;{}&#8221;]<\/p>\n<p style=\"text-align: center;\"><strong>Cours<\/strong><\/p>\n<p><span>Chaque semaine, l'\u00e9tudiant(e) visionnera le cours en ligne. La longueur de la vid\u00e9o d\u00e9pend du nombre de cr\u00e9dits du cours.<\/span><\/p>\n<p>[\/et_pb_text][et_pb_image src=&#8221;https:\/\/ftbm.mg\/wp-content\/uploads\/2023\/01\/Homeworks.jpg&#8221; title_text=&#8221;Homeworks&#8221; align=&#8221;center&#8221; _builder_version=&#8221;4.18.1&#8243; _module_preset=&#8221;default&#8221; global_colors_info=&#8221;{}&#8221;][\/et_pb_image][et_pb_text _builder_version=&#8221;4.18.1&#8243; _module_preset=&#8221;default&#8221; global_colors_info=&#8221;{}&#8221;]<\/p>\n<p style=\"text-align: center;\"><strong>Devoirs<\/strong><\/p>\n<p>Voici quelques exemples de devoirs \u00e0 produire :<\/p>\n<ul>\n<li>Recension<\/li>\n<li>Texte de r\u00e9flexion personnelle<\/li>\n<li>R\u00e9sum\u00e9 de lecture<\/li>\n<li>Dissertation<\/li>\n<li>Quizz hebdomadaire<\/li>\n<li>Examen<\/li>\n<li>Etc.<\/li>\n<\/ul>\n<p>[\/et_pb_text][\/et_pb_column][et_pb_column type=&#8221;1_2&#8243; _builder_version=&#8221;4.18.1&#8243; _module_preset=&#8221;default&#8221; global_colors_info=&#8221;{}&#8221;][et_pb_image src=&#8221;https:\/\/ftbm.mg\/wp-content\/uploads\/2023\/01\/Readings.jpg&#8221; title_text=&#8221;Readings&#8221; align=&#8221;center&#8221; _builder_version=&#8221;4.18.1&#8243; _module_preset=&#8221;default&#8221; width=&#8221;100%&#8221; global_colors_info=&#8221;{}&#8221;][\/et_pb_image][et_pb_text _builder_version=&#8221;4.18.1&#8243; _module_preset=&#8221;default&#8221; custom_margin=&#8221;||59px|||&#8221; global_colors_info=&#8221;{}&#8221;]<\/p>\n<p style=\"text-align: center;\"><strong>Lectures<\/strong><\/p>\n<p><span>Chaque cours requiert un certain nombre de livres \u00e0 lire afin d'approfondir le sujet d'\u00e9tude.<\/span><\/p>\n<p>[\/et_pb_text][et_pb_image src=&#8221;https:\/\/ftbm.mg\/wp-content\/uploads\/2023\/11\/Zoom-150&#215;150.png&#8221; title_text=&#8221;Zoom&#8221; align=&#8221;center&#8221; _builder_version=&#8221;4.18.1&#8243; _module_preset=&#8221;default&#8221; custom_margin=&#8221;||-4px|||&#8221; global_colors_info=&#8221;{}&#8221;][\/et_pb_image][et_pb_text _builder_version=&#8221;4.18.1&#8243; _module_preset=&#8221;default&#8221; custom_margin=&#8221;5px|||||&#8221; global_colors_info=&#8221;{}&#8221;]<\/p>\n<p style=\"text-align: center;\"><strong>R\u00e9unions Zoom<\/strong><\/p>\n<p>L'enseignant peut mettre en place des r\u00e9unions Zoom afin de<span> donner aux \u00e9tudiants l'opportunit\u00e9 de poser des questions en direct et revoir des parties du cours ensemble.<\/span><\/p>\n<p>[\/et_pb_text][\/et_pb_column][\/et_pb_row][et_pb_row _builder_version=&#8221;4.25.2&#8243; _module_preset=&#8221;default&#8221; column_structure=&#8221;1_3,1_3,1_3&#8243;][et_pb_column _builder_version=&#8221;4.25.2&#8243; _module_preset=&#8221;default&#8221; type=&#8221;1_3&#8243;][\/et_pb_column][et_pb_column _builder_version=&#8221;4.25.2&#8243; _module_preset=&#8221;default&#8221; type=&#8221;1_3&#8243;][et_pb_button button_text=&#8221;Apply Now&#8221; _builder_version=&#8221;4.25.2&#8243; _module_preset=&#8221;default&#8221; button_url=&#8221;https:\/\/ftbm.mg\/fr\/admissions\/&#8221; button_alignment=&#8221;center&#8221; hover_enabled=&#8221;0&#8243; sticky_enabled=&#8221;0&#8243;][\/et_pb_button][\/et_pb_column][et_pb_column _builder_version=&#8221;4.25.2&#8243; _module_preset=&#8221;default&#8221; type=&#8221;1_3&#8243;][\/et_pb_column][\/et_pb_row][\/et_pb_section]<\/p>","protected":false},"excerpt":{"rendered":"<p>Course ExpectationsWhat to Expect Our online courses are carefully designed to challenge you to think biblically and to begin applying what you are learning in real-life situations.\u00a0\u00a0 &nbsp; Course Length Courses run for 15 weeks in a semester. &nbsp; Workload 1 course of 0 or 1 credit: 3 hours\/week 1 course of 2 credits: 6 [&hellip;]<\/p>","protected":false},"author":3,"featured_media":0,"parent":0,"menu_order":0,"comment_status":"closed","ping_status":"closed","template":"","meta":{"_et_pb_use_builder":"on","_et_pb_old_content":"","_et_gb_content_width":"","footnotes":""},"class_list":["post-3810","page","type-page","status-publish","hentry"],"_links":{"self":[{"href":"https:\/\/ftbm.mg\/fr\/wp-json\/wp\/v2\/pages\/3810","targetHints":{"allow":["GET"]}}],"collection":[{"href":"https:\/\/ftbm.mg\/fr\/wp-json\/wp\/v2\/pages"}],"about":[{"href":"https:\/\/ftbm.mg\/fr\/wp-json\/wp\/v2\/types\/page"}],"author":[{"embeddable":true,"href":"https:\/\/ftbm.mg\/fr\/wp-json\/wp\/v2\/users\/3"}],"replies":[{"embeddable":true,"href":"https:\/\/ftbm.mg\/fr\/wp-json\/wp\/v2\/comments?post=3810"}],"version-history":[{"count":0,"href":"https:\/\/ftbm.mg\/fr\/wp-json\/wp\/v2\/pages\/3810\/revisions"}],"wp:attachment":[{"href":"https:\/\/ftbm.mg\/fr\/wp-json\/wp\/v2\/media?parent=3810"}],"curies":[{"name":"wp","href":"https:\/\/api.w.org\/{rel}","templated":true}]}}