{"id":3799,"date":"2023-01-25T17:49:24","date_gmt":"2023-01-25T17:49:24","guid":{"rendered":"https:\/\/ftbm.mg\/?page_id=3799"},"modified":"2025-07-24T16:48:30","modified_gmt":"2025-07-24T16:48:30","slug":"credit-system","status":"publish","type":"page","link":"https:\/\/ftbm.mg\/fr\/credit-system\/","title":{"rendered":"Syst\u00e8me De Cr\u00e9dits"},"content":{"rendered":"<p>[et_pb_section fb_built=&#8221;1&#8243; fullwidth=&#8221;on&#8221; admin_label=&#8221;Header&#8221; _builder_version=&#8221;4.16&#8243; background_image=&#8221;https:\/\/ftbm.mg\/wp-content\/uploads\/2022\/03\/FTBM_Academics_Banner-scaled.jpg&#8221; max_height=&#8221;70vh&#8221; global_colors_info=&#8221;{}&#8221;][et_pb_fullwidth_header title=&#8221;Credit System&#8221; text_orientation=&#8221;center&#8221; button_one_url=&#8221;https:\/\/ftbm.mg\/admissions\/&#8221; _builder_version=&#8221;4.16&#8243; title_font=&#8221;Didact Gothic||||||||&#8221; title_font_size=&#8221;60px&#8221; title_line_height=&#8221;3em&#8221; content_font=&#8221;||||||||&#8221; subhead_font=&#8221;Didact Gothic||||||||&#8221; subhead_font_size=&#8221;20px&#8221; subhead_line_height=&#8221;1.8em&#8221; background_color=&#8221;rgba(0,0,0,0)&#8221; background_color_gradient_start=&#8221;rgba(140,163,209,0.48)&#8221; background_color_gradient_end=&#8221;#295186&#8243; custom_button_one=&#8221;on&#8221; button_one_text_size=&#8221;16px&#8221; button_one_text_color=&#8221;#ffffff&#8221; button_one_bg_color=&#8221;#b80f0a&#8221; button_one_border_width=&#8221;8px&#8221; button_one_border_color=&#8221;rgba(0,0,0,0)&#8221; button_one_border_radius=&#8221;0px&#8221; button_one_letter_spacing=&#8221;3px&#8221; button_one_font=&#8221;Didact Gothic|700|||||||&#8221; button_one_icon=&#8221;&#x45;||divi||400&#8243; custom_button_two=&#8221;on&#8221; button_two_text_size=&#8221;16px&#8221; button_two_text_color=&#8221;#34587c&#8221; button_two_bg_color=&#8221;#ffffff&#8221; button_two_border_width=&#8221;8px&#8221; button_two_border_color=&#8221;rgba(0,0,0,0)&#8221; button_two_border_radius=&#8221;0px&#8221; button_two_letter_spacing=&#8221;3px&#8221; button_two_font=&#8221;Didact Gothic|700||on|||||&#8221; button_two_use_icon=&#8221;off&#8221; custom_margin=&#8221;||-11px|||&#8221; custom_padding=&#8221;0vw||22vw|||&#8221; custom_padding_tablet=&#8221;&#8221; custom_padding_phone=&#8221;||80px&#8221; custom_padding_last_edited=&#8221;on|phone&#8221; animation_style=&#8221;fade&#8221; animation_starting_opacity=&#8221;45%&#8221; title_font_size_tablet=&#8221;40px&#8221; title_font_size_phone=&#8221;30px&#8221; title_font_size_last_edited=&#8221;on|phone&#8221; subhead_font_size_tablet=&#8221;&#8221; subhead_font_size_phone=&#8221;18px&#8221; subhead_font_size_last_edited=&#8221;on|phone&#8221; global_colors_info=&#8221;{}&#8221;][\/et_pb_fullwidth_header][\/et_pb_section][et_pb_section fb_built=&#8221;1&#8243; fullwidth=&#8221;on&#8221; _builder_version=&#8221;4.16&#8243; _module_preset=&#8221;default&#8221; background_color=&#8221;#f4f4ef&#8221; custom_margin=&#8221;19px|||||&#8221; global_colors_info=&#8221;{}&#8221;][et_pb_fullwidth_header title=&#8221;Be Equipped And Be Ready&#8221; subhead=&#8221;A safe environment to engage in rigorous yet accessible theological training. The training you will receive does not only equip you for ministry, but it will also train you to keep equipping yourself, no matter where you are in your spiritual journey.&#8221; text_orientation=&#8221;center&#8221; button_one_text=&#8221;Apply Now&#8221; button_one_url=&#8221;https:\/\/ftbm.mg\/apply\/&#8221; _builder_version=&#8221;4.16&#8243; _module_preset=&#8221;default&#8221; title_text_align=&#8221;center&#8221; title_text_color=&#8221;#000000&#8243; subhead_text_align=&#8221;center&#8221; subhead_text_color=&#8221;#000000&#8243; background_color=&#8221;#f4f4ef&#8221; custom_button_one=&#8221;on&#8221; button_one_text_size=&#8221;17px&#8221; button_one_text_color=&#8221;#b80f0a&#8221; button_one_bg_color=&#8221;RGBA(255,255,255,0)&#8221; button_one_border_color=&#8221;#b80f0a&#8221; button_one_use_icon=&#8221;off&#8221; min_height=&#8221;283.1px&#8221; custom_margin=&#8221;-22px||2px||false|false&#8221; custom_padding=&#8221;4px||9px||false|false&#8221; custom_css_main_element=&#8221;text-align&#8221; global_colors_info=&#8221;{}&#8221;][\/et_pb_fullwidth_header][\/et_pb_section][et_pb_section fb_built=&#8221;1&#8243; _builder_version=&#8221;4.16&#8243; _module_preset=&#8221;default&#8221; min_height=&#8221;1887.4px&#8221; custom_margin=&#8221;||-221px|||&#8221; custom_padding=&#8221;|0px|0px|||&#8221; global_colors_info=&#8221;{}&#8221;][et_pb_row _builder_version=&#8221;4.16&#8243; _module_preset=&#8221;default&#8221; global_colors_info=&#8221;{}&#8221;][et_pb_column type=&#8221;4_4&#8243; _builder_version=&#8221;4.16&#8243; _module_preset=&#8221;default&#8221; global_colors_info=&#8221;{}&#8221;][et_pb_text _builder_version=&#8221;4.16&#8243; _module_preset=&#8221;default&#8221; min_height=&#8221;32px&#8221; global_colors_info=&#8221;{}&#8221;]<\/p>\n<h1>Bachelor-Master-Doctorate (BMD)<\/h1>\n<p>[\/et_pb_text][\/et_pb_column][\/et_pb_row][et_pb_row _builder_version=&#8221;4.16&#8243; _module_preset=&#8221;default&#8221; custom_margin=&#8221;-40px|auto||auto||&#8221; global_colors_info=&#8221;{}&#8221;][et_pb_column type=&#8221;4_4&#8243; _builder_version=&#8221;4.16&#8243; _module_preset=&#8221;default&#8221; global_colors_info=&#8221;{}&#8221;][et_pb_text _builder_version=&#8221;4.16&#8243; _module_preset=&#8221;default&#8221; custom_padding=&#8221;0px|||||&#8221; global_colors_info=&#8221;{}&#8221;]<\/p>\n<p>La FTBM applique le syst\u00e8me nord-am\u00e9ricain BMD (\u00e9quivalent du syst\u00e8me LMD).<\/p>\n<p>Ce syst\u00e8me divise l\u2019ann\u00e9e en deux semestres : le premier semestre d\u2019ao\u00fbt \u00e0 d\u00e9cembre et le deuxi\u00e8me semestre de janvier \u00e0 mai. Chaque semestre comprend 15 semaines.<\/p>\n<p>[\/et_pb_text][\/et_pb_column][\/et_pb_row][et_pb_row _builder_version=&#8221;4.16&#8243; _module_preset=&#8221;default&#8221; global_colors_info=&#8221;{}&#8221;][et_pb_column type=&#8221;4_4&#8243; _builder_version=&#8221;4.16&#8243; _module_preset=&#8221;default&#8221; global_colors_info=&#8221;{}&#8221;][et_pb_text _builder_version=&#8221;4.16&#8243; _module_preset=&#8221;default&#8221; global_colors_info=&#8221;{}&#8221;]<\/p>\n<h1>Le Syst\u00e8me de Cr\u00e9dits<\/h1>\n<p>[\/et_pb_text][\/et_pb_column][\/et_pb_row][et_pb_row _builder_version=&#8221;4.16&#8243; _module_preset=&#8221;default&#8221; custom_margin=&#8221;-30px|auto||auto||&#8221; global_colors_info=&#8221;{}&#8221;][et_pb_column type=&#8221;4_4&#8243; _builder_version=&#8221;4.16&#8243; _module_preset=&#8221;default&#8221; global_colors_info=&#8221;{}&#8221;][et_pb_text ul_type=&#8221;square&#8221; _builder_version=&#8221;4.16&#8243; _module_preset=&#8221;default&#8221; custom_margin=&#8221;-12px|||||&#8221; global_colors_info=&#8221;{}&#8221;]<\/p>\n<p>La FTBM suit le <strong>syst\u00e8me universitaire nord-am\u00e9ricain, \u00e0 savoir le syst\u00e8me de cr\u00e9dits<\/strong>. Un cr\u00e9dit est l\u2019unit\u00e9 pour mesurer le volume de travail \u00e0 fournir pour un cours et pour un semestre.<\/p>\n<p>Ce volume de travail inclus les heures de cours ainsi que les heures de travaux personnels (devoirs, dissertation, projet, examen, etc.). \nLe tableau ci-dessous est un r\u00e9capitulatif de la charge de travail attendue pour un cours en fonction de son poids en cr\u00e9dit.<\/p>\n<table width=\"1149\" height=\"218\" style=\"width: 86.9985%;\">\n<tbody>\n<tr>\n<td width=\"173\">Heure(s) de Cr\u00e9dit<br \/>(HC)<\/td>\n<td width=\"173\">Cours<br \/>(Heures\/Semaine)<\/td>\n<td width=\"173\">Travaux personnels<br \/>(Heures\/Semaine)<\/td>\n<td width=\"173\">Volume Total de travail<br \/>(Heures\/Semaine)<\/td>\n<\/tr>\n<tr>\n<td width=\"173\">1<\/td>\n<td width=\"173\">1.1<\/td>\n<td width=\"173\">2.2<\/td>\n<td width=\"173\">3.3<\/td>\n<\/tr>\n<tr>\n<td width=\"173\">2<\/td>\n<td width=\"173\">2.2<\/td>\n<td width=\"173\">4.4<\/td>\n<td width=\"173\">6.6<\/td>\n<\/tr>\n<tr>\n<td width=\"173\">3<\/td>\n<td width=\"173\">3.3<\/td>\n<td width=\"173\">6.6<\/td>\n<td width=\"173\">9.9<\/td>\n<\/tr>\n<tr>\n<td width=\"173\">4<\/td>\n<td width=\"173\">4.4<\/td>\n<td width=\"173\">8.8<\/td>\n<td width=\"173\">13.2<\/td>\n<\/tr>\n<\/tbody>\n<\/table>\n<p>En se r\u00e9f\u00e9rant au tableau ci-dessus, si un cours p\u00e8se 3 cr\u00e9dits, l\u2019\u00e9tudiant(e) peut se pr\u00e9parer \u00e0 consacrer environ 9,9 heures de travail par semaine pour ce cours.<\/p>\n<p>La <a href=\"https:\/\/ftbm.mg\/fr\/course-descriptions\/\">description des cours<\/a> indique le nombre de cr\u00e9dits de chaque cours.<strong><\/strong><\/p>\n<p>[\/et_pb_text][\/et_pb_column][\/et_pb_row][et_pb_row _builder_version=&#8221;4.16&#8243; _module_preset=&#8221;default&#8221; global_colors_info=&#8221;{}&#8221;][et_pb_column type=&#8221;4_4&#8243; _builder_version=&#8221;4.16&#8243; _module_preset=&#8221;default&#8221; global_colors_info=&#8221;{}&#8221;][et_pb_text _builder_version=&#8221;4.16&#8243; _module_preset=&#8221;default&#8221; global_colors_info=&#8221;{}&#8221;]<\/p>\n<h1>Comment \u00e7a marche ?<\/h1>\n<p>[\/et_pb_text][\/et_pb_column][\/et_pb_row][et_pb_row _builder_version=&#8221;4.16&#8243; _module_preset=&#8221;default&#8221; custom_margin=&#8221;-16px|auto||auto||&#8221; custom_padding=&#8221;3px|||||&#8221; global_colors_info=&#8221;{}&#8221;][et_pb_column type=&#8221;4_4&#8243; _builder_version=&#8221;4.16&#8243; _module_preset=&#8221;default&#8221; global_colors_info=&#8221;{}&#8221;][et_pb_text ul_type=&#8221;square&#8221; _builder_version=&#8221;4.27.4&#8243; _module_preset=&#8221;default&#8221; hover_enabled=&#8221;0&#8243; global_colors_info=&#8221;{}&#8221; sticky_enabled=&#8221;0&#8243;]<\/p>\n<p>Il est recommand\u00e9 de consulter <a href=\"https:\/\/ftbm.mg\/fr\/degrees\/\">le catalogue acad\u00e9mique<\/a> qui d\u00e9taille chaque formation avec les cours obligatoires ainsi que les cours facultatifs.<\/p>\n<p>Chaque formation est compos\u00e9e d'une liste de cours obligatoires (avec le nombre de cr\u00e9dits associ\u00e9s) qu\u2019un(e) \u00e9tudiant(e) doit valider pour obtenir son dipl\u00f4me. \nLe programme de Bachelor offre en plus une liste de cours facultatifs que l'\u00e9tudiant(e) peut choisir en fonction de ses int\u00e9r\u00eats.<\/p>\n<p>Avant le d\u00e9but de chaque semestre, La FTBM publie la liste des cours disponibles pour le semestre prochain. L\u2019\u00e9tudiant(e) est appel\u00e9(e) \u00e0 s\u2019inscrire \u00e0 autant de cours qu\u2019il\/elle souhaite prendre pour le semestre. Si l\u2019\u00e9tudiant(e) valide ses cours \u00e0 la fin du semestre, il\/elle accumulera les cr\u00e9dits correspondants \u00e0 ces cours.<\/p>\n<ul>\n<li>Il faut accumuler au moins <strong>60 cr\u00e9dits<\/strong> pour obtenir le <strong>dipl\u00f4me d'Associate of Theology<\/strong>. Cela correspond \u00e0 24 cours.<\/li>\n<li>Il faut accumuler au moins <strong>120 cr\u00e9dits<\/strong> pour obtenir le <strong>le dipl\u00f4me de Bachelor of Theology<\/strong>. Cela correspond \u00e0 45 cours.<\/li>\n<\/ul>\n<p>Tous les cr\u00e9dits accumul\u00e9s par l'\u00e9tudiant(e) sont cumulatives. Ils peuvent \u00eatre transf\u00e9r\u00e9s vers un autre programme. Ainsi, un(e) \u00e9tudiant qui a d\u00e9j\u00e0 obtenu le dipl\u00f4me d'Associate of Theology aura seulement besoin de valider 61 cr\u00e9dits (120-59) pour obtenir le dipl\u00f4me de Bachelor of Theology.<\/p>\n<p>[\/et_pb_text][\/et_pb_column][\/et_pb_row][et_pb_row _builder_version=&#8221;4.16&#8243; _module_preset=&#8221;default&#8221; custom_margin=&#8221;9px|auto||auto||&#8221; global_colors_info=&#8221;{}&#8221;][et_pb_column type=&#8221;4_4&#8243; _builder_version=&#8221;4.16&#8243; _module_preset=&#8221;default&#8221; global_colors_info=&#8221;{}&#8221;][et_pb_text _builder_version=&#8221;4.16&#8243; _module_preset=&#8221;default&#8221; global_colors_info=&#8221;{}&#8221;]<\/p>\n<h1>Statut \u00e0 plein temps<\/h1>\n<p>[\/et_pb_text][\/et_pb_column][\/et_pb_row][et_pb_row _builder_version=&#8221;4.16&#8243; _module_preset=&#8221;default&#8221; min_height=&#8221;95.8px&#8221; custom_margin=&#8221;-24px|auto||auto||&#8221; global_colors_info=&#8221;{}&#8221;][et_pb_column type=&#8221;4_4&#8243; _builder_version=&#8221;4.16&#8243; _module_preset=&#8221;default&#8221; global_colors_info=&#8221;{}&#8221;][et_pb_text _builder_version=&#8221;4.16&#8243; _module_preset=&#8221;default&#8221; custom_margin=&#8221;-13px||66px|||&#8221; global_colors_info=&#8221;{}&#8221;]<\/p>\n<p>Un(e) \u00e9tudiant(e) qui prend au moins 10 heures de cr\u00e9dit dans un semestre est consid\u00e9r\u00e9(e) comme \u00e9tant \u00e0 temps plein durant ce semestre.<\/p>\n<p>[\/et_pb_text][et_pb_text _builder_version=&#8221;4.16&#8243; _module_preset=&#8221;default&#8221; custom_margin=&#8221;||11px|||&#8221; global_colors_info=&#8221;{}&#8221;]<\/p>\n<h1>Avantages<\/h1>\n<p>[\/et_pb_text][et_pb_text ul_type=&#8221;square&#8221; _builder_version=&#8221;4.16&#8243; _module_preset=&#8221;default&#8221; global_colors_info=&#8221;{}&#8221;]<\/p>\n<ul>\n<li>Le syst\u00e8me de cr\u00e9dit offre \u00e0 l'\u00e9tudiant(e) la <strong>flexibilit\u00e9<\/strong> de d\u00e9cider sur le nombre de cr\u00e9dits il\/elle souhaite prendre chaque semestre. Ainsi, l'\u00e9tudiant(e) est libre de d\u00e9crocher un dipl\u00f4me \u00e0 son rythme.<\/li>\n<li>Ce syst\u00e8me est enti\u00e8rement \u00e0 la carte. L'\u00e9tudiant(e) a donc la libert\u00e9 de s'inscrire \u00e0 quelques cours sans objectif de d\u00e9crocher un dipl\u00f4me. Les cr\u00e9dits qu'il\/elle aura accumul\u00e9s apr\u00e8s validation des cours qu'il\/elle aura pris seront toutefois toujours cr\u00e9dit\u00e9s dans son compte. Ainsi, si l'\u00e9tudiant(e) d\u00e9cide de d\u00e9crocher un dipl\u00f4me dans le futur, il\/elle aura des cr\u00e9dits accumul\u00e9s dans son compte.<\/li>\n<\/ul>\n<p>[\/et_pb_text][\/et_pb_column][\/et_pb_row][et_pb_row _builder_version=&#8221;4.18.1&#8243; _module_preset=&#8221;default&#8221; global_colors_info=&#8221;{}&#8221;][et_pb_column type=&#8221;4_4&#8243; _builder_version=&#8221;4.18.1&#8243; _module_preset=&#8221;default&#8221; global_colors_info=&#8221;{}&#8221;][et_pb_text _builder_version=&#8221;4.18.1&#8243; _module_preset=&#8221;default&#8221; custom_margin=&#8221;||9px|||&#8221; global_colors_info=&#8221;{}&#8221;]<\/p>\n<h1>\u00c0 Quoi S'attendre Pour Un Cours<\/h1>\n<p>[\/et_pb_text][et_pb_text _builder_version=&#8221;4.18.1&#8243; _module_preset=&#8221;default&#8221; global_colors_info=&#8221;{}&#8221;]<\/p>\n<p>Cliquer <a href=\"https:\/\/ftbm.mg\/fr\/course-expectations\/\">ici<\/a> pour voir en d\u00e9tail comment fonctionne un cours.<\/p>\n<p>[\/et_pb_text][\/et_pb_column][\/et_pb_row][et_pb_row column_structure=&#8221;1_3,1_3,1_3&#8243; module_id=&#8221;Programs&#8221; _builder_version=&#8221;4.16&#8243; _module_preset=&#8221;default&#8221; global_colors_info=&#8221;{}&#8221;][et_pb_column type=&#8221;1_3&#8243; _builder_version=&#8221;4.16&#8243; _module_preset=&#8221;default&#8221; global_colors_info=&#8221;{}&#8221;][et_pb_blurb title=&#8221;Degree Programs&#8221; url=&#8221;https:\/\/ftbm.mg\/fr\/degrees\/&#8221; image=&#8221;https:\/\/ftbm.mg\/wp-content\/uploads\/2022\/03\/SEM_7242-scaled.jpg&#8221; _builder_version=&#8221;4.18.1&#8243; _module_preset=&#8221;default&#8221; global_colors_info=&#8221;{}&#8221;][\/et_pb_blurb][\/et_pb_column][et_pb_column type=&#8221;1_3&#8243; _builder_version=&#8221;4.16&#8243; _module_preset=&#8221;default&#8221; global_colors_info=&#8221;{}&#8221;][et_pb_blurb title=&#8221;Non-Degree Programs&#8221; url=&#8221;https:\/\/ftbm.mg\/non-degree-program\/&#8221; image=&#8221;https:\/\/ftbm.mg\/wp-content\/uploads\/2022\/04\/AE1I0585AE1I0585-scaled.jpg&#8221; _builder_version=&#8221;4.16&#8243; _module_preset=&#8221;default&#8221; global_colors_info=&#8221;{}&#8221;][\/et_pb_blurb][\/et_pb_column][et_pb_column type=&#8221;1_3&#8243; _builder_version=&#8221;4.16&#8243; _module_preset=&#8221;default&#8221; global_colors_info=&#8221;{}&#8221;][et_pb_blurb title=&#8221;Auditing Courses&#8221; url=&#8221;https:\/\/ftbm.mg\/audit\/&#8221; image=&#8221;https:\/\/ftbm.mg\/wp-content\/uploads\/2022\/04\/SEM_7307-scaled.jpg&#8221; _builder_version=&#8221;4.16&#8243; _module_preset=&#8221;default&#8221; global_colors_info=&#8221;{}&#8221;][\/et_pb_blurb][\/et_pb_column][\/et_pb_row][\/et_pb_section]<\/p>","protected":false},"excerpt":{"rendered":"<p>Bachelor-Master-Doctorate (BMD)FTBM follows the North American Bachelor-Master-Doctorate system, shortened as BMD. The BMD system divides the academic year into two main semesters: First Semester (August\u2013December), Second Semester (January\u2013May). These two semesters each comprise 15 calendar weeks.Credit Hour\/Credit Units SystemThe BMD track at FTBM uses the credit hour system. Each course is worth a certain number [&hellip;]<\/p>","protected":false},"author":3,"featured_media":0,"parent":0,"menu_order":0,"comment_status":"closed","ping_status":"closed","template":"","meta":{"_et_pb_use_builder":"on","_et_pb_old_content":"","_et_gb_content_width":"","footnotes":""},"class_list":["post-3799","page","type-page","status-publish","hentry"],"_links":{"self":[{"href":"https:\/\/ftbm.mg\/fr\/wp-json\/wp\/v2\/pages\/3799","targetHints":{"allow":["GET"]}}],"collection":[{"href":"https:\/\/ftbm.mg\/fr\/wp-json\/wp\/v2\/pages"}],"about":[{"href":"https:\/\/ftbm.mg\/fr\/wp-json\/wp\/v2\/types\/page"}],"author":[{"embeddable":true,"href":"https:\/\/ftbm.mg\/fr\/wp-json\/wp\/v2\/users\/3"}],"replies":[{"embeddable":true,"href":"https:\/\/ftbm.mg\/fr\/wp-json\/wp\/v2\/comments?post=3799"}],"version-history":[{"count":0,"href":"https:\/\/ftbm.mg\/fr\/wp-json\/wp\/v2\/pages\/3799\/revisions"}],"wp:attachment":[{"href":"https:\/\/ftbm.mg\/fr\/wp-json\/wp\/v2\/media?parent=3799"}],"curies":[{"name":"wp","href":"https:\/\/api.w.org\/{rel}","templated":true}]}}