{"id":3700,"date":"2022-08-04T21:23:43","date_gmt":"2022-08-04T21:23:43","guid":{"rendered":"https:\/\/ftbm.mg\/?page_id=3700"},"modified":"2025-06-23T03:59:36","modified_gmt":"2025-06-23T03:59:36","slug":"academic-calendar","status":"publish","type":"page","link":"https:\/\/ftbm.mg\/fr\/academic-calendar\/","title":{"rendered":"Calendrier Acad\u00e9mique"},"content":{"rendered":"<p>[et_pb_section fb_built=&#8221;1&#8243; admin_label=&#8221;Footer&#8221; _builder_version=&#8221;4.16&#8243; background_enable_color=&#8221;off&#8221; background_color_gradient_start=&#8221;rgba(0,0,0,0)&#8221; background_color_gradient_end=&#8221;#295186&#8243; background_image=&#8221;https:\/\/ftbm.mg\/wp-content\/uploads\/2022\/08\/FTBM_Academic-Calendar.jpg&#8221; background_blend=&#8221;multiply&#8221; max_width=&#8221;100%&#8221; module_alignment=&#8221;center&#8221; custom_margin=&#8221;||1.4%|84px||&#8221; custom_padding=&#8221;94px|0px|94px|66px|true|false&#8221; animation_style=&#8221;slide&#8221; animation_direction=&#8221;bottom&#8221; animation_intensity_slide=&#8221;2%&#8221; box_shadow_style=&#8221;preset1&#8243; box_shadow_vertical=&#8221;-10px&#8221; box_shadow_blur=&#8221;60px&#8221; global_colors_info=&#8221;{}&#8221;][et_pb_row _builder_version=&#8221;4.16&#8243; _module_preset=&#8221;default&#8221; global_colors_info=&#8221;{}&#8221;][et_pb_column type=&#8221;4_4&#8243; _builder_version=&#8221;4.16&#8243; _module_preset=&#8221;default&#8221; global_colors_info=&#8221;{}&#8221;][et_pb_text _builder_version=&#8221;4.16&#8243; _module_preset=&#8221;default&#8221; text_text_color=&#8221;#ffffff&#8221; text_font_size=&#8221;60px&#8221; header_text_color=&#8221;#ffffff&#8221; header_font_size=&#8221;60px&#8221; text_orientation=&#8221;center&#8221; custom_margin=&#8221;0px|||-60px|false|false&#8221; custom_margin_tablet=&#8221;-15px||||false|false&#8221; custom_margin_phone=&#8221;-15px|||-60px|false|false&#8221; custom_margin_last_edited=&#8221;on|phone&#8221; custom_padding=&#8221;0px||40px||false|false&#8221; header_font_size_tablet=&#8221;50px&#8221; header_font_size_phone=&#8221;40px&#8221; header_font_size_last_edited=&#8221;on|phone&#8221; global_colors_info=&#8221;{}&#8221;]<\/p>\n<h1>Calendrier Acad\u00e9mique<\/h1>\n<p>[\/et_pb_text][\/et_pb_column][\/et_pb_row][\/et_pb_section][et_pb_section fb_built=&#8221;1&#8243; _builder_version=&#8221;4.16&#8243; _module_preset=&#8221;default&#8221; min_height=&#8221;1305.6px&#8221; custom_padding=&#8221;5px||0px|||&#8221; global_colors_info=&#8221;{}&#8221;][et_pb_row _builder_version=&#8221;4.16&#8243; _module_preset=&#8221;default&#8221; custom_margin=&#8221;28px|auto||auto||&#8221; global_colors_info=&#8221;{}&#8221;][et_pb_column type=&#8221;4_4&#8243; _builder_version=&#8221;4.16&#8243; _module_preset=&#8221;default&#8221; global_colors_info=&#8221;{}&#8221;][et_pb_text _builder_version=&#8221;4.18.1&#8243; _module_preset=&#8221;default&#8221; global_colors_info=&#8221;{}&#8221;]<\/p>\n<h1><strong>Calendrier Acad\u00e9mique 2025 - 2026<\/strong><\/h1>\n<p>[\/et_pb_text][et_pb_text _builder_version=&#8221;4.27.4&#8243; _module_preset=&#8221;default&#8221; hover_enabled=&#8221;0&#8243; global_colors_info=&#8221;{}&#8221; sticky_enabled=&#8221;0&#8243;]<\/p>\n<h2>Semestre A 2025 (1er septembre - 12 d\u00e9cembre)<\/h2>\n<p>[\/et_pb_text][et_pb_text content_tablet=&#8221;<\/p>\n<p>%91table id=22 \/%93<\/p>\n<\/p>\n<p>&#8221; content_phone=&#8221;<\/p>\n<p>%91table id=22 \/%93<\/p>\n<p>&#8221; content_last_edited=&#8221;on|phone&#8221; _builder_version=&#8221;4.27.4&#8243; _module_preset=&#8221;default&#8221; custom_margin=&#8221;||9px|||&#8221; hover_enabled=&#8221;0&#8243; global_colors_info=&#8221;{}&#8221; sticky_enabled=&#8221;0&#8243;]<\/p>\n<p>\n<table id=\"tablepress-32\" class=\"tablepress tablepress-id-32 tuition\">\n<tbody>\n<tr class=\"row-1\">\n\t<td class=\"column-1\">Orientations &amp; Test de langues<\/td><td class=\"column-2\">11 - 16 ao\u00fbt<\/td>\n<\/tr>\n<tr class=\"row-2\">\n\t<td class=\"column-1\">Premier jour de classe<\/td><td class=\"column-2\">1er septembre<\/td>\n<\/tr>\n<tr class=\"row-3\">\n\t<td class=\"column-1\">Dernier jour pour s'inscrire \u00e0 un cours\t<\/td><td class=\"column-2\">7 septembre<\/td>\n<\/tr>\n<tr class=\"row-4\">\n\t<td class=\"column-1\">Dernier jour pour \u00eatre rembours\u00e9 \u00e0 100% en cas de d\u00e9sinscription de cours<\/td><td class=\"column-2\">7 septembre<\/td>\n<\/tr>\n<tr class=\"row-5\">\n\t<td class=\"column-1\">Date limite pour paiement des frais de scolarit\u00e9<\/td><td class=\"column-2\">30 septembre<\/td>\n<\/tr>\n<tr class=\"row-6\">\n\t<td class=\"column-1\">Dernier jour pour \u00eatre rembours\u00e9 \u00e0 50% en cas de d\u00e9sinscription de cours<\/td><td class=\"column-2\">5 octobre<\/td>\n<\/tr>\n<tr class=\"row-7\">\n\t<td class=\"column-1\">Coupure (pas de cours)<\/td><td class=\"column-2\">13 - 19 octobre<\/td>\n<\/tr>\n<tr class=\"row-8\">\n\t<td class=\"column-1\">Dernier jour de cours\t<\/td><td class=\"column-2\">22 novembre<\/td>\n<\/tr>\n<tr class=\"row-9\">\n\t<td class=\"column-1\">Examens<\/td><td class=\"column-2\">1 - 7 d\u00e9cembre<\/td>\n<\/tr>\n<tr class=\"row-10\">\n\t<td class=\"column-1\">Fin du semestre acad\u00e9mique<\/td><td class=\"column-2\">12 d\u00e9cembre<\/td>\n<\/tr>\n<\/tbody>\n<\/table>\n<!-- #tablepress-32 from cache -->\u200b<\/p>\n<p>[\/et_pb_text][\/et_pb_column][\/et_pb_row][et_pb_row _builder_version=&#8221;4.16&#8243; _module_preset=&#8221;default&#8221; custom_margin=&#8221;-32px|auto||auto||&#8221; global_colors_info=&#8221;{}&#8221;][et_pb_column type=&#8221;4_4&#8243; _builder_version=&#8221;4.16&#8243; _module_preset=&#8221;default&#8221; global_colors_info=&#8221;{}&#8221;][et_pb_text disabled_on=&#8221;off|off|off&#8221; _builder_version=&#8221;4.27.4&#8243; _module_preset=&#8221;default&#8221; hover_enabled=&#8221;0&#8243; global_colors_info=&#8221;{}&#8221; sticky_enabled=&#8221;0&#8243;]<\/p>\n<h2>Semestre B 2026 (2 f\u00e9vrier - 22 mai)<\/h2>\n<p>[\/et_pb_text][et_pb_text content_tablet=&#8221;<\/p>\n<p>%91table id=21\/%93<\/p>\n<\/p>\n<p>&#8221; content_phone=&#8221;<\/p>\n<p>%91table id=21\/%93<\/p>\n<\/p>\n<p>&#8221; content_last_edited=&#8221;on|phone&#8221; disabled_on=&#8221;off|off|off&#8221; _builder_version=&#8221;4.27.4&#8243; _module_preset=&#8221;default&#8221; custom_margin=&#8221;||9px|||&#8221; hover_enabled=&#8221;0&#8243; global_colors_info=&#8221;{}&#8221; sticky_enabled=&#8221;0&#8243;]<\/p>\n\n<table id=\"tablepress-33\" class=\"tablepress tablepress-id-33 tuition\">\n<tbody>\n<tr class=\"row-1\">\n\t<td class=\"column-1\">Orientations &amp; Test de langues<\/td><td class=\"column-2\">19 - 24 janvier<\/td>\n<\/tr>\n<tr class=\"row-2\">\n\t<td class=\"column-1\">Premier jour de classe<\/td><td class=\"column-2\">2 f\u00e9vrier<\/td>\n<\/tr>\n<tr class=\"row-3\">\n\t<td class=\"column-1\">Dernier jour pour s'inscrire \u00e0 un cours\t<\/td><td class=\"column-2\">8 f\u00e9vrier<\/td>\n<\/tr>\n<tr class=\"row-4\">\n\t<td class=\"column-1\">Dernier jour pour \u00eatre rembours\u00e9 \u00e0 100% en cas de d\u00e9sinscription de cours<\/td><td class=\"column-2\">8 f\u00e9vrier<\/td>\n<\/tr>\n<tr class=\"row-5\">\n\t<td class=\"column-1\">Date limite pour paiement des frais de scolarit\u00e9<\/td><td class=\"column-2\">28 f\u00e9vrier<\/td>\n<\/tr>\n<tr class=\"row-6\">\n\t<td class=\"column-1\">Dernier jour pour \u00eatre rembours\u00e9 \u00e0 50% en cas de d\u00e9sinscription de cours<\/td><td class=\"column-2\">15 mars<\/td>\n<\/tr>\n<tr class=\"row-7\">\n\t<td class=\"column-1\">Coupure (pas de cours)<\/td><td class=\"column-2\">16 - 22 mars<\/td>\n<\/tr>\n<tr class=\"row-8\">\n\t<td class=\"column-1\">Dernier jour de cours\t<\/td><td class=\"column-2\">1er mai<\/td>\n<\/tr>\n<tr class=\"row-9\">\n\t<td class=\"column-1\">Examens<\/td><td class=\"column-2\">11 - 15 mai<\/td>\n<\/tr>\n<tr class=\"row-10\">\n\t<td class=\"column-1\">Fin du semestre acad\u00e9mique<\/td><td class=\"column-2\">22 mai<\/td>\n<\/tr>\n<\/tbody>\n<\/table>\n<!-- #tablepress-33 from cache -->\n<p>\u200b<\/p>\n<p>[\/et_pb_text][\/et_pb_column][\/et_pb_row][\/et_pb_section]<\/p>","protected":false},"excerpt":{"rendered":"<p>Academic Calendar2025 &#8211; 2026 Academic CalendarSemester A 2025 (September 1 &#8211; December 12)\n<table id=\"tablepress-32-no-2\" class=\"tablepress tablepress-id-32 tuition\">\n<tbody>\n<tr class=\"row-1\">\n\t<td class=\"column-1\">Orientations &amp; Test de langues<\/td><td class=\"column-2\">11 - 16 ao\u00fbt<\/td>\n<\/tr>\n<tr class=\"row-2\">\n\t<td class=\"column-1\">Premier jour de classe<\/td><td class=\"column-2\">1er septembre<\/td>\n<\/tr>\n<tr class=\"row-3\">\n\t<td class=\"column-1\">Dernier jour pour s'inscrire \u00e0 un cours\t<\/td><td class=\"column-2\">7 septembre<\/td>\n<\/tr>\n<tr class=\"row-4\">\n\t<td class=\"column-1\">Dernier jour pour \u00eatre rembours\u00e9 \u00e0 100% en cas de d\u00e9sinscription de cours<\/td><td class=\"column-2\">7 septembre<\/td>\n<\/tr>\n<tr class=\"row-5\">\n\t<td class=\"column-1\">Date limite pour paiement des frais de scolarit\u00e9<\/td><td class=\"column-2\">30 septembre<\/td>\n<\/tr>\n<tr class=\"row-6\">\n\t<td class=\"column-1\">Dernier jour pour \u00eatre rembours\u00e9 \u00e0 50% en cas de d\u00e9sinscription de cours<\/td><td class=\"column-2\">5 octobre<\/td>\n<\/tr>\n<tr class=\"row-7\">\n\t<td class=\"column-1\">Coupure (pas de cours)<\/td><td class=\"column-2\">13 - 19 octobre<\/td>\n<\/tr>\n<tr class=\"row-8\">\n\t<td class=\"column-1\">Dernier jour de cours\t<\/td><td class=\"column-2\">22 novembre<\/td>\n<\/tr>\n<tr class=\"row-9\">\n\t<td class=\"column-1\">Examens<\/td><td class=\"column-2\">1 - 7 d\u00e9cembre<\/td>\n<\/tr>\n<tr class=\"row-10\">\n\t<td class=\"column-1\">Fin du semestre acad\u00e9mique<\/td><td class=\"column-2\">12 d\u00e9cembre<\/td>\n<\/tr>\n<\/tbody>\n<\/table>\n\u200bSemester B 2026 (February 2 &#8211; May 22)\n<table id=\"tablepress-33-no-2\" class=\"tablepress tablepress-id-33 tuition\">\n<tbody>\n<tr class=\"row-1\">\n\t<td class=\"column-1\">Orientations &amp; Test de langues<\/td><td class=\"column-2\">19 - 24 janvier<\/td>\n<\/tr>\n<tr class=\"row-2\">\n\t<td class=\"column-1\">Premier jour de classe<\/td><td class=\"column-2\">2 f\u00e9vrier<\/td>\n<\/tr>\n<tr class=\"row-3\">\n\t<td class=\"column-1\">Dernier jour pour s'inscrire \u00e0 un cours\t<\/td><td class=\"column-2\">8 f\u00e9vrier<\/td>\n<\/tr>\n<tr class=\"row-4\">\n\t<td class=\"column-1\">Dernier jour pour \u00eatre rembours\u00e9 \u00e0 100% en cas de d\u00e9sinscription de cours<\/td><td class=\"column-2\">8 f\u00e9vrier<\/td>\n<\/tr>\n<tr class=\"row-5\">\n\t<td class=\"column-1\">Date limite pour paiement des frais de scolarit\u00e9<\/td><td class=\"column-2\">28 f\u00e9vrier<\/td>\n<\/tr>\n<tr class=\"row-6\">\n\t<td class=\"column-1\">Dernier jour pour \u00eatre rembours\u00e9 \u00e0 50% en cas de d\u00e9sinscription de cours<\/td><td class=\"column-2\">15 mars<\/td>\n<\/tr>\n<tr class=\"row-7\">\n\t<td class=\"column-1\">Coupure (pas de cours)<\/td><td class=\"column-2\">16 - 22 mars<\/td>\n<\/tr>\n<tr class=\"row-8\">\n\t<td class=\"column-1\">Dernier jour de cours\t<\/td><td class=\"column-2\">1er mai<\/td>\n<\/tr>\n<tr class=\"row-9\">\n\t<td class=\"column-1\">Examens<\/td><td class=\"column-2\">11 - 15 mai<\/td>\n<\/tr>\n<tr class=\"row-10\">\n\t<td class=\"column-1\">Fin du semestre acad\u00e9mique<\/td><td class=\"column-2\">22 mai<\/td>\n<\/tr>\n<\/tbody>\n<\/table>\n \u200b<\/p>","protected":false},"author":3,"featured_media":0,"parent":0,"menu_order":0,"comment_status":"closed","ping_status":"closed","template":"","meta":{"_et_pb_use_builder":"on","_et_pb_old_content":"","_et_gb_content_width":"","footnotes":""},"class_list":["post-3700","page","type-page","status-publish","hentry"],"_links":{"self":[{"href":"https:\/\/ftbm.mg\/fr\/wp-json\/wp\/v2\/pages\/3700","targetHints":{"allow":["GET"]}}],"collection":[{"href":"https:\/\/ftbm.mg\/fr\/wp-json\/wp\/v2\/pages"}],"about":[{"href":"https:\/\/ftbm.mg\/fr\/wp-json\/wp\/v2\/types\/page"}],"author":[{"embeddable":true,"href":"https:\/\/ftbm.mg\/fr\/wp-json\/wp\/v2\/users\/3"}],"replies":[{"embeddable":true,"href":"https:\/\/ftbm.mg\/fr\/wp-json\/wp\/v2\/comments?post=3700"}],"version-history":[{"count":0,"href":"https:\/\/ftbm.mg\/fr\/wp-json\/wp\/v2\/pages\/3700\/revisions"}],"wp:attachment":[{"href":"https:\/\/ftbm.mg\/fr\/wp-json\/wp\/v2\/media?parent=3700"}],"curies":[{"name":"wp","href":"https:\/\/api.w.org\/{rel}","templated":true}]}}