{"id":3647,"date":"2022-06-19T21:39:00","date_gmt":"2022-06-19T21:39:00","guid":{"rendered":"https:\/\/ftbm.mg\/?page_id=3647"},"modified":"2025-03-20T03:21:19","modified_gmt":"2025-03-20T03:21:19","slug":"admission_process","status":"publish","type":"page","link":"https:\/\/ftbm.mg\/fr\/admission_process\/","title":{"rendered":"Admission_Process"},"content":{"rendered":"<p>[et_pb_section fb_built=&#8221;1&#8243; fullwidth=&#8221;on&#8221; _builder_version=&#8221;4.16&#8243; _module_preset=&#8221;default&#8221; background_image=&#8221;https:\/\/ftbm.mg\/wp-content\/uploads\/2022\/03\/AE1I0622AE1I0622-scaled.jpg&#8221; max_height=&#8221;70vh&#8221; global_colors_info=&#8221;{}&#8221;][et_pb_fullwidth_header title=&#8221;Admission Process&#8221; text_orientation=&#8221;center&#8221; _builder_version=&#8221;4.16&#8243; _module_preset=&#8221;default&#8221; title_font=&#8221;Didact Gothic||||||||&#8221; title_font_size=&#8221;60px&#8221; background_enable_color=&#8221;off&#8221; custom_button_one=&#8221;on&#8221; button_one_text_size=&#8221;17px&#8221; button_one_text_color=&#8221;#b80f0a&#8221; button_one_bg_color=&#8221;RGBA(255,255,255,0)&#8221; button_one_border_color=&#8221;#b80f0a&#8221; min_height=&#8221;600px&#8221; custom_padding=&#8221;||5px|||&#8221; title_font_size_tablet=&#8221;50px&#8221; title_font_size_phone=&#8221;40px&#8221; title_font_size_last_edited=&#8221;on|phone&#8221; global_colors_info=&#8221;{}&#8221;][\/et_pb_fullwidth_header][\/et_pb_section][et_pb_section fb_built=&#8221;1&#8243; _builder_version=&#8221;4.16&#8243; _module_preset=&#8221;default&#8221; background_color=&#8221;RGBA(255,255,255,0)&#8221; min_height=&#8221;514.5px&#8221; custom_padding=&#8221;||31px|||&#8221; global_colors_info=&#8221;{}&#8221;][et_pb_row _builder_version=&#8221;4.16&#8243; _module_preset=&#8221;default&#8221; custom_padding=&#8221;13px|||||&#8221; global_colors_info=&#8221;{}&#8221;][et_pb_column type=&#8221;4_4&#8243; _builder_version=&#8221;4.16&#8243; _module_preset=&#8221;default&#8221; global_colors_info=&#8221;{}&#8221;][et_pb_text _builder_version=&#8221;4.16&#8243; _module_preset=&#8221;default&#8221; text_text_color=&#8221;#000000&#8243; global_colors_info=&#8221;{}&#8221;]<\/p>\n<p>L'inscription est compos\u00e9e de 2 phases :<\/p>\n<ol>\n<li style=\"list-style-type: none;\">\n<ol>\n<li><strong>Inscription Administrative<\/strong>: Vous \u00eates inscrit(e) \u00e0 la FTBM une fois que votre dossier d'inscription est accept\u00e9. Vous \u00eates donc officiellement \u00e9tudiant(e) \u00e0 la FTBM.<\/li>\n<li><strong>Inscription Acad\u00e9mique<\/strong>: Une fois inscrit(e) au niveau administratif, vous devrez vous inscrire au(x) cours que vous souhaiteriez suivre pour le prochain semestre. Ainsi, l'inscription acad\u00e9mique a lieu chaque d\u00e9but de semestre.<\/li>\n<\/ol>\n<\/li>\n<\/ol>\n<p>[\/et_pb_text][\/et_pb_column][\/et_pb_row][et_pb_row _builder_version=&#8221;4.16&#8243; _module_preset=&#8221;default&#8221; global_colors_info=&#8221;{}&#8221;][et_pb_column type=&#8221;4_4&#8243; _builder_version=&#8221;4.16&#8243; _module_preset=&#8221;default&#8221; global_colors_info=&#8221;{}&#8221;][et_pb_text _builder_version=&#8221;4.16&#8243; _module_preset=&#8221;default&#8221; global_colors_info=&#8221;{}&#8221;]<\/p>\n<h2 style=\"text-align: center;\">Phase 1 : Inscription Administrative<\/h2>\n<p>[\/et_pb_text][\/et_pb_column][\/et_pb_row][et_pb_row column_structure=&#8221;1_5,1_5,1_5,1_5,1_5&#8243; _builder_version=&#8221;4.16&#8243; _module_preset=&#8221;default&#8221; global_colors_info=&#8221;{}&#8221;][et_pb_column type=&#8221;1_5&#8243; _builder_version=&#8221;4.16&#8243; _module_preset=&#8221;default&#8221; global_colors_info=&#8221;{}&#8221;][et_pb_text _builder_version=&#8221;4.16&#8243; _module_preset=&#8221;default&#8221; background_color=&#8221;#f4f4ef&#8221; custom_padding=&#8221;4px|4px||4px|false|false&#8221; border_width_all=&#8221;1px&#8221; border_color_all=&#8221;#efe9ef&#8221; box_shadow_style=&#8221;preset5&#8243; box_shadow_vertical=&#8221;-59px&#8221; box_shadow_blur=&#8221;-1px&#8221; global_colors_info=&#8221;{}&#8221;]<\/p>\n<p style=\"text-align: center;\"><strong>\u00c9tape 1<\/strong><\/p>\n<p style=\"text-align: center;\">Envoyez par mail votre demande d\u2019inscription avec les documents requis.<\/p>\n<p style=\"text-align: center;\">\n<p style=\"text-align: center;\">\n<p>[\/et_pb_text][\/et_pb_column][et_pb_column type=&#8221;1_5&#8243; _builder_version=&#8221;4.16&#8243; _module_preset=&#8221;default&#8221; global_colors_info=&#8221;{}&#8221;][et_pb_text _builder_version=&#8221;4.16&#8243; _module_preset=&#8221;default&#8221; background_color=&#8221;#f4f4ef&#8221; custom_padding=&#8221;4px|4px||4px|false|false&#8221; border_width_all=&#8221;1px&#8221; border_color_all=&#8221;#efe9ef&#8221; global_colors_info=&#8221;{}&#8221;]<\/p>\n<p style=\"text-align: center;\"><strong>\u00c9tape 2 <span style=\"color: #ff0000;\">*<\/span><\/strong><\/p>\n<p style=\"text-align: center;\">Votre pasteur ou ancien + 2 autres personnes envoient leur formulaire de recommandation \u00e0 la FTBM.<\/p>\n<p>[\/et_pb_text][\/et_pb_column][et_pb_column type=&#8221;1_5&#8243; _builder_version=&#8221;4.16&#8243; _module_preset=&#8221;default&#8221; global_colors_info=&#8221;{}&#8221;][et_pb_text _builder_version=&#8221;4.16&#8243; _module_preset=&#8221;default&#8221; background_color=&#8221;#f4f4ef&#8221; custom_padding=&#8221;4px|4px||4px|false|false&#8221; border_width_all=&#8221;1px&#8221; border_color_all=&#8221;#efe9ef&#8221; global_colors_info=&#8221;{}&#8221;]<\/p>\n<div class=\"et_pb_blurb_content\">\n<div class=\"et_pb_blurb_container\">\n<div class=\"et_pb_blurb_description\">\n<div data-shortcode-id=\"1.1.2.0-1647303472915\" data-quickaccess-id=\"body\" data-quickaccess-editable=\"yes\" class=\"et-fb-popover-tinymce\">\n<div class=\"mce-content-body\" contenteditable=\"true\" style=\"position: relative;\">\n<p style=\"text-align: center;\"><strong>\u00c9tape 3<\/strong><\/p>\n<p style=\"text-align: center;\">La FTBM \u00e9tudie votre dossier d\u2019inscription et v\u00e9rifie les formulaires de recommandation.<\/p>\n<p style=\"text-align: center;\">\n<p style=\"text-align: center;\">\n<\/div>\n<\/div>\n<\/div>\n<\/div>\n<\/div>\n<p>[\/et_pb_text][\/et_pb_column][et_pb_column type=&#8221;1_5&#8243; _builder_version=&#8221;4.16&#8243; _module_preset=&#8221;default&#8221; global_colors_info=&#8221;{}&#8221;][et_pb_text _builder_version=&#8221;4.16&#8243; _module_preset=&#8221;default&#8221; background_color=&#8221;#f4f4ef&#8221; custom_padding=&#8221;4px|4px||4px|false|false&#8221; border_width_all=&#8221;1px&#8221; border_color_all=&#8221;#efe9ef&#8221; global_colors_info=&#8221;{}&#8221;]<\/p>\n<div class=\"et_pb_blurb_content\">\n<div class=\"et_pb_blurb_container\">\n<div class=\"et_pb_blurb_description\">\n<div data-shortcode-id=\"1.1.2.0-1647303472915\" data-quickaccess-id=\"body\" data-quickaccess-editable=\"yes\" class=\"et-fb-popover-tinymce\">\n<div class=\"mce-content-body\" contenteditable=\"true\" style=\"position: relative;\">\n<p style=\"text-align: center;\"><strong>\u00c9tape 4<\/strong><\/p>\n<p style=\"text-align: center;\">La FTBM vous contacte pour un entretien.<\/p>\n<p style=\"text-align: center;\">\n<\/div>\n<\/div>\n<\/div>\n<\/div>\n<\/div>\n<p>[\/et_pb_text][\/et_pb_column][et_pb_column type=&#8221;1_5&#8243; _builder_version=&#8221;4.16&#8243; _module_preset=&#8221;default&#8221; global_colors_info=&#8221;{}&#8221;][et_pb_text _builder_version=&#8221;4.16&#8243; _module_preset=&#8221;default&#8221; background_color=&#8221;#f4f4ef&#8221; custom_padding=&#8221;4px|4px||4px|false|false&#8221; border_width_all=&#8221;1px&#8221; border_color_all=&#8221;#efe9ef&#8221; global_colors_info=&#8221;{}&#8221;]<\/p>\n<p style=\"text-align: center;\"><strong>\u00c9tape 5<\/strong><\/p>\n<p style=\"text-align: center;\">Une fois inscrit(e), vous pouvez vous inscrire \u00e0 un ou plusieurs cours. Voir phase 2 ci-dessous.<\/p>\n<p>[\/et_pb_text][\/et_pb_column][\/et_pb_row][et_pb_row _builder_version=&#8221;4.16&#8243; _module_preset=&#8221;default&#8221; custom_padding=&#8221;3px|||||&#8221; global_colors_info=&#8221;{}&#8221;][et_pb_column type=&#8221;4_4&#8243; _builder_version=&#8221;4.16&#8243; _module_preset=&#8221;default&#8221; global_colors_info=&#8221;{}&#8221;][et_pb_text _builder_version=&#8221;4.16&#8243; _module_preset=&#8221;default&#8221; text_text_color=&#8221;#666666&#8243; global_colors_info=&#8221;{}&#8221;]<\/p>\n<p><span style=\"color: #ff0000;\"><strong>*<\/strong> <span style=\"color: #000000;\">L'\u00e9tape 2 ne s'applique\u00a0<span style=\"text-decoration: underline;\">pas\u00a0<\/span>\u00e0 celles et ceux qui souhaitent s'inscrire en tant qu'\u00a0<span style=\"text-decoration: underline;\">auditeur\u00a0<\/span>libre.<\/span><\/span><\/p>\n<p>[\/et_pb_text][\/et_pb_column][\/et_pb_row][et_pb_row _builder_version=&#8221;4.16&#8243; _module_preset=&#8221;default&#8221; custom_padding=&#8221;44px|||||&#8221; global_colors_info=&#8221;{}&#8221;][et_pb_column type=&#8221;4_4&#8243; _builder_version=&#8221;4.16&#8243; _module_preset=&#8221;default&#8221; global_colors_info=&#8221;{}&#8221;][et_pb_text _builder_version=&#8221;4.16&#8243; _module_preset=&#8221;default&#8221; global_colors_info=&#8221;{}&#8221;]<\/p>\n<h2 style=\"text-align: center;\">Phase 2 : Inscription Acad\u00e9mique<\/h2>\n<p>[\/et_pb_text][\/et_pb_column][\/et_pb_row][et_pb_row column_structure=&#8221;1_2,1_2&#8243; _builder_version=&#8221;4.16&#8243; _module_preset=&#8221;default&#8221; global_colors_info=&#8221;{}&#8221;][et_pb_column type=&#8221;1_2&#8243; _builder_version=&#8221;4.16&#8243; _module_preset=&#8221;default&#8221; global_colors_info=&#8221;{}&#8221;][et_pb_text _builder_version=&#8221;4.16&#8243; _module_preset=&#8221;default&#8221; background_color=&#8221;#f4f4ef&#8221; custom_padding=&#8221;4px|4px||4px|false|false&#8221; border_width_all=&#8221;1px&#8221; border_color_all=&#8221;#efe9ef&#8221; box_shadow_style=&#8221;preset5&#8243; box_shadow_vertical=&#8221;-59px&#8221; box_shadow_blur=&#8221;-1px&#8221; global_colors_info=&#8221;{}&#8221;]<\/p>\n<p style=\"text-align: center;\"><strong>\u00c9tape 1<\/strong><\/p>\n<p style=\"text-align: center;\">Avant le d\u00e9but du semestre, vous devrez choisir la ou les classes que vous souhaiteriez prendre pour le semestre.<\/p>\n<p style=\"text-align: center;\">\n<p>[\/et_pb_text][\/et_pb_column][et_pb_column type=&#8221;1_2&#8243; _builder_version=&#8221;4.16&#8243; _module_preset=&#8221;default&#8221; global_colors_info=&#8221;{}&#8221;][et_pb_text _builder_version=&#8221;4.16&#8243; _module_preset=&#8221;default&#8221; background_color=&#8221;#f4f4ef&#8221; custom_padding=&#8221;4px|4px||4px|false|false&#8221; border_width_all=&#8221;1px&#8221; border_color_all=&#8221;#efe9ef&#8221; global_colors_info=&#8221;{}&#8221;]<\/p>\n<p style=\"text-align: center;\"><strong>\u00c9tape 2<\/strong><\/p>\n<p style=\"text-align: center;\">Une fois inscrit, vous recevrez par mail les informations de connexion au portail \u00e9tudiant.<\/p>\n<p style=\"text-align: center;\">[\/et_pb_text][\/et_pb_column][\/et_pb_row][et_pb_row column_structure=&#8221;1_2,1_2&#8243; _builder_version=&#8221;4.16&#8243; _module_preset=&#8221;default&#8221; custom_padding=&#8221;82px|||||&#8221; global_colors_info=&#8221;{}&#8221;][et_pb_column type=&#8221;1_2&#8243; _builder_version=&#8221;4.16&#8243; _module_preset=&#8221;default&#8221; global_colors_info=&#8221;{}&#8221;][et_pb_button button_url=&#8221;https:\/\/ftbm.mg\/Apply\/&#8221; button_text=&#8221;Apply Now&#8221; button_alignment=&#8221;right&#8221; button_alignment_tablet=&#8221;center&#8221; button_alignment_phone=&#8221;center&#8221; button_alignment_last_edited=&#8221;on|phone&#8221; _builder_version=&#8221;4.16&#8243; _module_preset=&#8221;default&#8221; custom_button=&#8221;on&#8221; button_text_size=&#8221;17px&#8221; button_bg_color=&#8221;#b80f0a&#8221; button_font=&#8221;Open Sans||||||||&#8221; button_use_icon=&#8221;off&#8221; background_layout=&#8221;dark&#8221; global_colors_info=&#8221;{}&#8221;][\/et_pb_button][\/et_pb_column][et_pb_column type=&#8221;1_2&#8243; _builder_version=&#8221;4.16&#8243; _module_preset=&#8221;default&#8221; global_colors_info=&#8221;{}&#8221;][et_pb_button button_url=&#8221;https:\/\/ftbm.mg\/contact\/&#8221; button_text=&#8221;Contact Us&#8221; button_alignment_tablet=&#8221;center&#8221; button_alignment_phone=&#8221;center&#8221; button_alignment_last_edited=&#8221;on|phone&#8221; _builder_version=&#8221;4.16&#8243; _module_preset=&#8221;default&#8221; custom_button=&#8221;on&#8221; button_text_size=&#8221;17px&#8221; button_text_color=&#8221;#b80f0a&#8221; button_bg_color=&#8221;#f4f4ef&#8221; button_use_icon=&#8221;off&#8221; global_colors_info=&#8221;{}&#8221;][\/et_pb_button][\/et_pb_column][\/et_pb_row][\/et_pb_section]<\/p>","protected":false},"excerpt":{"rendered":"<p>Your admission is composed of 2 phases: Enrollment: You are enrolled at FTBM once your application is accepted. It means that you are officially a student of FTBM. Registration: Once enrolled, you need to register to classes, which means that you need to select the classes you would like to take in the semester. Therefore, [&hellip;]<\/p>","protected":false},"author":3,"featured_media":0,"parent":0,"menu_order":0,"comment_status":"closed","ping_status":"closed","template":"","meta":{"_et_pb_use_builder":"on","_et_pb_old_content":"","_et_gb_content_width":"","footnotes":""},"class_list":["post-3647","page","type-page","status-publish","hentry"],"_links":{"self":[{"href":"https:\/\/ftbm.mg\/fr\/wp-json\/wp\/v2\/pages\/3647","targetHints":{"allow":["GET"]}}],"collection":[{"href":"https:\/\/ftbm.mg\/fr\/wp-json\/wp\/v2\/pages"}],"about":[{"href":"https:\/\/ftbm.mg\/fr\/wp-json\/wp\/v2\/types\/page"}],"author":[{"embeddable":true,"href":"https:\/\/ftbm.mg\/fr\/wp-json\/wp\/v2\/users\/3"}],"replies":[{"embeddable":true,"href":"https:\/\/ftbm.mg\/fr\/wp-json\/wp\/v2\/comments?post=3647"}],"version-history":[{"count":0,"href":"https:\/\/ftbm.mg\/fr\/wp-json\/wp\/v2\/pages\/3647\/revisions"}],"wp:attachment":[{"href":"https:\/\/ftbm.mg\/fr\/wp-json\/wp\/v2\/media?parent=3647"}],"curies":[{"name":"wp","href":"https:\/\/api.w.org\/{rel}","templated":true}]}}