{"id":3320,"date":"2022-04-10T09:25:42","date_gmt":"2022-04-10T09:25:42","guid":{"rendered":"https:\/\/ftbm.mg\/?page_id=3320"},"modified":"2026-01-06T03:53:35","modified_gmt":"2026-01-06T03:53:35","slug":"class-schedule","status":"publish","type":"page","link":"https:\/\/ftbm.mg\/fr\/class-schedule\/","title":{"rendered":"Liste des Cours Disponibles"},"content":{"rendered":"<p>[et_pb_section fb_built=&#8221;1&#8243; admin_label=&#8221;Footer&#8221; _builder_version=&#8221;4.16&#8243; background_enable_color=&#8221;off&#8221; background_color_gradient_start=&#8221;rgba(0,0,0,0)&#8221; background_color_gradient_end=&#8221;#295186&#8243; background_image=&#8221;https:\/\/ftbm.mg\/wp-content\/uploads\/2022\/04\/jeremy-mura-TsXsc0m_vs8-unsplash-scaled.jpg&#8221; background_blend=&#8221;multiply&#8221; max_width=&#8221;100%&#8221; module_alignment=&#8221;center&#8221; custom_margin=&#8221;||2.8%|||&#8221; custom_padding=&#8221;103px|0px|103px|0px|true|false&#8221; animation_style=&#8221;slide&#8221; animation_direction=&#8221;bottom&#8221; animation_intensity_slide=&#8221;2%&#8221; box_shadow_style=&#8221;preset1&#8243; box_shadow_vertical=&#8221;-10px&#8221; box_shadow_blur=&#8221;60px&#8221; global_colors_info=&#8221;{}&#8221;][et_pb_row _builder_version=&#8221;4.16&#8243; _module_preset=&#8221;default&#8221; module_alignment=&#8221;center&#8221; custom_margin=&#8221;|auto||14px||&#8221; custom_padding=&#8221;|||0px||&#8221; global_colors_info=&#8221;{}&#8221;][et_pb_column type=&#8221;4_4&#8243; _builder_version=&#8221;4.16&#8243; _module_preset=&#8221;default&#8221; global_colors_info=&#8221;{}&#8221;][et_pb_text _builder_version=&#8221;4.16&#8243; _module_preset=&#8221;default&#8221; text_text_color=&#8221;#ffffff&#8221; text_font_size=&#8221;60px&#8221; header_text_align=&#8221;center&#8221; header_font_size=&#8221;60px&#8221; custom_margin=&#8221;|-44px||4px|false|false&#8221; custom_margin_tablet=&#8221;-15px||||false|false&#8221; custom_margin_phone=&#8221;-15px|-44px||4px|false|false&#8221; custom_margin_last_edited=&#8221;on|tablet&#8221; custom_padding=&#8221;0px|0px||||&#8221; header_font_size_tablet=&#8221;50px&#8221; header_font_size_phone=&#8221;40px&#8221; header_font_size_last_edited=&#8221;on|phone&#8221; global_colors_info=&#8221;{}&#8221;]<\/p>\n<h1><span style=\"color: #ffffff;\">Liste des Cours Disponibles<\/span><\/h1>\n<p>[\/et_pb_text][\/et_pb_column][\/et_pb_row][\/et_pb_section][et_pb_section fb_built=&#8221;1&#8243; _builder_version=&#8221;4.16&#8243; _module_preset=&#8221;default&#8221; custom_margin=&#8221;-32px|||||&#8221; global_colors_info=&#8221;{}&#8221;][et_pb_row _builder_version=&#8221;4.16&#8243; _module_preset=&#8221;default&#8221; global_colors_info=&#8221;{}&#8221;][et_pb_column type=&#8221;4_4&#8243; _builder_version=&#8221;4.16&#8243; _module_preset=&#8221;default&#8221; global_colors_info=&#8221;{}&#8221;][et_pb_text ul_type=&#8221;square&#8221; _builder_version=&#8221;4.27.5&#8243; _module_preset=&#8221;default&#8221; custom_padding=&#8221;|||9px||&#8221; hover_enabled=&#8221;0&#8243; global_colors_info=&#8221;{}&#8221; sticky_enabled=&#8221;0&#8243;]<\/p>\n<h1>Cours disponibles (semestre B : janvier \u00e0 mai 2026)<\/h1>\n<p>[\/et_pb_text][et_pb_text content_tablet=&#8221;<\/p>\n<div class=\"%22et_pb_row\" et_pb_row_1%22>\n<div class=\"%22et_pb_column\" et_pb_column_4_4 et_pb_column_1 et_pb_css_mix_blend_mode_passthrough et-last-child%22>\n<div class=\"%22et_pb_module\" et_pb_text et_pb_text_2 et_pb_text_align_left et_pb_bg_layout_light%22>\n<div class=\"%22et_pb_text_inner%22\" style=\"%22text-align:\" left;%22><span><strong>Le cours d'Analyse Critique<\/strong> (CA1012) est un pr\u00e9requis \u00e0 tous les autres cours (sauf les cours de langues bibliques et langues acad\u00e9miques). En d'autres termes, <strong>ce cours est obligatoire pour tout nouvel \u00e9tudiant<\/strong> (sauf pour les auditeurs libres). L'\u00e9tudiant n'aura donc <strong>pas<\/strong> la possibilit\u00e9 de prendre d'autres cours tant qu'il n'aura pas valid\u00e9 le cours d'Analyse Critique. <\/span><\/div>\n<\/div>\n<\/div>\n<\/div>\n<p>&#8221; content_phone=&#8221;<\/p>\n<div class=\"%22et_pb_row\" et_pb_row_1%22>\n<div class=\"%22et_pb_column\" et_pb_column_4_4 et_pb_column_1 et_pb_css_mix_blend_mode_passthrough et-last-child%22>\n<div class=\"%22et_pb_module\" et_pb_text et_pb_text_2 et_pb_text_align_left et_pb_bg_layout_light%22>\n<div class=\"%22et_pb_text_inner%22\" style=\"%22text-align:\" left;%22><span><strong>Le cours d'Analyse Critique<\/strong> (CA1012) est un pr\u00e9requis \u00e0 tous les autres cours (sauf les cours de langues bibliques et langues acad\u00e9miques). En d'autres termes, <strong>ce cours est obligatoire pour tout nouvel \u00e9tudiant<\/strong> (sauf pour les auditeurs libres). L'\u00e9tudiant n'aura donc <strong>pas<\/strong> la possibilit\u00e9 de prendre d'autres cours tant qu'il n'aura pas valid\u00e9 le cours d'Analyse Critique. <\/span><\/div>\n<\/div>\n<\/div>\n<\/div>\n<p>&#8221; content_last_edited=&#8221;on|phone&#8221; _builder_version=&#8221;4.18.1&#8243; _module_preset=&#8221;default&#8221; min_height=&#8221;57px&#8221; custom_margin=&#8221;|||-50px|false|false&#8221; custom_margin_tablet=&#8221;|||-50px|false|false&#8221; custom_margin_phone=&#8221;|||-18px|false|false&#8221; custom_margin_last_edited=&#8221;on|phone&#8221; global_colors_info=&#8221;{}&#8221;]<\/p>\n<div class=\"et_pb_row et_pb_row_1\">\n<div class=\"et_pb_column et_pb_column_4_4 et_pb_column_1  et_pb_css_mix_blend_mode_passthrough et-last-child\">\n<div class=\"et_pb_module et_pb_text et_pb_text_2  et_pb_text_align_left et_pb_bg_layout_light\">\n<div class=\"et_pb_text_inner\" style=\"text-align: left;\"><span><strong>Le cours d'Analyse Critique<\/strong> (CA1012) est un pr\u00e9requis \u00e0 tous les autres cours (sauf les cours de langues bibliques et langues acad\u00e9miques). En d'autres termes, <strong>ce cours est obligatoire pour tout nouvel \u00e9tudiant<\/strong> (sauf pour les auditeurs libres). L'\u00e9tudiant n'aura donc <strong>pas<\/strong> la possibilit\u00e9 de prendre d'autres cours tant qu'il n'aura pas valid\u00e9 le cours d'Analyse Critique.\u00a0<\/span><\/div>\n<\/div>\n<\/div>\n<\/div>\n<p>[\/et_pb_text][et_pb_text _builder_version=&#8221;4.27.5&#8243; _module_preset=&#8221;default&#8221; hover_enabled=&#8221;0&#8243; global_colors_info=&#8221;{}&#8221; sticky_enabled=&#8221;0&#8243; content_last_edited=&#8221;on|desktop&#8221; content_tablet=&#8221;<\/p>\n<h2><\/h2>\n<h3>Disciplines Bibliques<\/h3>\n<p>%91table id=34 \/%93<\/p>\n<p>&#8221; content_phone=&#8221;<\/p>\n<h2><\/h2>\n<h3>Disciplines Bibliques<\/h3>\n<p>%91table id=34 \/%93<\/p>\n<p>&#8220;]<\/p>\n<h2><\/h2>\n<h3>Disciplines Bibliques<\/h3>\n\n<table id=\"tablepress-34\" class=\"tablepress tablepress-id-34\">\n<thead>\n<tr class=\"row-1\">\n\t<th class=\"column-1\">ID du Cours<\/th><th class=\"column-2\">Cours<\/th><th class=\"column-3\">Description<\/th><th class=\"column-4\">Cr\u00e9dits<\/th><th class=\"column-5\">Enseignant<\/th>\n<\/tr>\n<\/thead>\n<tbody class=\"row-hover\">\n<tr class=\"row-2\">\n\t<td class=\"column-1\">NT1023 <\/td><td class=\"column-2\">Survol du Nouveau Testament II<\/td><td class=\"column-3\">La deuxi\u00e8me partie couvre les livres de Romains \u00e0 l'Apocalypse. Cela inclut les questions relatives \u00e0 l'auteur, au genre, aux th\u00e8mes majeurs et \u00e0 la th\u00e9ologie de chaque livre.<\/td><td class=\"column-4\">3<\/td><td class=\"column-5\">Njato Razafimbahiny<\/td>\n<\/tr>\n<\/tbody>\n<\/table>\n<!-- #tablepress-34 from cache -->\n<p>[\/et_pb_text][et_pb_text _builder_version=&#8221;4.27.4&#8243; _module_preset=&#8221;default&#8221; global_colors_info=&#8221;{}&#8221;]<\/p>\n<h3>Interdisciplinaire<\/h3>\n<p style=\"margin: 0in; font-family: Calibri; font-size: 11.0pt;\">\n<table id=\"tablepress-28\" class=\"tablepress tablepress-id-28\">\n<thead>\n<tr class=\"row-1\">\n\t<th class=\"column-1\">ID du Cours<\/th><th class=\"column-2\">Cours<\/th><th class=\"column-3\">Description<\/th><th class=\"column-4\">Cr\u00e9dits<\/th><th class=\"column-5\">Enseignant<\/th>\n<\/tr>\n<\/thead>\n<tbody class=\"row-hover\">\n<tr class=\"row-2\">\n\t<td class=\"column-1\">CA1012<\/td><td class=\"column-2\">Analyse Critique<\/td><td class=\"column-3\">Ce cours introduit l'\u00e9tudiant(e) \u00e0 la pratique de l'analyse critique acad\u00e9mique. Il cherche \u00e0 d\u00e9velopper les comp\u00e9tences afin de pouvoir identifier, analyser, r\u00e9sumer et \u00e9valuer l'argument d'un auteur ou d'un texte. Ce cours est requis pour tout(e) nouvel(le) \u00e9tudiant(e) durant son premier semestre.<\/td><td class=\"column-4\">2<\/td><td class=\"column-5\">Mandimby RANAIVOARISOA<\/td>\n<\/tr>\n<tr class=\"row-3\">\n\t<td class=\"column-1\">LA1210<\/td><td class=\"column-2\">Anglais Acad\u00e9mique<\/td><td class=\"column-3\">Ce cours initie les \u00e9tudiants \u00e0 la lecture et l'\u00e9criture de texte acad\u00e9mique et th\u00e9ologique en anglais.<\/td><td class=\"column-4\">0<\/td><td class=\"column-5\">Charissa WILSON<\/td>\n<\/tr>\n<\/tbody>\n<\/table>\n<!-- #tablepress-28 from cache --><\/p>\n<p>[\/et_pb_text][\/et_pb_column][\/et_pb_row][et_pb_row _builder_version=&#8221;4.16&#8243; _module_preset=&#8221;default&#8221; global_colors_info=&#8221;{}&#8221;][et_pb_column type=&#8221;4_4&#8243; _builder_version=&#8221;4.16&#8243; _module_preset=&#8221;default&#8221; global_colors_info=&#8221;{}&#8221;][et_pb_button button_url=&#8221;https:\/\/ftbm.mg\/fr\/admissions\/&#8221; button_text=&#8221;Apply Now&#8221; button_alignment=&#8221;center&#8221; _builder_version=&#8221;4.16&#8243; _module_preset=&#8221;default&#8221; global_colors_info=&#8221;{}&#8221;][\/et_pb_button][\/et_pb_column][\/et_pb_row][\/et_pb_section]<\/p>","protected":false},"excerpt":{"rendered":"<p>Class ScheduleCourses Offered in Spring 2026 Critical Analysis course (CA10120) must be taken as a prerequisite to all other courses (except for Biblical langages and Academic langages). In other words, this course is compulsory for all new students (except for those who choose the Audit program). It is not possible for the student to take [&hellip;]<\/p>","protected":false},"author":3,"featured_media":0,"parent":0,"menu_order":0,"comment_status":"closed","ping_status":"closed","template":"","meta":{"_et_pb_use_builder":"on","_et_pb_old_content":"","_et_gb_content_width":"","footnotes":""},"class_list":["post-3320","page","type-page","status-publish","hentry"],"_links":{"self":[{"href":"https:\/\/ftbm.mg\/fr\/wp-json\/wp\/v2\/pages\/3320","targetHints":{"allow":["GET"]}}],"collection":[{"href":"https:\/\/ftbm.mg\/fr\/wp-json\/wp\/v2\/pages"}],"about":[{"href":"https:\/\/ftbm.mg\/fr\/wp-json\/wp\/v2\/types\/page"}],"author":[{"embeddable":true,"href":"https:\/\/ftbm.mg\/fr\/wp-json\/wp\/v2\/users\/3"}],"replies":[{"embeddable":true,"href":"https:\/\/ftbm.mg\/fr\/wp-json\/wp\/v2\/comments?post=3320"}],"version-history":[{"count":0,"href":"https:\/\/ftbm.mg\/fr\/wp-json\/wp\/v2\/pages\/3320\/revisions"}],"wp:attachment":[{"href":"https:\/\/ftbm.mg\/fr\/wp-json\/wp\/v2\/media?parent=3320"}],"curies":[{"name":"wp","href":"https:\/\/api.w.org\/{rel}","templated":true}]}}