{"id":2958,"date":"2022-03-27T05:19:50","date_gmt":"2022-03-27T05:19:50","guid":{"rendered":"https:\/\/ftbm.mg\/?page_id=2958"},"modified":"2022-04-02T21:03:47","modified_gmt":"2022-04-02T21:03:47","slug":"audit","status":"publish","type":"page","link":"https:\/\/ftbm.mg\/fr\/audit\/","title":{"rendered":"Audit"},"content":{"rendered":"<p>[et_pb_section fb_built=&#8221;1&#8243; admin_label=&#8221;Footer&#8221; _builder_version=&#8221;4.14.8&#8243; background_enable_color=&#8221;off&#8221; background_color_gradient_start=&#8221;rgba(0,0,0,0)&#8221; background_color_gradient_end=&#8221;#295186&#8243; background_image=&#8221;https:\/\/ftbm.mg\/wp-content\/uploads\/2022\/03\/debby-hudson-asviIGR3CPE-unsplash-scaled.jpg&#8221; background_blend=&#8221;multiply&#8221; max_width=&#8221;100%&#8221; module_alignment=&#8221;center&#8221; custom_margin=&#8221;||1.4%|84px||&#8221; custom_padding=&#8221;94px|0px|94px|66px|true|false&#8221; animation_style=&#8221;slide&#8221; animation_direction=&#8221;bottom&#8221; animation_intensity_slide=&#8221;2%&#8221; box_shadow_style=&#8221;preset1&#8243; box_shadow_vertical=&#8221;-10px&#8221; box_shadow_blur=&#8221;60px&#8221; global_colors_info=&#8221;{}&#8221;][et_pb_row _builder_version=&#8221;4.14.8&#8243; _module_preset=&#8221;default&#8221; global_colors_info=&#8221;{}&#8221;][et_pb_column type=&#8221;4_4&#8243; _builder_version=&#8221;4.9.10&#8243; _module_preset=&#8221;default&#8221; global_colors_info=&#8221;{}&#8221;][et_pb_text _builder_version=&#8221;4.14.8&#8243; _module_preset=&#8221;default&#8221; text_text_color=&#8221;#ffffff&#8221; text_font_size=&#8221;60px&#8221; header_text_color=&#8221;#ffffff&#8221; header_font_size=&#8221;60px&#8221; text_orientation=&#8221;center&#8221; custom_margin=&#8221;0px|||-60px|false|false&#8221; custom_margin_tablet=&#8221;-15px||||false|false&#8221; custom_margin_phone=&#8221;-15px|||-60px|false|false&#8221; custom_margin_last_edited=&#8221;on|phone&#8221; custom_padding=&#8221;0px||40px||false|false&#8221; header_font_size_tablet=&#8221;50px&#8221; header_font_size_phone=&#8221;40px&#8221; header_font_size_last_edited=&#8221;on|phone&#8221; global_colors_info=&#8221;{}&#8221;]<\/p>\n<h1>Auditeur Libre<\/h1>\n<p>[\/et_pb_text][\/et_pb_column][\/et_pb_row][\/et_pb_section][et_pb_section fb_built=&#8221;1&#8243; _builder_version=&#8221;4.14.8&#8243; _module_preset=&#8221;default&#8221; custom_padding=&#8221;5px|||||&#8221; global_colors_info=&#8221;{}&#8221;][et_pb_row _builder_version=&#8221;4.14.8&#8243; _module_preset=&#8221;default&#8221; global_colors_info=&#8221;{}&#8221;][et_pb_column type=&#8221;4_4&#8243; _builder_version=&#8221;4.14.8&#8243; _module_preset=&#8221;default&#8221; global_colors_info=&#8221;{}&#8221;][et_pb_text _builder_version=&#8221;4.14.8&#8243; _module_preset=&#8221;default&#8221; custom_margin=&#8221;||51px|||&#8221; global_colors_info=&#8221;{}&#8221;]<\/p>\n<p>La FTBM offre la possibilit\u00e9 d\u2019auditer des cours. Cela signifie que l\u2019\u00e9tudiant(e) pourra assister aux cours, participer aux discussions entre \u00e9tudiants mais ne rendra aucun devoir, dissertation, projet, ou examen. De ce fait, l\u2019\u00e9tudiant(e) n\u2019obtiendra aucun cr\u00e9dit. Il est \u00e0 noter qu\u2019il n\u2019est pas possible de convertir un cours \"audit\u00e9\" en cours \"cr\u00e9dit\u00e9\". S'il\/elle souhaite cr\u00e9diter ce cours, il lui faudra reprendre ce cours un prochain semestre avec une formation dipl\u00f4mante ou non dipl\u00f4mante.<\/p>\n<p>Cette formule convient pour des personnes d\u00e9sirant approfondir leurs connaissances g\u00e9n\u00e9rales sans avoir \u00e0 fournir de travail personnel. Nous encourageons toutefois ces personnes \u00e0 consid\u00e9rer le programme de formation dipl\u00f4mante ou non dipl\u00f4mante. En effet, c\u2019est le travail personnel qui enrichit et aide l\u2019\u00e9tudiant(e) \u00e0 faire lui(elle)-m\u00eame ses recherches et \u00e0 tirer ses propres conclusions sur tout sujet.<\/p>\n<p>Pour diverses raisons, d\u2019autres personnes se sentiront peut-\u00eatre inad\u00e9quates pour des \u00e9tudes en th\u00e9ologie. Auditer au moins un cours leur permettra de voir en quoi consiste un cours durant un semestre. Nous esp\u00e9rons que cela les convaincra \u00e0 consid\u00e9rer le programme de formation dipl\u00f4mante ou non dipl\u00f4mante pour le semestre suivant.<\/p>\n<p>[\/et_pb_text][et_pb_button button_url=&#8221;https:\/\/ftbm.mg\/Home#contact\/&#8221; button_text=&#8221;Contact Us&#8221; button_alignment=&#8221;center&#8221; _builder_version=&#8221;4.14.8&#8243; _module_preset=&#8221;default&#8221; global_colors_info=&#8221;{}&#8221;][\/et_pb_button][\/et_pb_column][\/et_pb_row][\/et_pb_section]<\/p>","protected":false},"excerpt":{"rendered":"<p>Auditing Courses\u200bFTBM offers the possibility to audit courses. This means that the student will attend a course but will not complete any of the assignments associated with it (papers, projects, exam, or quizzes). Auditing a course will not yield any credit hours for the student. Please note that an audited course cannot be converted to [&hellip;]<\/p>","protected":false},"author":3,"featured_media":0,"parent":0,"menu_order":0,"comment_status":"closed","ping_status":"closed","template":"","meta":{"_et_pb_use_builder":"on","_et_pb_old_content":"","_et_gb_content_width":"","footnotes":""},"class_list":["post-2958","page","type-page","status-publish","hentry"],"_links":{"self":[{"href":"https:\/\/ftbm.mg\/fr\/wp-json\/wp\/v2\/pages\/2958","targetHints":{"allow":["GET"]}}],"collection":[{"href":"https:\/\/ftbm.mg\/fr\/wp-json\/wp\/v2\/pages"}],"about":[{"href":"https:\/\/ftbm.mg\/fr\/wp-json\/wp\/v2\/types\/page"}],"author":[{"embeddable":true,"href":"https:\/\/ftbm.mg\/fr\/wp-json\/wp\/v2\/users\/3"}],"replies":[{"embeddable":true,"href":"https:\/\/ftbm.mg\/fr\/wp-json\/wp\/v2\/comments?post=2958"}],"version-history":[{"count":0,"href":"https:\/\/ftbm.mg\/fr\/wp-json\/wp\/v2\/pages\/2958\/revisions"}],"wp:attachment":[{"href":"https:\/\/ftbm.mg\/fr\/wp-json\/wp\/v2\/media?parent=2958"}],"curies":[{"name":"wp","href":"https:\/\/api.w.org\/{rel}","templated":true}]}}