{"id":2951,"date":"2022-03-27T05:02:33","date_gmt":"2022-03-27T05:02:33","guid":{"rendered":"https:\/\/ftbm.mg\/?page_id=2951"},"modified":"2022-04-02T22:59:31","modified_gmt":"2022-04-02T22:59:31","slug":"non-degree-program","status":"publish","type":"page","link":"https:\/\/ftbm.mg\/fr\/non-degree-program\/","title":{"rendered":"Formation Non Dipl\u00f4mante"},"content":{"rendered":"<p>[et_pb_section fb_built=&#8221;1&#8243; admin_label=&#8221;Footer&#8221; _builder_version=&#8221;4.14.8&#8243; background_enable_color=&#8221;off&#8221; background_color_gradient_start=&#8221;rgba(0,0,0,0)&#8221; background_color_gradient_end=&#8221;#295186&#8243; background_image=&#8221;https:\/\/ftbm.mg\/wp-content\/uploads\/2022\/03\/FTBM_About_Our-Leadership_Banner.jpg&#8221; background_blend=&#8221;multiply&#8221; max_width=&#8221;100%&#8221; module_alignment=&#8221;center&#8221; min_height=&#8221;350.8px&#8221; custom_margin=&#8221;||2.1%|84px||&#8221; custom_padding=&#8221;45px|0px|45px|66px|true|false&#8221; animation_style=&#8221;slide&#8221; animation_direction=&#8221;bottom&#8221; animation_intensity_slide=&#8221;2%&#8221; box_shadow_style=&#8221;preset1&#8243; box_shadow_vertical=&#8221;-10px&#8221; box_shadow_blur=&#8221;60px&#8221; global_colors_info=&#8221;{}&#8221;][et_pb_row _builder_version=&#8221;4.9.10&#8243; _module_preset=&#8221;default&#8221; global_colors_info=&#8221;{}&#8221;][et_pb_column type=&#8221;4_4&#8243; _builder_version=&#8221;4.9.10&#8243; _module_preset=&#8221;default&#8221; global_colors_info=&#8221;{}&#8221;][et_pb_text _builder_version=&#8221;4.14.8&#8243; _module_preset=&#8221;default&#8221; text_text_color=&#8221;#ffffff&#8221; text_font_size=&#8221;60px&#8221; header_font=&#8221;Didact Gothic||||||||&#8221; header_text_color=&#8221;#ffffff&#8221; header_font_size=&#8221;60px&#8221; text_orientation=&#8221;center&#8221; custom_margin=&#8221;0px|||-60px|false|false&#8221; custom_padding=&#8221;0px||40px||false|false&#8221; header_font_size_tablet=&#8221;60px&#8221; header_font_size_phone=&#8221;40px&#8221; header_font_size_last_edited=&#8221;on|phone&#8221; global_colors_info=&#8221;{}&#8221;]<\/p>\n<h1>Formation Non Dipl\u00f4mante<\/h1>\n<p>[\/et_pb_text][\/et_pb_column][\/et_pb_row][\/et_pb_section][et_pb_section fb_built=&#8221;1&#8243; _builder_version=&#8221;4.14.8&#8243; _module_preset=&#8221;default&#8221; custom_padding=&#8221;11px|||||&#8221; global_colors_info=&#8221;{}&#8221;][et_pb_row _builder_version=&#8221;4.14.8&#8243; _module_preset=&#8221;default&#8221; global_colors_info=&#8221;{}&#8221;][et_pb_column type=&#8221;4_4&#8243; _builder_version=&#8221;4.14.8&#8243; _module_preset=&#8221;default&#8221; global_colors_info=&#8221;{}&#8221;][et_pb_text _builder_version=&#8221;4.14.8&#8243; _module_preset=&#8221;default&#8221; min_height=&#8221;443px&#8221; custom_margin=&#8221;||0px||false|false&#8221; custom_padding=&#8221;||0px|||&#8221; hover_enabled=&#8221;0&#8243; global_colors_info=&#8221;{}&#8221; sticky_enabled=&#8221;0&#8243;]<\/p>\n<p>La FTBM offre la possibilit\u00e9 de prendre des cours sans n\u00e9cessairement chercher \u00e0 obtenir un dipl\u00f4me. Cette formation non dipl\u00f4mante est une option pour les personnes qui d\u00e9sirent prendre quelques cours r\u00e9pondant \u00e0 un objectif\/int\u00e9r\u00eat bien pr\u00e9cis.<\/p>\n<p style=\"padding-left: 40px;\">Exemple 1 : J\u2019ai d\u00e9j\u00e0 un dipl\u00f4me en th\u00e9ologie. Cependant, je n\u2019ai pas eu de cours en langues bibliques ou je souhaiterais revoir quelques notions oubli\u00e9es. J\u2019aimerais donc m\u2019inscrire uniquement pour les cours de Grec et d\u2019H\u00e9breu.<\/p>\n<p style=\"padding-left: 40px;\">Exemple 2 : Je vais donner une formation pour le groupe des femmes de mon \u00e9glise sur les disciplines spirituelles. J\u2019aimerais donc m\u2019inscrire afin de prendre les cours relatifs \u00e0 ce sujet.<\/p>\n<p>Le syst\u00e8me est le m\u00eame que la formation dipl\u00f4mante \u2013 \u00e0 savoir, le syst\u00e8me de cr\u00e9dits. L\u2019\u00e9tudiant(e) qui poursuit une formation non dipl\u00f4mante accumule aussi des cr\u00e9dits pour chaque cours valid\u00e9 \u00e0 la fin de chaque semestre. La diff\u00e9rence repose sur le fait que l\u2019\u00e9tudiant(e) ne cherche pas \u00e0 accumuler des cr\u00e9dits en vue de l\u2019obtention d\u2019un dipl\u00f4me. Le syst\u00e8me de cr\u00e9dits offre cependant la flexibilit\u00e9 de passer ais\u00e9ment d\u2019une formation non dipl\u00f4mante \u00e0 une formation dipl\u00f4mante. En effet, puisque les cr\u00e9dits sont aussi accumul\u00e9s, l\u2019\u00e9tudiant(e) peut tout simplement continuer \u00e0 valider les cr\u00e9dits n\u00e9cessaires \u00e0 l\u2019obtention d\u2019un dipl\u00f4me.<\/p>\n<p>[\/et_pb_text][et_pb_button button_url=&#8221;https:\/\/ftbm.mg\/admissions\/&#8221; button_text=&#8221;Apply Now&#8221; button_alignment=&#8221;center&#8221; _builder_version=&#8221;4.14.8&#8243; _module_preset=&#8221;default&#8221; hover_enabled=&#8221;0&#8243; global_colors_info=&#8221;{}&#8221; sticky_enabled=&#8221;0&#8243;][\/et_pb_button][\/et_pb_column][\/et_pb_row][\/et_pb_section]<\/p>","protected":false},"excerpt":{"rendered":"<p>Non-Degree ProgramsFTBM offers the possibility to register for courses without pursuing a degree. This Non-Degree Program is an option for those who wish to take certain courses for a definite purpose. Example 1: I already have a degree in theology. However, I have not taken the biblical languages, or I wish to refresh my knowledge. [&hellip;]<\/p>","protected":false},"author":3,"featured_media":0,"parent":0,"menu_order":0,"comment_status":"closed","ping_status":"closed","template":"","meta":{"_et_pb_use_builder":"on","_et_pb_old_content":"","_et_gb_content_width":"","footnotes":""},"class_list":["post-2951","page","type-page","status-publish","hentry"],"_links":{"self":[{"href":"https:\/\/ftbm.mg\/fr\/wp-json\/wp\/v2\/pages\/2951","targetHints":{"allow":["GET"]}}],"collection":[{"href":"https:\/\/ftbm.mg\/fr\/wp-json\/wp\/v2\/pages"}],"about":[{"href":"https:\/\/ftbm.mg\/fr\/wp-json\/wp\/v2\/types\/page"}],"author":[{"embeddable":true,"href":"https:\/\/ftbm.mg\/fr\/wp-json\/wp\/v2\/users\/3"}],"replies":[{"embeddable":true,"href":"https:\/\/ftbm.mg\/fr\/wp-json\/wp\/v2\/comments?post=2951"}],"version-history":[{"count":0,"href":"https:\/\/ftbm.mg\/fr\/wp-json\/wp\/v2\/pages\/2951\/revisions"}],"wp:attachment":[{"href":"https:\/\/ftbm.mg\/fr\/wp-json\/wp\/v2\/media?parent=2951"}],"curies":[{"name":"wp","href":"https:\/\/api.w.org\/{rel}","templated":true}]}}