{"id":2609,"date":"2022-03-12T13:19:45","date_gmt":"2022-03-12T13:19:45","guid":{"rendered":"https:\/\/ftbm.mg\/?page_id=2609"},"modified":"2022-07-13T23:53:46","modified_gmt":"2022-07-13T23:53:46","slug":"faculty-profile_kayla","status":"publish","type":"page","link":"https:\/\/ftbm.mg\/fr\/faculty-profile_kayla\/","title":{"rendered":"Faculty Profile_Kayla"},"content":{"rendered":"<p>[et_pb_section fb_built=&#8221;1&#8243; fullwidth=&#8221;on&#8221; admin_label=&#8221;Header&#8221; _builder_version=&#8221;4.14.8&#8243; background_image=&#8221;https:\/\/ftbm.mg\/wp-content\/uploads\/2022\/03\/faculty-profile-scaled.jpg&#8221; parallax=&#8221;on&#8221; custom_padding=&#8221;||1px|||&#8221; global_colors_info=&#8221;{}&#8221;][et_pb_fullwidth_header title=&#8221;Faculty Profile&#8221; subhead=&#8221;Kayla RAZAFIMBAHINY&#8221; text_orientation=&#8221;center&#8221; _builder_version=&#8221;4.14.8&#8243; title_font=&#8221;Didact Gothic||||||||&#8221; title_font_size=&#8221;60px&#8221; title_line_height=&#8221;1.3em&#8221; content_font=&#8221;||||||||&#8221; subhead_font=&#8221;Didact Gothic||||||||&#8221; subhead_font_size=&#8221;25px&#8221; subhead_line_height=&#8221;1.8em&#8221; background_enable_color=&#8221;off&#8221; background_color_gradient_start=&#8221;rgba(102,133,221,0.37)&#8221; background_color_gradient_end=&#8221;rgba(31,31,71,0.81)&#8221; custom_button_one=&#8221;on&#8221; button_one_text_size=&#8221;16px&#8221; button_one_text_color=&#8221;#ffffff&#8221; button_one_bg_color=&#8221;#a0beef&#8221; button_one_border_width=&#8221;8px&#8221; button_one_border_color=&#8221;rgba(0,0,0,0)&#8221; button_one_border_radius=&#8221;0px&#8221; button_one_letter_spacing=&#8221;3px&#8221; button_one_font=&#8221;Didact Gothic|700||on|||||&#8221; button_one_use_icon=&#8221;off&#8221; custom_button_two=&#8221;on&#8221; button_two_text_size=&#8221;16px&#8221; button_two_text_color=&#8221;#34587c&#8221; button_two_bg_color=&#8221;#ffffff&#8221; button_two_border_width=&#8221;8px&#8221; button_two_border_color=&#8221;rgba(0,0,0,0)&#8221; button_two_border_radius=&#8221;0px&#8221; button_two_letter_spacing=&#8221;3px&#8221; button_two_font=&#8221;Didact Gothic|700||on|||||&#8221; button_two_icon=&#8221;&#x49;||divi||400&#8243; button_two_icon_placement=&#8221;left&#8221; button_two_on_hover=&#8221;off&#8221; min_height=&#8221;350.7px&#8221; custom_margin=&#8221;|0px|1px||false|false&#8221; custom_padding=&#8221;6vw||7vw||false|false&#8221; custom_padding_tablet=&#8221;&#8221; custom_padding_phone=&#8221;||80px&#8221; custom_padding_last_edited=&#8221;on|phone&#8221; animation_style=&#8221;fade&#8221; animation_starting_opacity=&#8221;45%&#8221; title_font_size_tablet=&#8221;40px&#8221; title_font_size_phone=&#8221;30px&#8221; title_font_size_last_edited=&#8221;on|phone&#8221; subhead_font_size_tablet=&#8221;&#8221; subhead_font_size_phone=&#8221;18px&#8221; subhead_font_size_last_edited=&#8221;on|phone&#8221; global_colors_info=&#8221;{}&#8221;][\/et_pb_fullwidth_header][\/et_pb_section][et_pb_section fb_built=&#8221;1&#8243; _builder_version=&#8221;4.14.8&#8243; _module_preset=&#8221;default&#8221; global_colors_info=&#8221;{}&#8221;][et_pb_row column_structure=&#8221;2_5,3_5&#8243; _builder_version=&#8221;4.14.8&#8243; _module_preset=&#8221;default&#8221; global_colors_info=&#8221;{}&#8221;][et_pb_column type=&#8221;2_5&#8243; _builder_version=&#8221;4.14.8&#8243; _module_preset=&#8221;default&#8221; global_colors_info=&#8221;{}&#8221;][et_pb_team_member name=&#8221;Kayla E. RAZAFIMBAHINY&#8221; position=&#8221;English for Academic writing, Business Administration, Women&#8217;s Studies&#8221; image_url=&#8221;https:\/\/ftbm.mg\/wp-content\/uploads\/2021\/10\/Razafimbahiny-Kayla.jpg&#8221; _builder_version=&#8221;4.14.8&#8243; _module_preset=&#8221;default&#8221; global_colors_info=&#8221;{}&#8221;][\/et_pb_team_member][\/et_pb_column][et_pb_column type=&#8221;3_5&#8243; _builder_version=&#8221;4.14.8&#8243; _module_preset=&#8221;default&#8221; global_colors_info=&#8221;{}&#8221;][et_pb_text ul_type=&#8221;square&#8221; _builder_version=&#8221;4.14.8&#8243; _module_preset=&#8221;default&#8221; global_colors_info=&#8221;{}&#8221;]<\/p>\n<h1><strong>Formation<\/strong><\/h1>\n<p><strong><\/strong><\/p>\n<ul>\n<li>Master of Business Administration, Louisiana State University of Shreveport, Louisiane, USA, 2021.<\/li>\n<li>Master of Arts in Missiology, Southwestern Baptist Theological Seminary, Fort Worth, TX, USA, 2016.<\/li>\n<li>Bachelor of Arts in Psychology, University of North Texas, Denton, TX, USA, 2012.<\/li>\n<\/ul>\n<p>&nbsp;<\/p>\n<p>[\/et_pb_text][et_pb_text ul_type=&#8221;square&#8221; _builder_version=&#8221;4.14.8&#8243; _module_preset=&#8221;default&#8221; hover_enabled=&#8221;0&#8243; global_colors_info=&#8221;{}&#8221; sticky_enabled=&#8221;0&#8243;]<\/p>\n<h1><strong>Pr\u00e9sentation<\/strong><\/h1>\n<p>&nbsp;<\/p>\n<p style=\"text-align: justify;\">Kayla Razafimbahiny a grandi dans le sud du Texas. Administratrice d'entreprise de formation, elle est administratrice de bureau \u00e0 la Gecko Green Company \u00e0 Irving, au Texas.<\/p>\n<p style=\"text-align: justify;\">Elle a une passion pour l'\u00e9vang\u00e9lisation et la mission. Tout en travaillant sur sa ma\u00eetrise en missiologie, elle a rejoint l'IMB (International Mission Board) et a v\u00e9cu comme missionnaire \u00e0 Rakhiv, en Ukraine, de 2014 \u00e0 2015. Elle pr\u00e9side le comit\u00e9 d'\u00e9vang\u00e9lisation et sert aupr\u00e8s de l'\u00e9quipe audiovisuelle le dimanche matin dans son \u00e9glise locale, South Hills Baptist Church \u00e0 Fort Worth, Texas. Elle est mari\u00e9e \u00e0 Herimanjato Razafimbahiny. Ils sont les parents de trois filles. La famille Razafimbahiny vit \u00e0 Hurst, Texas.<\/p>\n<p>[\/et_pb_text][et_pb_text _builder_version=&#8221;4.14.8&#8243; _module_preset=&#8221;default&#8221; global_colors_info=&#8221;{}&#8221;]<\/p>\n<p><a href=\"https:\/\/ftbm.mg\/fr\/faculty\/\">Retour \u00e0 la liste des enseignants<\/a><\/p>\n<p>[\/et_pb_text][\/et_pb_column][\/et_pb_row][\/et_pb_section]<\/p>","protected":false},"excerpt":{"rendered":"<p>Education Master of Business Administration, Louisiana State University of Shreveport, Louisiana, USA, 2021. Master of Arts in Missiology, Southwestern Baptist Theological Seminary, Fort Worth, TX, USA, 2016. Bachelor of Arts in Psychology, University of North Texas, Denton, TX, USA, 2012. &nbsp;About &nbsp; Kayla Razafimbahiny grew up in South Texas. A business administrator by trade, she [&hellip;]<\/p>","protected":false},"author":3,"featured_media":0,"parent":0,"menu_order":0,"comment_status":"closed","ping_status":"closed","template":"","meta":{"_et_pb_use_builder":"on","_et_pb_old_content":"","_et_gb_content_width":"","footnotes":""},"class_list":["post-2609","page","type-page","status-publish","hentry"],"_links":{"self":[{"href":"https:\/\/ftbm.mg\/fr\/wp-json\/wp\/v2\/pages\/2609","targetHints":{"allow":["GET"]}}],"collection":[{"href":"https:\/\/ftbm.mg\/fr\/wp-json\/wp\/v2\/pages"}],"about":[{"href":"https:\/\/ftbm.mg\/fr\/wp-json\/wp\/v2\/types\/page"}],"author":[{"embeddable":true,"href":"https:\/\/ftbm.mg\/fr\/wp-json\/wp\/v2\/users\/3"}],"replies":[{"embeddable":true,"href":"https:\/\/ftbm.mg\/fr\/wp-json\/wp\/v2\/comments?post=2609"}],"version-history":[{"count":0,"href":"https:\/\/ftbm.mg\/fr\/wp-json\/wp\/v2\/pages\/2609\/revisions"}],"wp:attachment":[{"href":"https:\/\/ftbm.mg\/fr\/wp-json\/wp\/v2\/media?parent=2609"}],"curies":[{"name":"wp","href":"https:\/\/api.w.org\/{rel}","templated":true}]}}