{"id":2605,"date":"2022-03-12T13:14:09","date_gmt":"2022-03-12T13:14:09","guid":{"rendered":"https:\/\/ftbm.mg\/?page_id=2605"},"modified":"2022-04-20T02:42:59","modified_gmt":"2022-04-20T02:42:59","slug":"faculty-profile_faly","status":"publish","type":"page","link":"https:\/\/ftbm.mg\/fr\/faculty-profile_faly\/","title":{"rendered":"Faculty Profile_Faly"},"content":{"rendered":"<p>[et_pb_section fb_built=&#8221;1&#8243; fullwidth=&#8221;on&#8221; admin_label=&#8221;Header&#8221; _builder_version=&#8221;4.14.8&#8243; background_image=&#8221;https:\/\/ftbm.mg\/wp-content\/uploads\/2022\/03\/faculty-profile-scaled.jpg&#8221; parallax=&#8221;on&#8221; custom_padding=&#8221;||1px|||&#8221; global_colors_info=&#8221;{}&#8221;][et_pb_fullwidth_header title=&#8221;Faculty Profile&#8221; subhead=&#8221;Faly RAVOAHANGY&#8221; text_orientation=&#8221;center&#8221; _builder_version=&#8221;4.14.8&#8243; title_font=&#8221;Didact Gothic||||||||&#8221; title_font_size=&#8221;60px&#8221; title_line_height=&#8221;1.3em&#8221; content_font=&#8221;||||||||&#8221; subhead_font=&#8221;Didact Gothic||||||||&#8221; subhead_font_size=&#8221;25px&#8221; subhead_line_height=&#8221;1.8em&#8221; background_enable_color=&#8221;off&#8221; background_color_gradient_start=&#8221;rgba(102,133,221,0.37)&#8221; background_color_gradient_end=&#8221;rgba(31,31,71,0.81)&#8221; custom_button_one=&#8221;on&#8221; button_one_text_size=&#8221;16px&#8221; button_one_text_color=&#8221;#ffffff&#8221; button_one_bg_color=&#8221;#a0beef&#8221; button_one_border_width=&#8221;8px&#8221; button_one_border_color=&#8221;rgba(0,0,0,0)&#8221; button_one_border_radius=&#8221;0px&#8221; button_one_letter_spacing=&#8221;3px&#8221; button_one_font=&#8221;Didact Gothic|700||on|||||&#8221; button_one_use_icon=&#8221;off&#8221; custom_button_two=&#8221;on&#8221; button_two_text_size=&#8221;16px&#8221; button_two_text_color=&#8221;#34587c&#8221; button_two_bg_color=&#8221;#ffffff&#8221; button_two_border_width=&#8221;8px&#8221; button_two_border_color=&#8221;rgba(0,0,0,0)&#8221; button_two_border_radius=&#8221;0px&#8221; button_two_letter_spacing=&#8221;3px&#8221; button_two_font=&#8221;Didact Gothic|700||on|||||&#8221; button_two_icon=&#8221;&#x49;||divi||400&#8243; button_two_icon_placement=&#8221;left&#8221; button_two_on_hover=&#8221;off&#8221; min_height=&#8221;350.7px&#8221; custom_margin=&#8221;|0px|1px||false|false&#8221; custom_padding=&#8221;6vw||7vw||false|false&#8221; custom_padding_tablet=&#8221;&#8221; custom_padding_phone=&#8221;||80px&#8221; custom_padding_last_edited=&#8221;on|phone&#8221; animation_style=&#8221;fade&#8221; animation_starting_opacity=&#8221;45%&#8221; title_font_size_tablet=&#8221;40px&#8221; title_font_size_phone=&#8221;30px&#8221; title_font_size_last_edited=&#8221;on|phone&#8221; subhead_font_size_tablet=&#8221;&#8221; subhead_font_size_phone=&#8221;18px&#8221; subhead_font_size_last_edited=&#8221;on|phone&#8221; global_colors_info=&#8221;{}&#8221;][\/et_pb_fullwidth_header][\/et_pb_section][et_pb_section fb_built=&#8221;1&#8243; _builder_version=&#8221;4.14.8&#8243; _module_preset=&#8221;default&#8221; global_colors_info=&#8221;{}&#8221;][et_pb_row column_structure=&#8221;2_5,3_5&#8243; _builder_version=&#8221;4.14.8&#8243; _module_preset=&#8221;default&#8221; global_colors_info=&#8221;{}&#8221;][et_pb_column type=&#8221;2_5&#8243; _builder_version=&#8221;4.14.8&#8243; _module_preset=&#8221;default&#8221; global_colors_info=&#8221;{}&#8221;][et_pb_team_member name=&#8221;Faly RAVOAHANGY&#8221; position=&#8221;Pastoral Theology, Practical Theology&#8221; image_url=&#8221;https:\/\/ftbm.mg\/wp-content\/uploads\/2021\/08\/Faly-RAVOAHANGY.jpg&#8221; _builder_version=&#8221;4.14.8&#8243; _module_preset=&#8221;default&#8221; global_colors_info=&#8221;{}&#8221;][\/et_pb_team_member][\/et_pb_column][et_pb_column type=&#8221;3_5&#8243; _builder_version=&#8221;4.14.8&#8243; _module_preset=&#8221;default&#8221; global_colors_info=&#8221;{}&#8221;][et_pb_text ul_type=&#8221;square&#8221; _builder_version=&#8221;4.14.8&#8243; _module_preset=&#8221;default&#8221; hover_enabled=&#8221;0&#8243; global_colors_info=&#8221;{}&#8221; sticky_enabled=&#8221;0&#8243;]<\/p>\n<h1><strong>Formation<\/strong><\/h1>\n<p><strong><\/strong><\/p>\n<ul>\n<li>Doctor of Ministry, Expository Preaching, The Master\u2019s Seminary, Los Angeles, CA, USA, 2022.<\/li>\n<li>Master of Divinity, The Master\u2019s Seminary, Los Angeles, CA, USA, 2017.<\/li>\n<li>Master Officier de Marine Marchande <em>\u00c9cole Nationale de la Marine Marchande<\/em>, Sainte-Adresse (Le Havre), France, 2001.<\/li>\n<\/ul>\n<p>&nbsp;<\/p>\n<p>[\/et_pb_text][et_pb_text ul_type=&#8221;square&#8221; _builder_version=&#8221;4.14.8&#8243; _module_preset=&#8221;default&#8221; hover_enabled=&#8221;0&#8243; global_colors_info=&#8221;{}&#8221; sticky_enabled=&#8221;0&#8243;]<\/p>\n<h1><strong>Pr\u00e9sentation<\/strong><\/h1>\n<p>&nbsp;<\/p>\n<p style=\"text-align: justify;\">Faly Ravoahangy a suivi une formation d'officier de marine marchande avant de r\u00e9pondre \u00e0 l'appel du Seigneur de s'engager dans le minist\u00e8re. Apr\u00e8s avoir termin\u00e9 son Master of Divinity \u00e0 Master's Seminary en Californie, USA, il a \u00e9t\u00e9 envoy\u00e9 comme missionnaire dans son propre pays, Madagascar. Il a cr\u00e9\u00e9 Madagascar 3M, un minist\u00e8re qui s'efforce d'identifier, de former et d'\u00e9quiper la prochaine g\u00e9n\u00e9ration de leaders d'\u00e9glises \u00e0 Madagascar en collaboration avec les structures existantes. Faly a termin\u00e9 son doctorat en pr\u00e9dication textuelle au Master's Seminary en Californie en mai 2022. Il est \u00e9galement pasteur et ancien de l'\u00e9glise baptiste biblique Ankadivato \u00e0 Antananarivo. Il aime le basket-ball, lire et passer du temps avec sa femme Lily. Ils sont les heureux parents de cinq enfants.<\/p>\n<p>[\/et_pb_text][et_pb_text _builder_version=&#8221;4.14.8&#8243; _module_preset=&#8221;default&#8221; global_colors_info=&#8221;{}&#8221;]<\/p>\n<p><a href=\"https:\/\/ftbm.mg\/fr\/faculty\/\">Retour \u00e0 la liste des enseignants<\/a><\/p>\n<p>[\/et_pb_text][\/et_pb_column][\/et_pb_row][\/et_pb_section]<\/p>","protected":false},"excerpt":{"rendered":"<p>Education Doctor of Ministry, Expository Preaching, The Master\u2019s Seminary, Los Angeles, CA, USA, 2022. Master of Divinity, The Master\u2019s Seminary, Los Angeles, CA, USA, 2017. Master\u2019s Degree as Dual-Purpose Merchant Marine Officer, \u00c9cole Nationale de la Marine Marchande, Sainte-Adresse (Le Havre), France, 2001. &nbsp;About &nbsp; Faly Ravoahangy was trained as a dual-purpose merchant marine officer [&hellip;]<\/p>","protected":false},"author":3,"featured_media":0,"parent":0,"menu_order":0,"comment_status":"closed","ping_status":"closed","template":"","meta":{"_et_pb_use_builder":"on","_et_pb_old_content":"","_et_gb_content_width":"","footnotes":""},"class_list":["post-2605","page","type-page","status-publish","hentry"],"_links":{"self":[{"href":"https:\/\/ftbm.mg\/fr\/wp-json\/wp\/v2\/pages\/2605","targetHints":{"allow":["GET"]}}],"collection":[{"href":"https:\/\/ftbm.mg\/fr\/wp-json\/wp\/v2\/pages"}],"about":[{"href":"https:\/\/ftbm.mg\/fr\/wp-json\/wp\/v2\/types\/page"}],"author":[{"embeddable":true,"href":"https:\/\/ftbm.mg\/fr\/wp-json\/wp\/v2\/users\/3"}],"replies":[{"embeddable":true,"href":"https:\/\/ftbm.mg\/fr\/wp-json\/wp\/v2\/comments?post=2605"}],"version-history":[{"count":0,"href":"https:\/\/ftbm.mg\/fr\/wp-json\/wp\/v2\/pages\/2605\/revisions"}],"wp:attachment":[{"href":"https:\/\/ftbm.mg\/fr\/wp-json\/wp\/v2\/media?parent=2605"}],"curies":[{"name":"wp","href":"https:\/\/api.w.org\/{rel}","templated":true}]}}