{"id":2601,"date":"2022-03-12T13:09:37","date_gmt":"2022-03-12T13:09:37","guid":{"rendered":"https:\/\/ftbm.mg\/?page_id=2601"},"modified":"2022-04-13T07:30:11","modified_gmt":"2022-04-13T07:30:11","slug":"faculty-profile_faly-rampa","status":"publish","type":"page","link":"https:\/\/ftbm.mg\/fr\/faculty-profile_faly-rampa\/","title":{"rendered":"Faculty Profile_Falimanantsoa"},"content":{"rendered":"<p>[et_pb_section fb_built=&#8221;1&#8243; fullwidth=&#8221;on&#8221; admin_label=&#8221;Header&#8221; _builder_version=&#8221;4.14.8&#8243; background_image=&#8221;https:\/\/ftbm.mg\/wp-content\/uploads\/2022\/03\/faculty-profile-scaled.jpg&#8221; parallax=&#8221;on&#8221; custom_padding=&#8221;||1px|||&#8221; global_colors_info=&#8221;{}&#8221;][et_pb_fullwidth_header title=&#8221;Faculty Profile&#8221; subhead=&#8221;Falimanantsoa RAPANOELINA&#8221; text_orientation=&#8221;center&#8221; _builder_version=&#8221;4.14.8&#8243; title_font=&#8221;Didact Gothic||||||||&#8221; title_font_size=&#8221;60px&#8221; title_line_height=&#8221;1.3em&#8221; content_font=&#8221;||||||||&#8221; subhead_font=&#8221;Didact Gothic||||||||&#8221; subhead_font_size=&#8221;25px&#8221; subhead_line_height=&#8221;1.8em&#8221; background_enable_color=&#8221;off&#8221; background_color_gradient_start=&#8221;rgba(102,133,221,0.37)&#8221; background_color_gradient_end=&#8221;rgba(31,31,71,0.81)&#8221; custom_button_one=&#8221;on&#8221; button_one_text_size=&#8221;16px&#8221; button_one_text_color=&#8221;#ffffff&#8221; button_one_bg_color=&#8221;#a0beef&#8221; button_one_border_width=&#8221;8px&#8221; button_one_border_color=&#8221;rgba(0,0,0,0)&#8221; button_one_border_radius=&#8221;0px&#8221; button_one_letter_spacing=&#8221;3px&#8221; button_one_font=&#8221;Didact Gothic|700||on|||||&#8221; button_one_use_icon=&#8221;off&#8221; custom_button_two=&#8221;on&#8221; button_two_text_size=&#8221;16px&#8221; button_two_text_color=&#8221;#34587c&#8221; button_two_bg_color=&#8221;#ffffff&#8221; button_two_border_width=&#8221;8px&#8221; button_two_border_color=&#8221;rgba(0,0,0,0)&#8221; button_two_border_radius=&#8221;0px&#8221; button_two_letter_spacing=&#8221;3px&#8221; button_two_font=&#8221;Didact Gothic|700||on|||||&#8221; button_two_icon=&#8221;&#x49;||divi||400&#8243; button_two_icon_placement=&#8221;left&#8221; button_two_on_hover=&#8221;off&#8221; min_height=&#8221;350.7px&#8221; custom_margin=&#8221;|0px|1px||false|false&#8221; custom_padding=&#8221;6vw||7vw||false|false&#8221; custom_padding_tablet=&#8221;&#8221; custom_padding_phone=&#8221;||80px&#8221; custom_padding_last_edited=&#8221;on|phone&#8221; animation_style=&#8221;fade&#8221; animation_starting_opacity=&#8221;45%&#8221; title_font_size_tablet=&#8221;40px&#8221; title_font_size_phone=&#8221;30px&#8221; title_font_size_last_edited=&#8221;on|phone&#8221; subhead_font_size_tablet=&#8221;&#8221; subhead_font_size_phone=&#8221;18px&#8221; subhead_font_size_last_edited=&#8221;on|phone&#8221; global_colors_info=&#8221;{}&#8221;][\/et_pb_fullwidth_header][\/et_pb_section][et_pb_section fb_built=&#8221;1&#8243; _builder_version=&#8221;4.14.8&#8243; _module_preset=&#8221;default&#8221; global_colors_info=&#8221;{}&#8221;][et_pb_row column_structure=&#8221;2_5,3_5&#8243; _builder_version=&#8221;4.14.8&#8243; _module_preset=&#8221;default&#8221; hover_enabled=&#8221;0&#8243; global_colors_info=&#8221;{}&#8221; sticky_enabled=&#8221;0&#8243;][et_pb_column type=&#8221;2_5&#8243; _builder_version=&#8221;4.14.8&#8243; _module_preset=&#8221;default&#8221; global_colors_info=&#8221;{}&#8221;][et_pb_team_member name=&#8221;Falimanantsoa F.F. RAPANOELINA&#8221; position=&#8221;Biblical Hermeneutics, Biblical Greek&#8221; image_url=&#8221;https:\/\/ftbm.mg\/wp-content\/uploads\/2021\/08\/Falimanantsoa-F.-F.-RAPANOELINA.jpg&#8221; _builder_version=&#8221;4.14.8&#8243; _module_preset=&#8221;default&#8221; hover_enabled=&#8221;0&#8243; global_colors_info=&#8221;{}&#8221; sticky_enabled=&#8221;0&#8243;][\/et_pb_team_member][\/et_pb_column][et_pb_column type=&#8221;3_5&#8243; _builder_version=&#8221;4.14.8&#8243; _module_preset=&#8221;default&#8221; global_colors_info=&#8221;{}&#8221;][et_pb_text ul_type=&#8221;square&#8221; _builder_version=&#8221;4.14.8&#8243; _module_preset=&#8221;default&#8221; global_colors_info=&#8221;{}&#8221;]<\/p>\n<h1><strong>Formation<\/strong><\/h1>\n<p><strong><\/strong><\/p>\n<ul>\n<li>Mast\u00e8re en Th\u00e9ologie,<em> Facult\u00e9 Libre de Th\u00e9ologie \u00c9vang\u00e9lique de Vaux-sur-Seine (FLTE)<\/em>, France, 2013.<\/li>\n<li>Master I en Th\u00e9ologie, <em>Institut <\/em><em>Superieur de Th\u00e9ologie \u00c9vang\u00e9lique<\/em><em> (ISTE)<\/em>, Antananarivo, 2009.<\/li>\n<li>Formation Th\u00e9ologique (3 ans) <em>Centre de Formation de l\u2019Oc\u00e9an Indien (CEFOI)<\/em>, Antananarivo, 1999-2001.<\/li>\n<\/ul>\n<p>&nbsp;<\/p>\n<p>[\/et_pb_text][et_pb_text ul_type=&#8221;square&#8221; _builder_version=&#8221;4.14.8&#8243; _module_preset=&#8221;default&#8221; global_colors_info=&#8221;{}&#8221;]<\/p>\n<h1><strong>Pr\u00e9sentation<\/strong><\/h1>\n<p>&nbsp;<\/p>\n<p style=\"text-align: justify;\">Faly Rapanoelina enseigne l'histoire et la philosophie \u00e0 l'ISTE d'Ambohitrarahaba, Antananarivo. Il est \u00e9galement conf\u00e9rencier au <em>S\u00e9minaire Biblique Baptiste de Madagascar, <\/em>\u00e0 Antsirabe ainsi qu'au <em>Centre de Formation de l'Oc\u00e9an Indien (CEFOI)<\/em> \u00e0 Ambohimangakely, Antananarivo.<\/p>\n<p style=\"text-align: justify;\">Il est le fondateur et enseignant \u00e0 <em>Gasy Mahay Mamaky Baiboly<\/em> (GMMB), un minist\u00e8re qui enseigne les Malgaches \u00e0 la lecture et \u00e0 la compr\u00e9hension de la Bible afin d'aimer, lire et vivre quotidiennement la Parole de Dieu. Il est l'un des anciens de l'IBC-Biblical Baptist Church d'Antsahabe ainsi que le Vice-Pr\u00e9sident du Comit\u00e9 (de la branche Antananarivo) de la <em>Ligue pour la Lecture de la Bible<\/em> \u00e0 Madagascar.<\/p>\n<p style=\"text-align: justify;\">Faly vit \u00e0 Itaosy (au sud d'Antananarivo) avec sa femme, Haingo, et leurs quatre enfants (2 gar\u00e7ons et 2 filles). Leur fils a\u00een\u00e9 est en deuxi\u00e8me ann\u00e9e d'\u00e9tudes th\u00e9ologiques \u00e0 l'ISTE. Faly aime lire.<\/p>\n<p>[\/et_pb_text][et_pb_text _builder_version=&#8221;4.14.8&#8243; _module_preset=&#8221;default&#8221; global_colors_info=&#8221;{}&#8221;]<\/p>\n<p><a href=\"https:\/\/ftbm.mg\/fr\/faculty\/\">Retour \u00e0 la liste des enseignants<\/a><\/p>\n<p>[\/et_pb_text][\/et_pb_column][\/et_pb_row][\/et_pb_section]<\/p>","protected":false},"excerpt":{"rendered":"<p>Education Master of Theology, Facult\u00e9 Libre de Th\u00e9ologie \u00c9vang\u00e9lique de Vaux-sur-Seine (FLTE), France, 2013. Master I in Theology, Institut Superieur de Th\u00e9ologie \u00c9vang\u00e9lique (ISTE), Antananarivo, 2009. Three-year theological training, Centre de Formation de l\u2019Oc\u00e9an Indien (CEFOI), Antananarivo, 1999-2001. &nbsp;About &nbsp; Faly Rapanoelina currently teaches History and Philosophy at ISTE in Ambohitrarahaba, Antananarivo. He is also [&hellip;]<\/p>","protected":false},"author":3,"featured_media":0,"parent":0,"menu_order":0,"comment_status":"closed","ping_status":"closed","template":"","meta":{"_et_pb_use_builder":"on","_et_pb_old_content":"","_et_gb_content_width":"","footnotes":""},"class_list":["post-2601","page","type-page","status-publish","hentry"],"_links":{"self":[{"href":"https:\/\/ftbm.mg\/fr\/wp-json\/wp\/v2\/pages\/2601","targetHints":{"allow":["GET"]}}],"collection":[{"href":"https:\/\/ftbm.mg\/fr\/wp-json\/wp\/v2\/pages"}],"about":[{"href":"https:\/\/ftbm.mg\/fr\/wp-json\/wp\/v2\/types\/page"}],"author":[{"embeddable":true,"href":"https:\/\/ftbm.mg\/fr\/wp-json\/wp\/v2\/users\/3"}],"replies":[{"embeddable":true,"href":"https:\/\/ftbm.mg\/fr\/wp-json\/wp\/v2\/comments?post=2601"}],"version-history":[{"count":0,"href":"https:\/\/ftbm.mg\/fr\/wp-json\/wp\/v2\/pages\/2601\/revisions"}],"wp:attachment":[{"href":"https:\/\/ftbm.mg\/fr\/wp-json\/wp\/v2\/media?parent=2601"}],"curies":[{"name":"wp","href":"https:\/\/api.w.org\/{rel}","templated":true}]}}