{"id":2590,"date":"2022-03-12T12:55:07","date_gmt":"2022-03-12T12:55:07","guid":{"rendered":"https:\/\/ftbm.mg\/?page_id=2590"},"modified":"2022-04-13T07:32:42","modified_gmt":"2022-04-13T07:32:42","slug":"faculty-profile_fianarana","status":"publish","type":"page","link":"https:\/\/ftbm.mg\/fr\/faculty-profile_fianarana\/","title":{"rendered":"Faculty Profile_Fianarana"},"content":{"rendered":"<p>[et_pb_section fb_built=&#8221;1&#8243; fullwidth=&#8221;on&#8221; admin_label=&#8221;Header&#8221; _builder_version=&#8221;4.14.8&#8243; background_image=&#8221;https:\/\/ftbm.mg\/wp-content\/uploads\/2022\/03\/faculty-profile-scaled.jpg&#8221; parallax=&#8221;on&#8221; custom_padding=&#8221;||1px|||&#8221; global_colors_info=&#8221;{}&#8221;][et_pb_fullwidth_header title=&#8221;Faculty Profile&#8221; subhead=&#8221;Fianarana RAMPANJATO&#8221; text_orientation=&#8221;center&#8221; _builder_version=&#8221;4.14.8&#8243; title_font=&#8221;Didact Gothic||||||||&#8221; title_font_size=&#8221;60px&#8221; title_line_height=&#8221;1.3em&#8221; content_font=&#8221;||||||||&#8221; subhead_font=&#8221;Didact Gothic||||||||&#8221; subhead_font_size=&#8221;25px&#8221; subhead_line_height=&#8221;1.8em&#8221; background_enable_color=&#8221;off&#8221; background_color_gradient_start=&#8221;rgba(102,133,221,0.37)&#8221; background_color_gradient_end=&#8221;rgba(31,31,71,0.81)&#8221; custom_button_one=&#8221;on&#8221; button_one_text_size=&#8221;16px&#8221; button_one_text_color=&#8221;#ffffff&#8221; button_one_bg_color=&#8221;#a0beef&#8221; button_one_border_width=&#8221;8px&#8221; button_one_border_color=&#8221;rgba(0,0,0,0)&#8221; button_one_border_radius=&#8221;0px&#8221; button_one_letter_spacing=&#8221;3px&#8221; button_one_font=&#8221;Didact Gothic|700||on|||||&#8221; button_one_use_icon=&#8221;off&#8221; custom_button_two=&#8221;on&#8221; button_two_text_size=&#8221;16px&#8221; button_two_text_color=&#8221;#34587c&#8221; button_two_bg_color=&#8221;#ffffff&#8221; button_two_border_width=&#8221;8px&#8221; button_two_border_color=&#8221;rgba(0,0,0,0)&#8221; button_two_border_radius=&#8221;0px&#8221; button_two_letter_spacing=&#8221;3px&#8221; button_two_font=&#8221;Didact Gothic|700||on|||||&#8221; button_two_icon=&#8221;&#x49;||divi||400&#8243; button_two_icon_placement=&#8221;left&#8221; button_two_on_hover=&#8221;off&#8221; min_height=&#8221;350.7px&#8221; custom_margin=&#8221;|0px|1px||false|false&#8221; custom_padding=&#8221;6vw||7vw||false|false&#8221; custom_padding_tablet=&#8221;&#8221; custom_padding_phone=&#8221;||80px&#8221; custom_padding_last_edited=&#8221;on|phone&#8221; animation_style=&#8221;fade&#8221; animation_starting_opacity=&#8221;45%&#8221; title_font_size_tablet=&#8221;40px&#8221; title_font_size_phone=&#8221;30px&#8221; title_font_size_last_edited=&#8221;on|phone&#8221; subhead_font_size_tablet=&#8221;&#8221; subhead_font_size_phone=&#8221;18px&#8221; subhead_font_size_last_edited=&#8221;on|phone&#8221; global_colors_info=&#8221;{}&#8221;][\/et_pb_fullwidth_header][\/et_pb_section][et_pb_section fb_built=&#8221;1&#8243; _builder_version=&#8221;4.14.8&#8243; _module_preset=&#8221;default&#8221; global_colors_info=&#8221;{}&#8221;][et_pb_row column_structure=&#8221;2_5,3_5&#8243; _builder_version=&#8221;4.14.8&#8243; _module_preset=&#8221;default&#8221; global_colors_info=&#8221;{}&#8221;][et_pb_column type=&#8221;2_5&#8243; _builder_version=&#8221;4.14.8&#8243; _module_preset=&#8221;default&#8221; global_colors_info=&#8221;{}&#8221;][et_pb_team_member name=&#8221;Fianarana RAMPANJATO&#8221; position=&#8221;Biblical Hebrew, Old Testament&#8221; image_url=&#8221;https:\/\/ftbm.mg\/wp-content\/uploads\/2021\/10\/Rampanjato-Fianarana.jpg&#8221; _builder_version=&#8221;4.14.8&#8243; _module_preset=&#8221;default&#8221; hover_enabled=&#8221;0&#8243; global_colors_info=&#8221;{}&#8221; sticky_enabled=&#8221;0&#8243;][\/et_pb_team_member][\/et_pb_column][et_pb_column type=&#8221;3_5&#8243; _builder_version=&#8221;4.14.8&#8243; _module_preset=&#8221;default&#8221; global_colors_info=&#8221;{}&#8221;][et_pb_text ul_type=&#8221;square&#8221; _builder_version=&#8221;4.14.8&#8243; _module_preset=&#8221;default&#8221; global_colors_info=&#8221;{}&#8221;]<\/p>\n<h1><strong>Formation<\/strong><\/h1>\n<p><strong><\/strong><\/p>\n<ul>\n<li>Master of Arts with Specialization in Hebrew (in progress), University of the Free State, Afrique du Sud.<\/li>\n<li>Master of Arts in Biblical Studies, Africa International University, Kenya, 2015.<\/li>\n<li><em>Dipl\u00f4me de Hautes \u00c9tudes en Sciences d\u2019Administration des Entreprises<\/em><span>\u00a0<\/span>(MBA),<span>\u00a0<\/span><em>Institut National des Sciences Comptables et de l\u2019Administration des Entreprises (INSCAE),<span>\u00a0<\/span><\/em>Madagascar.<\/li>\n<\/ul>\n<p>&nbsp;<\/p>\n<p>[\/et_pb_text][et_pb_text ul_type=&#8221;square&#8221; _builder_version=&#8221;4.14.8&#8243; _module_preset=&#8221;default&#8221; global_colors_info=&#8221;{}&#8221;]<\/p>\n<h1><strong>Pr\u00e9sentation<\/strong><\/h1>\n<p>&nbsp;<\/p>\n<p>Depuis 2018, Fianarana Rampanjato est en charge des finances et de la direction g\u00e9n\u00e9rale du<span>\u00a0<\/span><em>R\u00e9seau Transafricain de Formation,<\/em><span>\u00a0<\/span>une organisation pr\u00e9sente dans dix pays francophones d'Afrique. Il a \u00e9t\u00e9 professeur invit\u00e9 au<span>\u00a0<\/span><em>S\u00e9minaire Biblique Baptiste de Madagascar,<span>\u00a0<\/span><\/em>\u00e0 Antsirabe. En 2017, Fianarana a \u00e9galement dirig\u00e9 la section Jeunesse de l'Association des \u00c9glises Baptistes de Madagascar. Avec son dipl\u00f4me en administration, il a occup\u00e9 divers postes de direction tels que directeur g\u00e9n\u00e9ral et administrateur adjoint de<span>\u00a0<\/span><em>l'H\u00f4pital Vaovao Mahafaly (HVM)<\/em><span>\u00a0<\/span>(<em>\u00e0 Mandritsara,<\/em>Madagascar (2018\u20132019).<\/p>\n<p>Depuis 2017, il pr\u00e9pare un doctorat en H\u00e9breu (avec l'aide de Langham Partnership). Il enseigne la parole de Dieu \u00e0 l'\u00e9glise baptiste biblique d'Andavamamba, o\u00f9 il est \u00e9galement ancien. Il est mari\u00e9 \u00e0 Hana Ranaivozanany et vit \u00e0 Bloemfontein, Free State, Afrique du Sud.<\/p>\n<p>[\/et_pb_text][et_pb_text _builder_version=&#8221;4.14.8&#8243; _module_preset=&#8221;default&#8221; global_colors_info=&#8221;{}&#8221;]<\/p>\n<p><a href=\"https:\/\/ftbm.mg\/fr\/faculty\/\">Retour \u00e0 la liste des enseignants<\/a><\/p>\n<p>[\/et_pb_text][\/et_pb_column][\/et_pb_row][\/et_pb_section]<\/p>","protected":false},"excerpt":{"rendered":"<p>Education Master of Arts with Specialization in Hebrew (in progress), University of the Free State, Republic of South Africa. Master of Arts in Biblical Studies, Africa International University, Kenya, 2015. Dipl\u00f4me de Hautes \u00c9tudes en Sciences d\u2019Administration des Entreprises\u00a0(MBA),\u00a0Institut National des Sciences Comptables et de l\u2019Administration des Entreprises (INSCAE),\u00a0Madagascar. &nbsp;About &nbsp; Since 2018, Fianarana Rampanjato [&hellip;]<\/p>","protected":false},"author":3,"featured_media":0,"parent":0,"menu_order":0,"comment_status":"closed","ping_status":"closed","template":"","meta":{"_et_pb_use_builder":"on","_et_pb_old_content":"","_et_gb_content_width":"","footnotes":""},"class_list":["post-2590","page","type-page","status-publish","hentry"],"_links":{"self":[{"href":"https:\/\/ftbm.mg\/fr\/wp-json\/wp\/v2\/pages\/2590","targetHints":{"allow":["GET"]}}],"collection":[{"href":"https:\/\/ftbm.mg\/fr\/wp-json\/wp\/v2\/pages"}],"about":[{"href":"https:\/\/ftbm.mg\/fr\/wp-json\/wp\/v2\/types\/page"}],"author":[{"embeddable":true,"href":"https:\/\/ftbm.mg\/fr\/wp-json\/wp\/v2\/users\/3"}],"replies":[{"embeddable":true,"href":"https:\/\/ftbm.mg\/fr\/wp-json\/wp\/v2\/comments?post=2590"}],"version-history":[{"count":0,"href":"https:\/\/ftbm.mg\/fr\/wp-json\/wp\/v2\/pages\/2590\/revisions"}],"wp:attachment":[{"href":"https:\/\/ftbm.mg\/fr\/wp-json\/wp\/v2\/media?parent=2590"}],"curies":[{"name":"wp","href":"https:\/\/api.w.org\/{rel}","templated":true}]}}