{"id":2585,"date":"2022-03-12T12:44:57","date_gmt":"2022-03-12T12:44:57","guid":{"rendered":"https:\/\/ftbm.mg\/?page_id=2585"},"modified":"2022-04-13T07:34:55","modified_gmt":"2022-04-13T07:34:55","slug":"faculty-profile_mamitiana","status":"publish","type":"page","link":"https:\/\/ftbm.mg\/fr\/faculty-profile_mamitiana\/","title":{"rendered":"Faculty Profile_Mamitiana"},"content":{"rendered":"<p>[et_pb_section fb_built=&#8221;1&#8243; fullwidth=&#8221;on&#8221; admin_label=&#8221;Header&#8221; _builder_version=&#8221;4.14.8&#8243; background_image=&#8221;https:\/\/ftbm.mg\/wp-content\/uploads\/2022\/03\/faculty-profile-scaled.jpg&#8221; parallax=&#8221;on&#8221; custom_padding=&#8221;||1px|||&#8221; global_colors_info=&#8221;{}&#8221;][et_pb_fullwidth_header title=&#8221;Faculty Profile&#8221; subhead=&#8221;Nirintsoa MAMITIANA&#8221; text_orientation=&#8221;center&#8221; _builder_version=&#8221;4.14.8&#8243; title_font=&#8221;Didact Gothic||||||||&#8221; title_font_size=&#8221;60px&#8221; title_line_height=&#8221;1.3em&#8221; content_font=&#8221;||||||||&#8221; subhead_font=&#8221;Didact Gothic||||||||&#8221; subhead_font_size=&#8221;25px&#8221; subhead_line_height=&#8221;1.8em&#8221; background_enable_color=&#8221;off&#8221; background_color_gradient_start=&#8221;rgba(102,133,221,0.37)&#8221; background_color_gradient_end=&#8221;rgba(31,31,71,0.81)&#8221; custom_button_one=&#8221;on&#8221; button_one_text_size=&#8221;16px&#8221; button_one_text_color=&#8221;#ffffff&#8221; button_one_bg_color=&#8221;#a0beef&#8221; button_one_border_width=&#8221;8px&#8221; button_one_border_color=&#8221;rgba(0,0,0,0)&#8221; button_one_border_radius=&#8221;0px&#8221; button_one_letter_spacing=&#8221;3px&#8221; button_one_font=&#8221;Didact Gothic|700||on|||||&#8221; button_one_use_icon=&#8221;off&#8221; custom_button_two=&#8221;on&#8221; button_two_text_size=&#8221;16px&#8221; button_two_text_color=&#8221;#34587c&#8221; button_two_bg_color=&#8221;#ffffff&#8221; button_two_border_width=&#8221;8px&#8221; button_two_border_color=&#8221;rgba(0,0,0,0)&#8221; button_two_border_radius=&#8221;0px&#8221; button_two_letter_spacing=&#8221;3px&#8221; button_two_font=&#8221;Didact Gothic|700||on|||||&#8221; button_two_icon=&#8221;&#x49;||divi||400&#8243; button_two_icon_placement=&#8221;left&#8221; button_two_on_hover=&#8221;off&#8221; min_height=&#8221;350.7px&#8221; custom_margin=&#8221;|0px|1px||false|false&#8221; custom_padding=&#8221;6vw||7vw||false|false&#8221; custom_padding_tablet=&#8221;&#8221; custom_padding_phone=&#8221;||80px&#8221; custom_padding_last_edited=&#8221;on|phone&#8221; animation_style=&#8221;fade&#8221; animation_starting_opacity=&#8221;45%&#8221; title_font_size_tablet=&#8221;40px&#8221; title_font_size_phone=&#8221;30px&#8221; title_font_size_last_edited=&#8221;on|phone&#8221; subhead_font_size_tablet=&#8221;&#8221; subhead_font_size_phone=&#8221;18px&#8221; subhead_font_size_last_edited=&#8221;on|phone&#8221; global_colors_info=&#8221;{}&#8221;][\/et_pb_fullwidth_header][\/et_pb_section][et_pb_section fb_built=&#8221;1&#8243; _builder_version=&#8221;4.14.8&#8243; _module_preset=&#8221;default&#8221; global_colors_info=&#8221;{}&#8221;][et_pb_row column_structure=&#8221;2_5,3_5&#8243; _builder_version=&#8221;4.14.8&#8243; _module_preset=&#8221;default&#8221; global_colors_info=&#8221;{}&#8221;][et_pb_column type=&#8221;2_5&#8243; _builder_version=&#8221;4.14.8&#8243; _module_preset=&#8221;default&#8221; global_colors_info=&#8221;{}&#8221;][et_pb_team_member name=&#8221;Nirintsoa R. MAMITIANA&#8221; position=&#8221;Missiology, Evangelism, World Christian Studies&#8221; image_url=&#8221;https:\/\/ftbm.mg\/wp-content\/uploads\/2021\/08\/Nirinstsoa-Mamitiana.jpg&#8221; _builder_version=&#8221;4.14.8&#8243; _module_preset=&#8221;default&#8221; hover_enabled=&#8221;0&#8243; global_colors_info=&#8221;{}&#8221; sticky_enabled=&#8221;0&#8243;][\/et_pb_team_member][\/et_pb_column][et_pb_column type=&#8221;3_5&#8243; _builder_version=&#8221;4.14.8&#8243; _module_preset=&#8221;default&#8221; global_colors_info=&#8221;{}&#8221;][et_pb_text ul_type=&#8221;square&#8221; _builder_version=&#8221;4.14.8&#8243; _module_preset=&#8221;default&#8221; global_colors_info=&#8221;{}&#8221;]<\/p>\n<h1><strong>Formation<\/strong><\/h1>\n<p><strong><\/strong><\/p>\n<ul>\n<li>PhD, World Christian Studies, Southwestern Baptist Theological Seminary, Fort Worth, TX, USA, 2022.<\/li>\n<li>Master of Divinity, Southwestern Baptist Theological Seminary, Fort Worth, TX, USA, 2018.<\/li>\n<li>Associate of Arts in Christian Ministries, University of the Nations, Hawaii, USA, 2004.<\/li>\n<\/ul>\n<p>&nbsp;<\/p>\n<p>[\/et_pb_text][et_pb_text ul_type=&#8221;square&#8221; _builder_version=&#8221;4.14.8&#8243; _module_preset=&#8221;default&#8221; global_colors_info=&#8221;{}&#8221;]<\/p>\n<h1><strong>Pr\u00e9sentation<\/strong><\/h1>\n<p>&nbsp;<\/p>\n<p>Nirintsoa Mamitiana est le pasteur de la First Baptist Church de Fort Dauphin. Il est aussi le co-fondateur et pr\u00e9sident de SHEMA MADAGASCAR (un minist\u00e8re bas\u00e9 \u00e0 Fort Dauphin depuis 2019) ainsi que du projet Fort Dauphin Baptist Theological Seminary.<\/p>\n<p>Il a rejoint l'organisation Jeunesse en Mission (JEM) de 1996 \u00e0 2007, o\u00f9 il a obtenu un Associate degree in Christian ministries \u00e0 TWAM University of the Nations en 2004.<\/p>\n<p>En 2007, il (avec sa femme Toky) a rejoint la World Changers Academy \u00e0 Durban, en Afrique du Sud. En 2009, il est retourn\u00e9 \u00e0 Madagascar pour fonder l'organisation \u00e0 but non lucratif The Mission House Madagascar (TMHM). Celle-ci offre une formation en comp\u00e9tences de vie et en leadership pour aider les personnes sans emploi.<\/p>\n<p><span>Il a obtenu son Master of Divinity \u00e0 Southwestern Baptist Theological Seminary. Il a aussi obtenu son <\/span>doctorat en \u00c9tudes du Christianisme mondial, avec une sp\u00e9cialisation en missiologie et contextualisation. \nMamitiana aime enseigner et voyager \u00e0 travers le monde.<\/p>\n<p>[\/et_pb_text][et_pb_text _builder_version=&#8221;4.14.8&#8243; _module_preset=&#8221;default&#8221; global_colors_info=&#8221;{}&#8221;]<\/p>\n<p><a href=\"https:\/\/ftbm.mg\/fr\/faculty\/\">Retour \u00e0 la liste des enseignants<\/a><\/p>\n<p>[\/et_pb_text][\/et_pb_column][\/et_pb_row][\/et_pb_section]<\/p>","protected":false},"excerpt":{"rendered":"<p>Education PhD, World Christian Studies, Southwestern Baptist Theological Seminary, Fort Worth, TX, USA, 2022. Master of Divinity, Southwestern Baptist Theological Seminary, Fort Worth, TX, USA, 2018. Associate of Arts in Christian Ministries, University of the Nations, Hawaii, USA, 2004. &nbsp;About &nbsp; Nirintsoa Mamitiana serves as the lead pastor of First Baptist Church of Fort Dauphin. [&hellip;]<\/p>","protected":false},"author":3,"featured_media":0,"parent":0,"menu_order":0,"comment_status":"closed","ping_status":"closed","template":"","meta":{"_et_pb_use_builder":"on","_et_pb_old_content":"","_et_gb_content_width":"","footnotes":""},"class_list":["post-2585","page","type-page","status-publish","hentry"],"_links":{"self":[{"href":"https:\/\/ftbm.mg\/fr\/wp-json\/wp\/v2\/pages\/2585","targetHints":{"allow":["GET"]}}],"collection":[{"href":"https:\/\/ftbm.mg\/fr\/wp-json\/wp\/v2\/pages"}],"about":[{"href":"https:\/\/ftbm.mg\/fr\/wp-json\/wp\/v2\/types\/page"}],"author":[{"embeddable":true,"href":"https:\/\/ftbm.mg\/fr\/wp-json\/wp\/v2\/users\/3"}],"replies":[{"embeddable":true,"href":"https:\/\/ftbm.mg\/fr\/wp-json\/wp\/v2\/comments?post=2585"}],"version-history":[{"count":0,"href":"https:\/\/ftbm.mg\/fr\/wp-json\/wp\/v2\/pages\/2585\/revisions"}],"wp:attachment":[{"href":"https:\/\/ftbm.mg\/fr\/wp-json\/wp\/v2\/media?parent=2585"}],"curies":[{"name":"wp","href":"https:\/\/api.w.org\/{rel}","templated":true}]}}