{"id":2579,"date":"2022-03-12T11:26:18","date_gmt":"2022-03-12T11:26:18","guid":{"rendered":"https:\/\/ftbm.mg\/?page_id=2579"},"modified":"2022-04-13T07:29:32","modified_gmt":"2022-04-13T07:29:32","slug":"faculty-profile_david","status":"publish","type":"page","link":"https:\/\/ftbm.mg\/fr\/faculty-profile_david\/","title":{"rendered":"Faculty Profile_David"},"content":{"rendered":"<p>[et_pb_section fb_built=&#8221;1&#8243; fullwidth=&#8221;on&#8221; admin_label=&#8221;Header&#8221; _builder_version=&#8221;4.14.8&#8243; background_image=&#8221;https:\/\/ftbm.mg\/wp-content\/uploads\/2022\/03\/faculty-profile-scaled.jpg&#8221; parallax=&#8221;on&#8221; custom_padding=&#8221;||1px|||&#8221; global_colors_info=&#8221;{}&#8221;][et_pb_fullwidth_header title=&#8221;Faculty Profile&#8221; subhead=&#8221;D. David LEE&#8221; text_orientation=&#8221;center&#8221; _builder_version=&#8221;4.14.8&#8243; title_font=&#8221;Didact Gothic||||||||&#8221; title_font_size=&#8221;60px&#8221; title_line_height=&#8221;1.3em&#8221; content_font=&#8221;||||||||&#8221; subhead_font=&#8221;Didact Gothic||||||||&#8221; subhead_font_size=&#8221;25px&#8221; subhead_line_height=&#8221;1.8em&#8221; background_enable_color=&#8221;off&#8221; background_color_gradient_start=&#8221;rgba(102,133,221,0.37)&#8221; background_color_gradient_end=&#8221;rgba(31,31,71,0.81)&#8221; custom_button_one=&#8221;on&#8221; button_one_text_size=&#8221;16px&#8221; button_one_text_color=&#8221;#ffffff&#8221; button_one_bg_color=&#8221;#a0beef&#8221; button_one_border_width=&#8221;8px&#8221; button_one_border_color=&#8221;rgba(0,0,0,0)&#8221; button_one_border_radius=&#8221;0px&#8221; button_one_letter_spacing=&#8221;3px&#8221; button_one_font=&#8221;Didact Gothic|700||on|||||&#8221; button_one_use_icon=&#8221;off&#8221; custom_button_two=&#8221;on&#8221; button_two_text_size=&#8221;16px&#8221; button_two_text_color=&#8221;#34587c&#8221; button_two_bg_color=&#8221;#ffffff&#8221; button_two_border_width=&#8221;8px&#8221; button_two_border_color=&#8221;rgba(0,0,0,0)&#8221; button_two_border_radius=&#8221;0px&#8221; button_two_letter_spacing=&#8221;3px&#8221; button_two_font=&#8221;Didact Gothic|700||on|||||&#8221; button_two_icon=&#8221;&#x49;||divi||400&#8243; button_two_icon_placement=&#8221;left&#8221; button_two_on_hover=&#8221;off&#8221; min_height=&#8221;350.7px&#8221; custom_margin=&#8221;|0px|1px||false|false&#8221; custom_padding=&#8221;6vw||7vw||false|false&#8221; custom_padding_tablet=&#8221;&#8221; custom_padding_phone=&#8221;||80px&#8221; custom_padding_last_edited=&#8221;on|phone&#8221; animation_style=&#8221;fade&#8221; animation_starting_opacity=&#8221;45%&#8221; title_font_size_tablet=&#8221;40px&#8221; title_font_size_phone=&#8221;30px&#8221; title_font_size_last_edited=&#8221;on|phone&#8221; subhead_font_size_tablet=&#8221;&#8221; subhead_font_size_phone=&#8221;18px&#8221; subhead_font_size_last_edited=&#8221;on|phone&#8221; global_colors_info=&#8221;{}&#8221;][\/et_pb_fullwidth_header][\/et_pb_section][et_pb_section fb_built=&#8221;1&#8243; _builder_version=&#8221;4.14.8&#8243; _module_preset=&#8221;default&#8221; global_colors_info=&#8221;{}&#8221;][et_pb_row column_structure=&#8221;2_5,3_5&#8243; _builder_version=&#8221;4.14.8&#8243; _module_preset=&#8221;default&#8221; global_colors_info=&#8221;{}&#8221;][et_pb_column type=&#8221;2_5&#8243; _builder_version=&#8221;4.14.8&#8243; _module_preset=&#8221;default&#8221; global_colors_info=&#8221;{}&#8221;][et_pb_team_member name=&#8221;D. David LEE&#8221; position=&#8221;Evangelism, Missions, World Christian Studies&#8221; image_url=&#8221;https:\/\/ftbm.mg\/wp-content\/uploads\/2021\/08\/David_Lee.jpg&#8221; _builder_version=&#8221;4.14.8&#8243; _module_preset=&#8221;default&#8221; hover_enabled=&#8221;0&#8243; global_colors_info=&#8221;{}&#8221; sticky_enabled=&#8221;0&#8243;][\/et_pb_team_member][\/et_pb_column][et_pb_column type=&#8221;3_5&#8243; _builder_version=&#8221;4.14.8&#8243; _module_preset=&#8221;default&#8221; global_colors_info=&#8221;{}&#8221;][et_pb_text ul_type=&#8221;square&#8221; _builder_version=&#8221;4.14.8&#8243; _module_preset=&#8221;default&#8221; global_colors_info=&#8221;{}&#8221;]<\/p>\n<h1><strong>Formation<\/strong><\/h1>\n<p><strong><\/strong><\/p>\n<ul>\n<li>PhD, Missions (en cours), Southwestern Baptist Theological Seminary, Fort Worth, TX, USA.<\/li>\n<li>Master of Divinity, Concentration in Missions, Southwestern Baptist Theological Seminary, Fort Worth, TX, USA, 2011.<\/li>\n<li>Bachelor of Arts, English Language and Literature, Keimyung University, Cor\u00e9e du Sud, 2006.<\/li>\n<\/ul>\n<p>&nbsp;<\/p>\n<p>[\/et_pb_text][et_pb_text ul_type=&#8221;square&#8221; _builder_version=&#8221;4.14.8&#8243; _module_preset=&#8221;default&#8221; global_colors_info=&#8221;{}&#8221;]<\/p>\n<h1><strong>Pr\u00e9sentation<\/strong><\/h1>\n<p>&nbsp;<\/p>\n<p><span>D. David Lee est originaire de Cor\u00e9e du Sud. Il a d\u00e9j\u00e0 servi au \u00ab World Missions Center \u00bb de 2008 \u00e0 2017 <\/span><span>et a enseign\u00e9 la Missiologie pendant trois ans \u00e0 Southwestern Baptist Theological Seminary. David a \u00e9galement enseign\u00e9 un cours d'\u00e9vang\u00e9lisation \u00e0 Baptist Theological Seminary de Zambie en 2016. Il a voyag\u00e9 dans divers pays pour le service de l'Evangile. En tant que pr\u00e9sident fondateur de Global Ministries Inc. dba Global Fountains au Texas, il a eu l'occasion de partager l'\u00e9vangile aupr\u00e8s de nombreux r\u00e9sidents \u00e9trangers et r\u00e9fugi\u00e9s. Il a \u00e9galement servi dans des minist\u00e8res d'implantation d'\u00e9glises dans la r\u00e9gion m\u00e9tropolitaine de Dallas-Fort Worth alors qu'il travaillait avec les \u00e9glises \u00e9vang\u00e9liques locales depuis 2012.<\/span><\/p>\n<p>\u00c0 ce jour, David enseigne des cours d'\u00e9vang\u00e9lisation et de missions au<span>\u00a0<\/span><em>Centre \u00c9vang\u00e9lique de Formation de l'Oc\u00e9an Indien (CEFOI),<\/em><span>\u00a0<\/span><em>au Sekoly Batista Biblika Iraisam-paritra (SBBI)<\/em><span>\u00a0<\/span>et<span>\u00a0<\/span><em>et au Seminera Batista Biblika eto Madagasikara (SBBM<\/em>). Il est le mari de Jee Su (Zoey) et le p\u00e8re de Shion (Daniel), Siyoung (Karis) et Siyul (David). La famille Lee vit \u00e0 Antananarivo et sert en tant que missionnaires avec l'International Mission Board (IMB) de la Southern Baptist Convention (SBC).<\/p>\n<p>[\/et_pb_text][et_pb_text _builder_version=&#8221;4.14.8&#8243; _module_preset=&#8221;default&#8221; global_colors_info=&#8221;{}&#8221;]<\/p>\n<p><a href=\"https:\/\/ftbm.mg\/fr\/faculty\/\">Retour \u00e0 la liste des enseignants<\/a><\/p>\n<p>[\/et_pb_text][\/et_pb_column][\/et_pb_row][\/et_pb_section]<\/p>","protected":false},"excerpt":{"rendered":"<p>Education PhD, Missions (in progress), Southwestern Baptist Theological Seminary, Fort Worth, TX, USA. Master of Divinity, Concentration in Missions, Southwestern Baptist Theological Seminary, Fort Worth, TX, USA, 2011. Bachelor of Arts, English Language and Literature, Keimyung University, South Korea, 2006. &nbsp;About &nbsp; David Lee, originally from South Korea, has previously served at the World Missions [&hellip;]<\/p>","protected":false},"author":3,"featured_media":0,"parent":0,"menu_order":0,"comment_status":"closed","ping_status":"closed","template":"","meta":{"_et_pb_use_builder":"on","_et_pb_old_content":"","_et_gb_content_width":"","footnotes":""},"class_list":["post-2579","page","type-page","status-publish","hentry"],"_links":{"self":[{"href":"https:\/\/ftbm.mg\/fr\/wp-json\/wp\/v2\/pages\/2579","targetHints":{"allow":["GET"]}}],"collection":[{"href":"https:\/\/ftbm.mg\/fr\/wp-json\/wp\/v2\/pages"}],"about":[{"href":"https:\/\/ftbm.mg\/fr\/wp-json\/wp\/v2\/types\/page"}],"author":[{"embeddable":true,"href":"https:\/\/ftbm.mg\/fr\/wp-json\/wp\/v2\/users\/3"}],"replies":[{"embeddable":true,"href":"https:\/\/ftbm.mg\/fr\/wp-json\/wp\/v2\/comments?post=2579"}],"version-history":[{"count":0,"href":"https:\/\/ftbm.mg\/fr\/wp-json\/wp\/v2\/pages\/2579\/revisions"}],"wp:attachment":[{"href":"https:\/\/ftbm.mg\/fr\/wp-json\/wp\/v2\/media?parent=2579"}],"curies":[{"name":"wp","href":"https:\/\/api.w.org\/{rel}","templated":true}]}}