{"id":2530,"date":"2022-03-11T03:31:06","date_gmt":"2022-03-11T03:31:06","guid":{"rendered":"https:\/\/ftbm.mg\/?page_id=2530"},"modified":"2022-07-13T23:50:38","modified_gmt":"2022-07-13T23:50:38","slug":"faculty-profile_njato","status":"publish","type":"page","link":"https:\/\/ftbm.mg\/fr\/faculty-profile_njato\/","title":{"rendered":"Faculty Profile_Njato"},"content":{"rendered":"<p>[et_pb_section fb_built=&#8221;1&#8243; fullwidth=&#8221;on&#8221; admin_label=&#8221;Header&#8221; _builder_version=&#8221;4.14.8&#8243; background_image=&#8221;https:\/\/ftbm.mg\/wp-content\/uploads\/2022\/03\/faculty-profile-scaled.jpg&#8221; parallax=&#8221;on&#8221; custom_padding=&#8221;||1px|||&#8221; global_colors_info=&#8221;{}&#8221;][et_pb_fullwidth_header title=&#8221;Faculty Profile&#8221; subhead=&#8221;Herimanjato RAZAFIMBAHINY&#8221; text_orientation=&#8221;center&#8221; _builder_version=&#8221;4.14.8&#8243; title_font=&#8221;Didact Gothic||||||||&#8221; title_font_size=&#8221;60px&#8221; title_line_height=&#8221;1.3em&#8221; content_font=&#8221;||||||||&#8221; subhead_font=&#8221;Didact Gothic||||||||&#8221; subhead_font_size=&#8221;25px&#8221; subhead_line_height=&#8221;1.8em&#8221; background_enable_color=&#8221;off&#8221; background_color_gradient_start=&#8221;rgba(102,133,221,0.37)&#8221; background_color_gradient_end=&#8221;rgba(31,31,71,0.81)&#8221; custom_button_one=&#8221;on&#8221; button_one_text_size=&#8221;16px&#8221; button_one_text_color=&#8221;#ffffff&#8221; button_one_bg_color=&#8221;#a0beef&#8221; button_one_border_width=&#8221;8px&#8221; button_one_border_color=&#8221;rgba(0,0,0,0)&#8221; button_one_border_radius=&#8221;0px&#8221; button_one_letter_spacing=&#8221;3px&#8221; button_one_font=&#8221;Didact Gothic|700||on|||||&#8221; button_one_use_icon=&#8221;off&#8221; custom_button_two=&#8221;on&#8221; button_two_text_size=&#8221;16px&#8221; button_two_text_color=&#8221;#34587c&#8221; button_two_bg_color=&#8221;#ffffff&#8221; button_two_border_width=&#8221;8px&#8221; button_two_border_color=&#8221;rgba(0,0,0,0)&#8221; button_two_border_radius=&#8221;0px&#8221; button_two_letter_spacing=&#8221;3px&#8221; button_two_font=&#8221;Didact Gothic|700||on|||||&#8221; button_two_icon=&#8221;&#x49;||divi||400&#8243; button_two_icon_placement=&#8221;left&#8221; button_two_on_hover=&#8221;off&#8221; min_height=&#8221;350.7px&#8221; custom_margin=&#8221;|0px|1px||false|false&#8221; custom_padding=&#8221;6vw||7vw||false|false&#8221; custom_padding_tablet=&#8221;&#8221; custom_padding_phone=&#8221;||80px&#8221; custom_padding_last_edited=&#8221;on|phone&#8221; animation_style=&#8221;fade&#8221; animation_starting_opacity=&#8221;45%&#8221; title_font_size_tablet=&#8221;40px&#8221; title_font_size_phone=&#8221;30px&#8221; title_font_size_last_edited=&#8221;on|phone&#8221; subhead_font_size_tablet=&#8221;&#8221; subhead_font_size_phone=&#8221;18px&#8221; subhead_font_size_last_edited=&#8221;on|phone&#8221; global_colors_info=&#8221;{}&#8221;][\/et_pb_fullwidth_header][\/et_pb_section][et_pb_section fb_built=&#8221;1&#8243; _builder_version=&#8221;4.14.8&#8243; _module_preset=&#8221;default&#8221; global_colors_info=&#8221;{}&#8221;][et_pb_row column_structure=&#8221;2_5,3_5&#8243; _builder_version=&#8221;4.14.8&#8243; _module_preset=&#8221;default&#8221; global_colors_info=&#8221;{}&#8221;][et_pb_column type=&#8221;2_5&#8243; _builder_version=&#8221;4.14.8&#8243; _module_preset=&#8221;default&#8221; global_colors_info=&#8221;{}&#8221;][et_pb_team_member name=&#8221;Herimanjato C. RAZAFIMBAHINY&#8221; position=&#8221;Biblical Studies, Biblical Languages&#8221; image_url=&#8221;https:\/\/ftbm.mg\/wp-content\/uploads\/2021\/08\/Photo-Njato.jpg&#8221; _builder_version=&#8221;4.14.8&#8243; _module_preset=&#8221;default&#8221; global_colors_info=&#8221;{}&#8221;][\/et_pb_team_member][\/et_pb_column][et_pb_column type=&#8221;3_5&#8243; _builder_version=&#8221;4.14.8&#8243; _module_preset=&#8221;default&#8221; global_colors_info=&#8221;{}&#8221;][et_pb_text ul_type=&#8221;square&#8221; _builder_version=&#8221;4.14.8&#8243; _module_preset=&#8221;default&#8221; global_colors_info=&#8221;{}&#8221;]<\/p>\n<h1><strong>Formation<\/strong><\/h1>\n<p><strong><\/strong><\/p>\n<ul>\n<li>PhD, Old Testament (en cours), Southwestern Baptist Theological Seminary, Fort Worth, TX, USA.<\/li>\n<li>Master of Divinity, Southwestern Baptist Theological Seminary, Fort Worth, TX, 2017.<\/li>\n<li>Certificate in Undergraduate Studies, London Seminary\/Middlesex University, UK, 2012.<\/li>\n<li><em>C.A.P.\/E.N.<\/em><span>\u00a0<\/span>(Teacher\u2019s Degree)<strong>,<\/strong><span>\u00a0<\/span><em>\u00c9cole Normale Niveau I,<\/em><span>\u00a0<\/span>Madagascar, 2002.<\/li>\n<\/ul>\n<p><u><\/u><\/p>\n<p><u><\/u><\/p>\n<p><u><\/u><\/p>\n<h1><strong>Pr\u00e9sentation<\/strong><\/h1>\n<p>&nbsp;<\/p>\n<p>Herimanjato Razafimbahiny est l\u2019un des fondateurs de la FTBM. Ses int\u00e9r\u00eats de recherche comprennent les aspects litt\u00e9raires des r\u00e9cits de l\u2019Ancien Testament et la syntaxe h\u00e9bra\u00efque biblique.<\/p>\n<p>Originaire de Moramanga, il a \u00e9t\u00e9 pasteur de l\u2019\u00e9glise baptiste d\u2019Ambohimahavelona. Il vit actuellement \u00e0 Hurst (Texas) avec sa femme Kayla et leurs trois filles. Ils sont membres de l\u2019\u00e9glise baptiste South Hills \u00e0 Fort Worth depuis 2019. Ils ont h\u00e2te de retourner \u00e0 Madagascar pour servir le Seigneur \u00e0 la fin des \u00e9tudes. Dans ses temps libres, Herimanjato aime pratiquer le football et l\u2019agriculture.<\/p>\n<p>&nbsp;<\/p>\n<p>[\/et_pb_text][et_pb_text _builder_version=&#8221;4.14.8&#8243; _module_preset=&#8221;default&#8221; link_option_url=&#8221;https:\/\/ftbm.mg\/faculty\/&#8221; global_colors_info=&#8221;{}&#8221;]<\/p>\n<p><a href=\"https:\/\/ftbm.mg\/fr\/faculty\/\">Retour \u00e0 la liste des enseignants<\/a><\/p>\n<p>[\/et_pb_text][\/et_pb_column][\/et_pb_row][\/et_pb_section]<\/p>","protected":false},"excerpt":{"rendered":"<p>Education PhD, Old Testament (in progress), Southwestern Baptist Theological Seminary, Fort Worth, TX, USA. Master of Divinity, Southwestern Baptist Theological Seminary, Fort Worth, TX, 2017. Certificate in Undergraduate Studies, London Seminary\/Middlesex University, UK, 2012. C.A.P.\/E.N.\u00a0(Teacher\u2019s Degree),\u00a0\u00c9cole Normale Niveau I,\u00a0Madagascar, 2002. About &nbsp; Herimanjato Razafimbahiny is one of the founding members of FTBM. His research interests [&hellip;]<\/p>","protected":false},"author":3,"featured_media":0,"parent":0,"menu_order":0,"comment_status":"closed","ping_status":"closed","template":"","meta":{"_et_pb_use_builder":"on","_et_pb_old_content":"","_et_gb_content_width":"","footnotes":""},"class_list":["post-2530","page","type-page","status-publish","hentry"],"_links":{"self":[{"href":"https:\/\/ftbm.mg\/fr\/wp-json\/wp\/v2\/pages\/2530","targetHints":{"allow":["GET"]}}],"collection":[{"href":"https:\/\/ftbm.mg\/fr\/wp-json\/wp\/v2\/pages"}],"about":[{"href":"https:\/\/ftbm.mg\/fr\/wp-json\/wp\/v2\/types\/page"}],"author":[{"embeddable":true,"href":"https:\/\/ftbm.mg\/fr\/wp-json\/wp\/v2\/users\/3"}],"replies":[{"embeddable":true,"href":"https:\/\/ftbm.mg\/fr\/wp-json\/wp\/v2\/comments?post=2530"}],"version-history":[{"count":0,"href":"https:\/\/ftbm.mg\/fr\/wp-json\/wp\/v2\/pages\/2530\/revisions"}],"wp:attachment":[{"href":"https:\/\/ftbm.mg\/fr\/wp-json\/wp\/v2\/media?parent=2530"}],"curies":[{"name":"wp","href":"https:\/\/api.w.org\/{rel}","templated":true}]}}