{"id":2522,"date":"2022-03-10T16:01:42","date_gmt":"2022-03-10T16:01:42","guid":{"rendered":"https:\/\/ftbm.mg\/?page_id=2522"},"modified":"2022-04-13T07:36:18","modified_gmt":"2022-04-13T07:36:18","slug":"faculty-profile_mandimby","status":"publish","type":"page","link":"https:\/\/ftbm.mg\/fr\/faculty-profile_mandimby\/","title":{"rendered":"Faculty Profile_Mandimby"},"content":{"rendered":"<p>[et_pb_section fb_built=&#8221;1&#8243; fullwidth=&#8221;on&#8221; admin_label=&#8221;Header&#8221; _builder_version=&#8221;4.14.8&#8243; background_image=&#8221;https:\/\/ftbm.mg\/wp-content\/uploads\/2022\/03\/faculty-profile-scaled.jpg&#8221; parallax=&#8221;on&#8221; custom_padding=&#8221;||1px|||&#8221; global_colors_info=&#8221;{}&#8221;][et_pb_fullwidth_header title=&#8221;Faculty Profile&#8221; subhead=&#8221;Mandimby RANAIVOARISOA&#8221; text_orientation=&#8221;center&#8221; _builder_version=&#8221;4.14.8&#8243; title_font=&#8221;Didact Gothic||||||||&#8221; title_font_size=&#8221;60px&#8221; title_line_height=&#8221;1.3em&#8221; content_font=&#8221;||||||||&#8221; subhead_font=&#8221;Didact Gothic||||||||&#8221; subhead_font_size=&#8221;25px&#8221; subhead_line_height=&#8221;1.8em&#8221; background_enable_color=&#8221;off&#8221; background_color_gradient_start=&#8221;rgba(102,133,221,0.37)&#8221; background_color_gradient_end=&#8221;rgba(31,31,71,0.81)&#8221; custom_button_one=&#8221;on&#8221; button_one_text_size=&#8221;16px&#8221; button_one_text_color=&#8221;#ffffff&#8221; button_one_bg_color=&#8221;#a0beef&#8221; button_one_border_width=&#8221;8px&#8221; button_one_border_color=&#8221;rgba(0,0,0,0)&#8221; button_one_border_radius=&#8221;0px&#8221; button_one_letter_spacing=&#8221;3px&#8221; button_one_font=&#8221;Didact Gothic|700||on|||||&#8221; button_one_use_icon=&#8221;off&#8221; custom_button_two=&#8221;on&#8221; button_two_text_size=&#8221;16px&#8221; button_two_text_color=&#8221;#34587c&#8221; button_two_bg_color=&#8221;#ffffff&#8221; button_two_border_width=&#8221;8px&#8221; button_two_border_color=&#8221;rgba(0,0,0,0)&#8221; button_two_border_radius=&#8221;0px&#8221; button_two_letter_spacing=&#8221;3px&#8221; button_two_font=&#8221;Didact Gothic|700||on|||||&#8221; button_two_icon=&#8221;&#x49;||divi||400&#8243; button_two_icon_placement=&#8221;left&#8221; button_two_on_hover=&#8221;off&#8221; min_height=&#8221;350.7px&#8221; custom_margin=&#8221;|0px|1px||false|false&#8221; custom_padding=&#8221;6vw||7vw||false|false&#8221; custom_padding_tablet=&#8221;&#8221; custom_padding_phone=&#8221;||80px&#8221; custom_padding_last_edited=&#8221;on|phone&#8221; animation_style=&#8221;fade&#8221; animation_starting_opacity=&#8221;45%&#8221; title_font_size_tablet=&#8221;40px&#8221; title_font_size_phone=&#8221;30px&#8221; title_font_size_last_edited=&#8221;on|phone&#8221; subhead_font_size_tablet=&#8221;&#8221; subhead_font_size_phone=&#8221;18px&#8221; subhead_font_size_last_edited=&#8221;on|phone&#8221; global_colors_info=&#8221;{}&#8221;][\/et_pb_fullwidth_header][\/et_pb_section][et_pb_section fb_built=&#8221;1&#8243; _builder_version=&#8221;4.14.8&#8243; _module_preset=&#8221;default&#8221; global_colors_info=&#8221;{}&#8221;][et_pb_row column_structure=&#8221;2_5,3_5&#8243; _builder_version=&#8221;4.14.8&#8243; _module_preset=&#8221;default&#8221; global_colors_info=&#8221;{}&#8221;][et_pb_column type=&#8221;2_5&#8243; _builder_version=&#8221;4.14.8&#8243; _module_preset=&#8221;default&#8221; global_colors_info=&#8221;{}&#8221;][et_pb_team_member name=&#8221;Mandimby H. Ranaivoarisoa&#8221; position=&#8221;Systematic Theology, Church History\/ Historical Theology, Ancient Greek&#8221; image_url=&#8221;https:\/\/ftbm.mg\/wp-content\/uploads\/2022\/03\/Mandimby-headshot-3.jpeg&#8221; _builder_version=&#8221;4.14.8&#8243; _module_preset=&#8221;default&#8221; hover_enabled=&#8221;0&#8243; global_colors_info=&#8221;{}&#8221; sticky_enabled=&#8221;0&#8243;][\/et_pb_team_member][\/et_pb_column][et_pb_column type=&#8221;3_5&#8243; _builder_version=&#8221;4.14.8&#8243; _module_preset=&#8221;default&#8221; global_colors_info=&#8221;{}&#8221;][et_pb_text ul_type=&#8221;square&#8221; _builder_version=&#8221;4.14.8&#8243; _module_preset=&#8221;default&#8221; global_colors_info=&#8221;{}&#8221;]<\/p>\n<h1><strong>Formation<\/strong><\/h1>\n<p><strong><\/strong><\/p>\n<ul>\n<li>PhD, Early Christian Studies (en cours), Southwestern Baptist Theological Seminary, Fort Worth, TX, USA.<\/li>\n<li>Master of Divinity, with Concentrations in Church History and Biblical Languages, Southwestern Baptist Theological Seminary, Fort Worth, TX, USA, 2017.<\/li>\n<li>Graduate Diploma in Christian Studies, Biblical Graduate School of Theology, Singapour, 2010.<\/li>\n<li>DEUS II, D\u00e9partement Math\u00e9matiques, Universit\u00e9 d'Antananarivo, Madagascar, 2002.<\/li>\n<\/ul>\n<p><u><\/u><\/p>\n<p><u><\/u><\/p>\n<h1><strong>Pr\u00e9sentation<\/strong><\/h1>\n<p>&nbsp;<\/p>\n<p>Les travaux de recherche de Mandimby Ranaivoarisoa portent sur la d\u00e9marche th\u00e9ologique des P\u00e8res de l\u2019\u00c9glise. Sa th\u00e8se de doctorat se concentre sur la d\u00e9marche th\u00e9ologico-herm\u00e9neutique d\u2019Athanase dans la d\u00e9fense par ce dernier du Symbole de Nic\u00e9e du 4\u00e8me si\u00e8cle. Mandimby s\u2019int\u00e9resse \u00e9galement \u00e0 la scolastique m\u00e9di\u00e9vale, ainsi qu\u2019\u00e0 la th\u00e9ologie des r\u00e9formateurs du 16\u00e8me si\u00e8cle.<\/p>\n<p>Avant de poursuivre des \u00e9tudes th\u00e9ologiques, Mandimby a servi dans son \u00e9glise locale, l'\u00e9glise Baptiste d'Ambatomainty, en tant que ministre aupr\u00e8s des enfants et des jeunes pendant sept ans. Il est mari\u00e9 \u00e0 Tiana depuis 2016. Ils sont les heureux parents de Harena et Arianala. Mandimby est membre de l\u2019Evangelical Theological Society (ETS), de la Society for Biblical Literature (SBL), ainsi que de la North American Patristics Society (NAPS). Dans ses temps libres, il aime jouer de la guitare, regarder des films et jouer au tennis de table.<\/p>\n<p>&nbsp;<\/p>\n<p>[\/et_pb_text][et_pb_text _builder_version=&#8221;4.14.8&#8243; _module_preset=&#8221;default&#8221; text_text_color=&#8221;#ff3030&#8243; link_text_color=&#8221;#ff3030&#8243; link_option_url=&#8221;https:\/\/ftbm.mg\/faculty\/&#8221; text_text_color_tablet=&#8221;#ff3030&#8243; text_text_color_phone=&#8221;#ff3030&#8243; text_text_color_last_edited=&#8221;on|phone&#8221; global_colors_info=&#8221;{}&#8221;]<\/p>\n<p>Retour \u00e0 la liste des enseignants<\/p>\n<p>[\/et_pb_text][\/et_pb_column][\/et_pb_row][\/et_pb_section]<\/p>","protected":false},"excerpt":{"rendered":"<p>Education PhD, Early Christian Studies (in progress), Southwestern Baptist Theological Seminary, Fort Worth, TX, USA. Master of Divinity, with Concentrations in Church History and Biblical Languages, Southwestern Baptist Theological Seminary, Fort Worth, TX, USA, 2017. Graduate Diploma in Christian Studies, Biblical Graduate School of Theology, Singapore, 2010. Associate in Scientific Studies, Mathematics Department, University of [&hellip;]<\/p>","protected":false},"author":3,"featured_media":0,"parent":0,"menu_order":0,"comment_status":"closed","ping_status":"closed","template":"","meta":{"_et_pb_use_builder":"on","_et_pb_old_content":"","_et_gb_content_width":"","footnotes":""},"class_list":["post-2522","page","type-page","status-publish","hentry"],"_links":{"self":[{"href":"https:\/\/ftbm.mg\/fr\/wp-json\/wp\/v2\/pages\/2522","targetHints":{"allow":["GET"]}}],"collection":[{"href":"https:\/\/ftbm.mg\/fr\/wp-json\/wp\/v2\/pages"}],"about":[{"href":"https:\/\/ftbm.mg\/fr\/wp-json\/wp\/v2\/types\/page"}],"author":[{"embeddable":true,"href":"https:\/\/ftbm.mg\/fr\/wp-json\/wp\/v2\/users\/3"}],"replies":[{"embeddable":true,"href":"https:\/\/ftbm.mg\/fr\/wp-json\/wp\/v2\/comments?post=2522"}],"version-history":[{"count":0,"href":"https:\/\/ftbm.mg\/fr\/wp-json\/wp\/v2\/pages\/2522\/revisions"}],"wp:attachment":[{"href":"https:\/\/ftbm.mg\/fr\/wp-json\/wp\/v2\/media?parent=2522"}],"curies":[{"name":"wp","href":"https:\/\/api.w.org\/{rel}","templated":true}]}}