{"id":2398,"date":"2022-03-08T14:44:44","date_gmt":"2022-03-08T14:44:44","guid":{"rendered":"https:\/\/ftbm.mg\/?page_id=2398"},"modified":"2024-12-30T05:07:03","modified_gmt":"2024-12-30T05:07:03","slug":"associate-degree","status":"publish","type":"page","link":"https:\/\/ftbm.mg\/fr\/associate-degree\/","title":{"rendered":"Associate of Theology"},"content":{"rendered":"<p>[et_pb_section fb_built=&#8221;1&#8243; _builder_version=&#8221;4.16&#8243; _module_preset=&#8221;default&#8221; background_color_gradient_end=&#8221;rgba(131,158,193,0.84)&#8221; background_image=&#8221;https:\/\/ftbm.mg\/wp-content\/uploads\/2022\/04\/Personal-Library_dark.jpg&#8221; min_height=&#8221;350px&#8221; custom_padding=&#8221;||0px|||&#8221; global_colors_info=&#8221;{}&#8221;][et_pb_row _builder_version=&#8221;4.16&#8243; _module_preset=&#8221;default&#8221; global_colors_info=&#8221;{}&#8221;][et_pb_column type=&#8221;4_4&#8243; _builder_version=&#8221;4.16&#8243; _module_preset=&#8221;default&#8221; global_colors_info=&#8221;{}&#8221;][et_pb_text _builder_version=&#8221;4.16&#8243; _module_preset=&#8221;default&#8221; header_font=&#8221;Didact Gothic||||||||&#8221; header_text_align=&#8221;center&#8221; header_text_color=&#8221;#FFFFFF&#8221; header_font_size=&#8221;60px&#8221; custom_margin_tablet=&#8221;&#8221; custom_margin_phone=&#8221;-25px||||false|false&#8221; custom_margin_last_edited=&#8221;on|phone&#8221; header_font_size_tablet=&#8221;60px&#8221; header_font_size_phone=&#8221;40px&#8221; header_font_size_last_edited=&#8221;on|phone&#8221; global_colors_info=&#8221;{}&#8221;]<\/p>\n<h1>Associate Of Theology<\/h1>\n<p>[\/et_pb_text][\/et_pb_column][\/et_pb_row][\/et_pb_section][et_pb_section fb_built=&#8221;1&#8243; fullwidth=&#8221;on&#8221; _builder_version=&#8221;4.16&#8243; _module_preset=&#8221;default&#8221; custom_margin=&#8221;52px|||||&#8221; global_colors_info=&#8221;{}&#8221;][et_pb_fullwidth_header title=&#8221;Associate Of Theology&#8221; subhead=&#8221;The Associate degree provides a basic yet solid theological training for equipping anyone who is considering any type of ministry within the church (pastoral, women, youth\/children, missions, etc.). Upon completion of the Associate\u2019s degree, a student will have an essential knowledge of the Bible and the Christian Faith. Such knowledge would enable the student to minister in any capacity within the local church with a certain degree of confidence. &#8221; text_orientation=&#8221;center&#8221; button_one_text=&#8221;Apply Now&#8221; button_one_url=&#8221;https:\/\/ftbm.mg\/apply\/&#8221; _builder_version=&#8221;4.16&#8243; _module_preset=&#8221;default&#8221; title_text_color=&#8221;#000000&#8243; title_line_height=&#8221;1.5em&#8221; subhead_text_color=&#8221;#000000&#8243; background_color=&#8221;#efe9e5&#8243; custom_button_one=&#8221;on&#8221; button_one_text_size=&#8221;18px&#8221; button_one_text_color=&#8221;#FFFFFF&#8221; button_one_bg_color=&#8221;#b80f0a&#8221; button_one_border_color=&#8221;#b80f0a&#8221; button_one_use_icon=&#8221;off&#8221; custom_margin=&#8221;-77px|||||&#8221; custom_padding=&#8221;0px|||||&#8221; global_colors_info=&#8221;{}&#8221;][\/et_pb_fullwidth_header][\/et_pb_section][et_pb_section fb_built=&#8221;1&#8243; _builder_version=&#8221;4.16&#8243; _module_preset=&#8221;default&#8221; global_colors_info=&#8221;{}&#8221;][et_pb_row _builder_version=&#8221;4.16&#8243; _module_preset=&#8221;default&#8221; global_colors_info=&#8221;{}&#8221;][et_pb_column type=&#8221;4_4&#8243; _builder_version=&#8221;4.16&#8243; _module_preset=&#8221;default&#8221; global_colors_info=&#8221;{}&#8221;][et_pb_text _builder_version=&#8221;4.16&#8243; _module_preset=&#8221;default&#8221; global_colors_info=&#8221;{}&#8221;]<\/p>\n<p>Cette formation est \u00e9galement int\u00e9gr\u00e9e au programme du Bachelor en tant que tronc commun et permet ainsi \u00e0 l'\u00e9tudiant(e) d'en parcourir presque la moiti\u00e9. Tout(e) \u00e9tudiant(e) qui obtient le dipl\u00f4me d'Associate est naturellement \u00e9ligible pour \u00eatre transf\u00e9r\u00e9 dans le programme de Bachelor. Inversement, un(e) \u00e9tudiant(e) qui ne parvient pas \u00e0 terminer le programme de Bachelor peut, dans la plupart des cas, valider le dipl\u00f4me d'Associate. Voir <a href=\"https:\/\/ftbm.mg\/fr\/academics\/\">ici<\/a> pour plus d'information.<\/p>\n<p>&nbsp;<\/p>\n<h4><strong>Caract\u00e9ristiques<\/strong><\/h4>\n<p><strong><\/strong><\/p>\n<p><strong>Heures de cr\u00e9dit :<\/strong> 60<\/p>\n<ul>\n<li>Disciplines Bibliques : 27 Heures de Cr\u00e9dit<\/li>\n<li>Disciplines Th\u00e9ologiques\/Historiques : 19 Heures de Cr\u00e9dit<\/li>\n<li>Th\u00e9ologie Pratique : 5 Heures de Cr\u00e9dit<\/li>\n<\/ul>\n<p><strong>Nombre de Cours :<\/strong> 24<\/p>\n<p><strong>\u00a0<\/strong><\/p>\n<h4><strong>Contenu du programme d'Associate of Theology<\/strong><\/h4>\n\n<table id=\"tablepress-3\" class=\"tablepress tablepress-id-3 try-class tbody-has-connected-cells\">\n<thead>\n<tr class=\"row-1\">\n\t<th class=\"column-1\">Cours<\/th><th class=\"column-2\">ID du Cours<\/th><th class=\"column-3\">Cr\u00e9dits<\/th>\n<\/tr>\n<\/thead>\n<tbody class=\"row-striping row-hover\">\n<tr class=\"row-2\">\n\t<td colspan=\"3\" class=\"column-1\"><strong>Disciplines Bibliques<\/strong><\/td>\n<\/tr>\n<tr class=\"row-3\">\n\t<td class=\"column-1\">Herm\u00e9neutique Biblique<\/td><td class=\"column-2\">BH1013<\/td><td class=\"column-3\">3<\/td>\n<\/tr>\n<tr class=\"row-4\">\n\t<td class=\"column-1\">Grec Biblique I : Grammaire <\/td><td class=\"column-2\">GK1013<\/td><td class=\"column-3\">3<\/td>\n<\/tr>\n<tr class=\"row-5\">\n\t<td class=\"column-1\">Grec Biblique II : Grammaire<\/td><td class=\"column-2\">GK1023<\/td><td class=\"column-3\">3<\/td>\n<\/tr>\n<tr class=\"row-6\">\n\t<td class=\"column-1\">Survol du NT I<\/td><td class=\"column-2\">NT1013<\/td><td class=\"column-3\">3<\/td>\n<\/tr>\n<tr class=\"row-7\">\n\t<td class=\"column-1\">Survol du NT II<\/td><td class=\"column-2\">NT1023<\/td><td class=\"column-3\">3<\/td>\n<\/tr>\n<tr class=\"row-8\">\n\t<td class=\"column-1\">H\u00e9breu Biblique I : Grammaire<\/td><td class=\"column-2\">HE1013<\/td><td class=\"column-3\">3<\/td>\n<\/tr>\n<tr class=\"row-9\">\n\t<td class=\"column-1\">H\u00e9breu Biblique II : Grammaire<\/td><td class=\"column-2\">HE1023<\/td><td class=\"column-3\">3<\/td>\n<\/tr>\n<tr class=\"row-10\">\n\t<td class=\"column-1\">Survol de l'AT I<\/td><td class=\"column-2\">OT1013<\/td><td class=\"column-3\">3<\/td>\n<\/tr>\n<tr class=\"row-11\">\n\t<td class=\"column-1\">Survol de l'AT II<\/td><td class=\"column-2\">OT1023<\/td><td class=\"column-3\">3<\/td>\n<\/tr>\n<tr class=\"row-12\">\n\t<td colspan=\"3\" class=\"column-1\"><strong>Disciplines Th\u00e9ologiques\/Historiques<\/strong><\/td>\n<\/tr>\n<tr class=\"row-13\">\n\t<td class=\"column-1\">Th\u00e9ologie Biblique de la Masculinit\u00e9 &amp; F\u00e9minit\u00e9<\/td><td class=\"column-2\">BT1013<\/td><td class=\"column-3\">3<\/td>\n<\/tr>\n<tr class=\"row-14\">\n\t<td class=\"column-1\">Histoire de l'\u00c9glise I <\/td><td class=\"column-2\">CH1013<\/td><td class=\"column-3\">3<\/td>\n<\/tr>\n<tr class=\"row-15\">\n\t<td class=\"column-1\">Histoire de l'\u00c9glise II<\/td><td class=\"column-2\">CH1023<\/td><td class=\"column-3\">3<\/td>\n<\/tr>\n<tr class=\"row-16\">\n\t<td class=\"column-1\">Th\u00e9ologie Syst\u00e9matique I<\/td><td class=\"column-2\">ST1014<\/td><td class=\"column-3\">4<\/td>\n<\/tr>\n<tr class=\"row-17\">\n\t<td class=\"column-1\">Th\u00e9ologie Syst\u00e9matique II<\/td><td class=\"column-2\">ST1023<\/td><td class=\"column-3\">3<\/td>\n<\/tr>\n<tr class=\"row-18\">\n\t<td class=\"column-1\">\u00c9ccl\u00e9siologie &amp; H\u00e9ritage Baptiste<\/td><td class=\"column-2\">ST2023<\/td><td class=\"column-3\">3<\/td>\n<\/tr>\n<tr class=\"row-19\">\n\t<td colspan=\"3\" class=\"column-1\"><strong>Th\u00e9ologie Pratique<\/strong><\/td>\n<\/tr>\n<tr class=\"row-20\">\n\t<td class=\"column-1\">Introduction \u00e0 l'Exposition de la Bible<\/td><td class=\"column-2\">BE2013<\/td><td class=\"column-3\">3<\/td>\n<\/tr>\n<tr class=\"row-21\">\n\t<td class=\"column-1\">Disciplines Spirituelles I<\/td><td class=\"column-2\">SF1011<\/td><td class=\"column-3\">1<\/td>\n<\/tr>\n<tr class=\"row-22\">\n\t<td class=\"column-1\">Disciplines Spirituelles II<\/td><td class=\"column-2\">SF1021<\/td><td class=\"column-3\">1<\/td>\n<\/tr>\n<tr class=\"row-23\">\n\t<td colspan=\"3\" class=\"column-1\"><strong>\u00c9thique &amp; Philosophie<\/strong><\/td>\n<\/tr>\n<tr class=\"row-24\">\n\t<td class=\"column-1\">Le Foyer Chr\u00e9tien<\/td><td class=\"column-2\">ET1013<\/td><td class=\"column-3\">3<\/td>\n<\/tr>\n<tr class=\"row-25\">\n\t<td colspan=\"3\" class=\"column-1\"><strong>\u00c9vang\u00e9lisation &amp; Mission<\/strong><\/td>\n<\/tr>\n<tr class=\"row-26\">\n\t<td class=\"column-1\">\u00c9vang\u00e9lisation ou<\/td><td class=\"column-2\">EV1013<\/td><td rowspan=\"2\" class=\"column-3\">3<\/td>\n<\/tr>\n<tr class=\"row-27\">\n\t<td class=\"column-1\">Introduction \u00e0 la Missiologie<\/td><td class=\"column-2\">MI1013<\/td>\n<\/tr>\n<tr class=\"row-28\">\n\t<td class=\"column-1\">\u00c9vang\u00e9lisation Contextuelle (Practicum)<\/td><td class=\"column-2\">EV1011<\/td><td class=\"column-3\">1<\/td>\n<\/tr>\n<tr class=\"row-29\">\n\t<td colspan=\"3\" class=\"column-1\"><strong>Interdisciplinaire <\/strong><\/td>\n<\/tr>\n<tr class=\"row-30\">\n\t<td class=\"column-1\">Analyse Critique (Anglaise &amp; Fran\u00e7aise)*<\/td><td class=\"column-2\">CA1012<\/td><td class=\"column-3\">2<\/td>\n<\/tr>\n<tr class=\"row-31\">\n\t<td class=\"column-1\">R\u00e9daction de Texte Acad\u00e9mique en Malgache**<\/td><td class=\"column-2\">LA1110\/1120<\/td><td rowspan=\"3\" class=\"column-3\">0<\/td>\n<\/tr>\n<tr class=\"row-32\">\n\t<td class=\"column-1\">R\u00e9daction de Texte Acad\u00e9mique en Anglais**<\/td><td class=\"column-2\">LA1210<\/td>\n<\/tr>\n<tr class=\"row-33\">\n\t<td class=\"column-1\">R\u00e9daction de Texte Acad\u00e9mique en Fran\u00e7ais**<\/td><td class=\"column-2\">LA1310<\/td>\n<\/tr>\n<\/tbody>\n<tfoot>\n<tr class=\"row-34\">\n\t<th class=\"column-1\">Total<\/th><td class=\"column-2\"><\/td><th class=\"column-3\">60<\/th>\n<\/tr>\n<\/tfoot>\n<\/table>\n<!-- #tablepress-3 from cache -->\n<p>&nbsp;<\/p>\n<p>* Ce cours est requis pour tout(e) nouvel(le) \u00e9tudiant(e).<\/p>\n<p>** Chaque \u00e9tudiant(e) devra se soumettre \u00e0 un test de lecture et r\u00e9daction en langue anglaise et fran\u00e7aise. Pour les langues pass\u00e9es avec succ\u00e8s, l\u2019\u00e9tudiant(e) aura la possibilit\u00e9 d\u2019utiliser ces langues lors de ses travaux de recherche\/dissertation. Pour les autres langues que l'\u00e9tudiant(e) n'aura pas valid\u00e9, il lui sera <em>offert<\/em>, des cours de soutien de ces langues pendant les deux premiers semestres. L'\u00e9tudiant(e) est autoris\u00e9(e) \u00e0 prendre ces cours de langue autant de fois qu'il\/elle le souhaite jusqu'\u00e0 ce qu'il\/elle valide le test de langue. La charge de travail de chacun de ces cours de langue est \u00e9quivalent \u00e0 une heure de cr\u00e9dit. Cependant, ces heures de cr\u00e9dit ne comptent pas pour l'obtention du dipl\u00f4me.<\/p>\n<p><strong>Informations compl\u00e9mentaires<\/strong>:<\/p>\n<p>Une heure de cr\u00e9dit requiert 1.1 heures (1h06) de pr\u00e9sence en classe et 2.2 (2h12) heures de travail personnel chaque semaine, pour un semestre. Ainsi, un cours qui p\u00e8se 3 heures de cr\u00e9dits demande 3.3 heures de pr\u00e9sence en classe ainsi que 6.6 (6h36) heures de travail personnel chaque semaine, pour un semestre.<\/p>\n<p>Un(e) \u00e9tudiant(e) qui s'inscrit \u00e0 des cours pesant au total 12 heures de cr\u00e9dit, peut s'attendre \u00e0 une charge de travail de 40 heures chaque semaine, pour tout un semestre.<\/p>\n<p>[\/et_pb_text][et_pb_button button_url=&#8221;https:\/\/ftbm.mg\/course-descriptions\/&#8221; url_new_window=&#8221;on&#8221; button_text=&#8221;See Course Descriptions&#8221; button_alignment=&#8221;center&#8221; _builder_version=&#8221;4.16&#8243; _module_preset=&#8221;default&#8221; global_colors_info=&#8221;{}&#8221;][\/et_pb_button][\/et_pb_column][\/et_pb_row][\/et_pb_section]<\/p>","protected":false},"excerpt":{"rendered":"<p>Associate Of TheologyThis degree is also built into the Bachelor\u2019s degree program as core curriculum and takes the student almost half-way through it. Any student who has completed the Associate\u2019s degree is naturally eligible to transfer into the Bachelor\u2019s degree program. Conversely, a student who fails to complete a Bachelor\u2019s degree program can, in most [&hellip;]<\/p>","protected":false},"author":3,"featured_media":0,"parent":0,"menu_order":0,"comment_status":"closed","ping_status":"closed","template":"","meta":{"_et_pb_use_builder":"on","_et_pb_old_content":"","_et_gb_content_width":"","footnotes":""},"class_list":["post-2398","page","type-page","status-publish","hentry"],"_links":{"self":[{"href":"https:\/\/ftbm.mg\/fr\/wp-json\/wp\/v2\/pages\/2398","targetHints":{"allow":["GET"]}}],"collection":[{"href":"https:\/\/ftbm.mg\/fr\/wp-json\/wp\/v2\/pages"}],"about":[{"href":"https:\/\/ftbm.mg\/fr\/wp-json\/wp\/v2\/types\/page"}],"author":[{"embeddable":true,"href":"https:\/\/ftbm.mg\/fr\/wp-json\/wp\/v2\/users\/3"}],"replies":[{"embeddable":true,"href":"https:\/\/ftbm.mg\/fr\/wp-json\/wp\/v2\/comments?post=2398"}],"version-history":[{"count":0,"href":"https:\/\/ftbm.mg\/fr\/wp-json\/wp\/v2\/pages\/2398\/revisions"}],"wp:attachment":[{"href":"https:\/\/ftbm.mg\/fr\/wp-json\/wp\/v2\/media?parent=2398"}],"curies":[{"name":"wp","href":"https:\/\/api.w.org\/{rel}","templated":true}]}}