{"id":206,"date":"2021-08-26T01:03:15","date_gmt":"2021-08-26T01:03:15","guid":{"rendered":"https:\/\/ftbm.mg\/?page_id=206"},"modified":"2022-04-20T19:58:26","modified_gmt":"2022-04-20T19:58:26","slug":"our-values","status":"publish","type":"page","link":"https:\/\/ftbm.mg\/fr\/our-values\/","title":{"rendered":"Nos Valeurs"},"content":{"rendered":"<p>[et_pb_section fb_built=&#8221;1&#8243; fullwidth=&#8221;on&#8221; admin_label=&#8221;Header&#8221; _builder_version=&#8221;4.14.8&#8243; background_image=&#8221;https:\/\/ftbm.mg\/wp-content\/uploads\/2022\/03\/FTBM_About_Values_Banner.jpg&#8221; parallax=&#8221;on&#8221; global_colors_info=&#8221;{}&#8221;][et_pb_fullwidth_header title=&#8221;Our Values&#8221; text_orientation=&#8221;center&#8221; _builder_version=&#8221;4.14.8&#8243; title_font=&#8221;Didact Gothic||||||||&#8221; title_font_size=&#8221;60px&#8221; title_line_height=&#8221;1.3em&#8221; content_font=&#8221;||||||||&#8221; subhead_font=&#8221;Didact Gothic||||||||&#8221; subhead_font_size=&#8221;20px&#8221; subhead_line_height=&#8221;1.8em&#8221; background_enable_color=&#8221;off&#8221; background_color_gradient_start=&#8221;rgba(102,133,221,0.37)&#8221; background_color_gradient_end=&#8221;rgba(31,31,71,0.81)&#8221; custom_button_one=&#8221;on&#8221; button_one_text_size=&#8221;16px&#8221; button_one_text_color=&#8221;#ffffff&#8221; button_one_bg_color=&#8221;#a0beef&#8221; button_one_border_width=&#8221;8px&#8221; button_one_border_color=&#8221;rgba(0,0,0,0)&#8221; button_one_border_radius=&#8221;0px&#8221; button_one_letter_spacing=&#8221;3px&#8221; button_one_font=&#8221;Didact Gothic|700||on|||||&#8221; button_one_use_icon=&#8221;off&#8221; custom_button_two=&#8221;on&#8221; button_two_text_size=&#8221;16px&#8221; button_two_text_color=&#8221;#34587c&#8221; button_two_bg_color=&#8221;#ffffff&#8221; button_two_border_width=&#8221;8px&#8221; button_two_border_color=&#8221;rgba(0,0,0,0)&#8221; button_two_border_radius=&#8221;0px&#8221; button_two_letter_spacing=&#8221;3px&#8221; button_two_font=&#8221;Didact Gothic|700||on|||||&#8221; button_two_icon=&#8221;&#x49;||divi||400&#8243; button_two_icon_placement=&#8221;left&#8221; button_two_on_hover=&#8221;off&#8221; min_height=&#8221;350.4px&#8221; custom_padding=&#8221;3vw||1vw|||&#8221; custom_padding_tablet=&#8221;&#8221; custom_padding_phone=&#8221;||80px&#8221; custom_padding_last_edited=&#8221;on|phone&#8221; animation_style=&#8221;fade&#8221; animation_starting_opacity=&#8221;45%&#8221; title_font_size_tablet=&#8221;40px&#8221; title_font_size_phone=&#8221;40px&#8221; title_font_size_last_edited=&#8221;on|phone&#8221; subhead_font_size_tablet=&#8221;&#8221; subhead_font_size_phone=&#8221;18px&#8221; subhead_font_size_last_edited=&#8221;on|phone&#8221; title_text_shadow_style=&#8221;preset1&#8243; global_colors_info=&#8221;{}&#8221;][\/et_pb_fullwidth_header][\/et_pb_section][et_pb_section fb_built=&#8221;1&#8243; admin_label=&#8221;Services&#8221; _builder_version=&#8221;4.14.8&#8243; background_enable_image=&#8221;off&#8221; background_size=&#8221;initial&#8221; background_position=&#8221;top_center&#8221; custom_padding=&#8221;21px|0px|0px|0px|false|false&#8221; global_colors_info=&#8221;{}&#8221;][et_pb_row column_structure=&#8221;1_3,1_3,1_3&#8243; use_custom_gutter=&#8221;on&#8221; gutter_width=&#8221;1&#8243; _builder_version=&#8221;3.25&#8243; background_color=&#8221;rgba(126,190,197,0)&#8221; custom_margin=&#8221;-21px|auto|18px|auto||&#8221; custom_padding=&#8221;0|0px|19px|0px|false|false&#8221; global_colors_info=&#8221;{}&#8221;][et_pb_column type=&#8221;1_3&#8243; _builder_version=&#8221;3.25&#8243; custom_padding=&#8221;|||&#8221; global_colors_info=&#8221;{}&#8221; custom_padding__hover=&#8221;|||&#8221;][et_pb_cta title=&#8221;Deep commitment to the Holy Scriptures &#8221; button_url=&#8221;#&#8221; button_text=&#8221;2 Tim. 3:16; 2 Pe. 1:16\u201321&#8243; _builder_version=&#8221;4.14.8&#8243; header_font=&#8221;|700|||||||&#8221; header_text_align=&#8221;center&#8221; header_font_size=&#8221;18px&#8221; header_line_height=&#8221;1.6em&#8221; body_font=&#8221;||||||||&#8221; background_color=&#8221;rgba(126,190,197,0)&#8221; custom_button=&#8221;on&#8221; button_text_size=&#8221;13px&#8221; button_text_color=&#8221;#b80f0a&#8221; button_bg_color=&#8221;RGBA(255,255,255,0)&#8221; button_border_width=&#8221;1px&#8221; button_border_color=&#8221;#b80f0a&#8221; button_border_radius=&#8221;0px&#8221; button_letter_spacing=&#8221;1px&#8221; button_font=&#8221;Open Sans|||||on|||&#8221; button_use_icon=&#8221;off&#8221; button_alignment=&#8221;center&#8221; text_orientation=&#8221;left&#8221; background_layout=&#8221;light&#8221; global_colors_info=&#8221;{}&#8221;]<\/p>\n<p style=\"text-align: left;\">L'\u00c9criture est la <em>norma normans non normata<\/em>, la \u00ab norme normative qui n'est pas norm\u00e9e \u00bb, le fondement de toute recherche ou \u00e9ducation th\u00e9ologique. L'attachement aux Saintes \u00c9critures est motiv\u00e9 par ce que repr\u00e9sente l'\u00c9criture, comme \u00e9tant la Parole de Dieu - inspir\u00e9e par Dieu, inerrante, infaillible et faisant autorit\u00e9 (cf. D\u00e9claration de Chicago).<\/p>\n<p>[\/et_pb_cta][\/et_pb_column][et_pb_column type=&#8221;1_3&#8243; _builder_version=&#8221;3.25&#8243; custom_padding=&#8221;|||&#8221; global_colors_info=&#8221;{}&#8221; custom_padding__hover=&#8221;|||&#8221;][et_pb_cta title=&#8221;Faith seeking understanding &#8221; button_url=&#8221;#&#8221; button_text=&#8221;1 Co. 10:31; 2 Pe. 3:17\u201318&#8243; _builder_version=&#8221;4.14.8&#8243; header_font=&#8221;|700|||||||&#8221; header_text_align=&#8221;center&#8221; header_text_color=&#8221;#000000&#8243; header_font_size=&#8221;18px&#8221; header_line_height=&#8221;1.6em&#8221; body_text_color=&#8221;#000000&#8243; background_color=&#8221;#f4f4ef&#8221; custom_button=&#8221;on&#8221; button_text_size=&#8221;13px&#8221; button_text_color=&#8221;#b80f0a&#8221; button_bg_color=&#8221;rgba(234,114,74,0)&#8221; button_border_width=&#8221;1px&#8221; button_border_color=&#8221;#b80f0a&#8221; button_border_radius=&#8221;1px&#8221; button_letter_spacing=&#8221;1px&#8221; button_font=&#8221;Open Sans|||||on|||&#8221; button_use_icon=&#8221;off&#8221; button_alignment=&#8221;center&#8221; text_orientation=&#8221;left&#8221; animation_style=&#8221;slide&#8221; animation_direction=&#8221;top&#8221; animation_intensity_slide=&#8221;5%&#8221; locked=&#8221;off&#8221; global_colors_info=&#8221;{}&#8221; box_shadow_vertical__hover=&#8221;32px&#8221; box_shadow_vertical__hover_enabled=&#8221;on&#8221; box_shadow_blur__hover=&#8221;105px&#8221; box_shadow_blur__hover_enabled=&#8221;on&#8221;]<\/p>\n<p style=\"text-align: left;\">La recherche th\u00e9ologique doit \u00eatre conduite dans le cadre de la foi (objective et subjective). La foi objective se rapporte \u00e0 la formulation ou au contenu historique de la foi chr\u00e9tienne, telle qu'elle est traditionnellement transmise selon l'analogie de la foi et les conciles ult\u00e9rieurs (cf. Confession de Foi). La foi subjective se rapporte \u00e0 l'\u00e9tudiant et la foi en vertu de laquelle il croit ou affirme \u00eatre un croyant.<\/p>\n<p>[\/et_pb_cta][\/et_pb_column][et_pb_column type=&#8221;1_3&#8243; _builder_version=&#8221;3.25&#8243; custom_padding=&#8221;|||&#8221; global_colors_info=&#8221;{}&#8221; custom_padding__hover=&#8221;|||&#8221;][et_pb_cta title=&#8221;Support for the Great Commission &#8221; button_url=&#8221;#&#8221; button_text=&#8221;Mat. 28:18\u201320; Acts 1:8&#8243; _builder_version=&#8221;4.14.8&#8243; header_font=&#8221;|700|||||||&#8221; header_text_align=&#8221;center&#8221; header_font_size=&#8221;18px&#8221; header_line_height=&#8221;1.6em&#8221; body_font=&#8221;||||||||&#8221; background_color=&#8221;rgba(126,190,197,0)&#8221; custom_button=&#8221;on&#8221; button_text_size=&#8221;13px&#8221; button_text_color=&#8221;#b80f0a&#8221; button_bg_color=&#8221;rgba(234,114,74,0)&#8221; button_border_width=&#8221;-41px&#8221; button_border_color=&#8221;#b80f0a&#8221; button_border_radius=&#8221;0px&#8221; button_letter_spacing=&#8221;1px&#8221; button_font=&#8221;Open Sans|||||on|||&#8221; button_use_icon=&#8221;off&#8221; button_alignment=&#8221;center&#8221; text_orientation=&#8221;left&#8221; background_layout=&#8221;light&#8221; locked=&#8221;off&#8221; global_colors_info=&#8221;{}&#8221;]<\/p>\n<p style=\"text-align: left;\">Il s'agit d\u2019accompagner les \u00e9glises pour accomplir le mandat par des efforts d'\u00e9vang\u00e9lisation et missionnaires. Ces efforts peuvent prendre diverses formes (apport d'exp\u00e9rience, forums, organisation de campagnes d'\u00e9vang\u00e9lisation, mobilisation des \u00e9tudiants, etc.)<\/p>\n<p>[\/et_pb_cta][\/et_pb_column][\/et_pb_row][et_pb_row column_structure=&#8221;1_3,1_3,1_3&#8243; use_custom_gutter=&#8221;on&#8221; gutter_width=&#8221;1&#8243; _builder_version=&#8221;3.25&#8243; background_color=&#8221;rgba(126,190,197,0)&#8221; custom_padding=&#8221;0|0px|0px|0px|false|false&#8221; global_colors_info=&#8221;{}&#8221;][et_pb_column type=&#8221;1_3&#8243; _builder_version=&#8221;4.9.10&#8243; _module_preset=&#8221;default&#8221; global_colors_info=&#8221;{}&#8221;][et_pb_cta title=&#8221;Spiritual Disciplines &#8221; button_url=&#8221;#&#8221; button_text=&#8221;Ps. 63:6; 119:11; Eph. 5:19\u201320; 1 Th. 5:12\u201322&#8243; _builder_version=&#8221;4.14.8&#8243; header_font=&#8221;|700|||||||&#8221; header_text_align=&#8221;center&#8221; header_text_color=&#8221;#000000&#8243; header_font_size=&#8221;18px&#8221; header_line_height=&#8221;1.6em&#8221; body_text_align=&#8221;center&#8221; body_text_color=&#8221;#000000&#8243; background_color=&#8221;#f4f4ef&#8221; custom_button=&#8221;on&#8221; button_text_size=&#8221;12px&#8221; button_text_color=&#8221;#b80f0a&#8221; button_bg_color=&#8221;rgba(234,114,74,0)&#8221; button_border_width=&#8221;1px&#8221; button_border_color=&#8221;#b80f0a&#8221; button_border_radius=&#8221;0px&#8221; button_letter_spacing=&#8221;1px&#8221; button_font=&#8221;Open Sans|||||on|||&#8221; button_use_icon=&#8221;off&#8221; button_alignment=&#8221;center&#8221; custom_padding=&#8221;||256px|||&#8221; animation_style=&#8221;slide&#8221; animation_direction=&#8221;top&#8221; animation_intensity_slide=&#8221;5%&#8221; locked=&#8221;off&#8221; global_colors_info=&#8221;{}&#8221; box_shadow_vertical__hover=&#8221;32px&#8221; box_shadow_vertical__hover_enabled=&#8221;on&#8221; box_shadow_blur__hover=&#8221;105px&#8221; box_shadow_blur__hover_enabled=&#8221;on&#8221;]<\/p>\n<p style=\"text-align: left;\">Une formation th\u00e9ologique solide ne peut et ne doit jamais \u00eatre s\u00e9par\u00e9e de la pratique des disciplines spirituelles. En r\u00e9sum\u00e9, les disciplines spirituelles font partie int\u00e9grante de la formation. D\u2019ailleurs, la recherche th\u00e9ologique est aussi un acte de culte (Rm 12:1-2).<\/p>\n<p>[\/et_pb_cta][\/et_pb_column][et_pb_column type=&#8221;1_3&#8243; _builder_version=&#8221;3.25&#8243; custom_padding=&#8221;|||&#8221; global_colors_info=&#8221;{}&#8221; custom_padding__hover=&#8221;|||&#8221;][et_pb_cta title=&#8221;Interconnectedness with the local church &#8221; button_url=&#8221;#&#8221; button_text=&#8221;Prov. 27:17; 1 Co. 12:12; Heb. 10:24\u201325; 13:16; Ja 1:27&#8243; _builder_version=&#8221;4.14.8&#8243; header_font=&#8221;|700|||||||&#8221; header_text_align=&#8221;center&#8221; header_font_size=&#8221;18px&#8221; header_line_height=&#8221;1.6em&#8221; body_font=&#8221;||||||||&#8221; background_color=&#8221;rgba(126,190,197,0)&#8221; custom_button=&#8221;on&#8221; button_text_size=&#8221;13px&#8221; button_text_color=&#8221;#b80f0a&#8221; button_bg_color=&#8221;rgba(234,114,74,0)&#8221; button_border_width=&#8221;1px&#8221; button_border_color=&#8221;#b80f0a&#8221; button_border_radius=&#8221;0px&#8221; button_letter_spacing=&#8221;1px&#8221; button_font=&#8221;Open Sans|||||on|||&#8221; button_use_icon=&#8221;off&#8221; button_alignment=&#8221;center&#8221; text_orientation=&#8221;left&#8221; background_layout=&#8221;light&#8221; locked=&#8221;off&#8221; global_colors_info=&#8221;{}&#8221;]<\/p>\n<p style=\"text-align: left;\">Il s'agit de favoriser la culture de la \"th\u00e9ologie pour l'\u00e9glise\". Une telle interconnexion se traduit d'abord et avant tout par l'engagement des \u00e9tudiants dans une \u00e9glise locale (adh\u00e9sion et stages). Cela signifie \u00e9galement que la FTBM s'efforce d'impliquer les \u00e9glises locales dans la vie de l'\u00e9cole. Ceci peut prendre plusieurs formes, comme l'acc\u00e8s \u00e0 la biblioth\u00e8que de la FTBM aux membres de l'\u00e9glise, l'organisation de conf\u00e9rences pour le grand public (\u00e9glises), l'utilisation des locaux de la FTBM par les \u00e9glises (ou vice versa), l'invitation de responsables et de pasteurs d\u2019\u00e9glises en tant qu\u2019orateurs durant les temps de culte de la FTBM ou durant certains cours, etc.<\/p>\n<p>[\/et_pb_cta][\/et_pb_column][et_pb_column type=&#8221;1_3&#8243; _builder_version=&#8221;3.25&#8243; custom_padding=&#8221;|||&#8221; global_colors_info=&#8221;{}&#8221; custom_padding__hover=&#8221;|||&#8221;][et_pb_cta title=&#8221;Global connectedness &#8221; button_url=&#8221;#&#8221; button_text=&#8221;1 Co. 1:2&#8243; _builder_version=&#8221;4.14.8&#8243; header_font=&#8221;|700|||||||&#8221; header_text_align=&#8221;center&#8221; header_text_color=&#8221;#000000&#8243; header_font_size=&#8221;18px&#8221; header_line_height=&#8221;1.6em&#8221; body_text_color=&#8221;#000000&#8243; background_color=&#8221;#f4f4ef&#8221; custom_button=&#8221;on&#8221; button_text_size=&#8221;13px&#8221; button_text_color=&#8221;#b80f0a&#8221; button_bg_color=&#8221;rgba(234,114,74,0)&#8221; button_border_width=&#8221;1px&#8221; button_border_color=&#8221;#b80f0a&#8221; button_border_radius=&#8221;0px&#8221; button_letter_spacing=&#8221;1px&#8221; button_font=&#8221;Open Sans|||||on|||&#8221; button_use_icon=&#8221;off&#8221; button_alignment=&#8221;center&#8221; text_orientation=&#8221;left&#8221; custom_margin=&#8221;||68px|||&#8221; custom_padding=&#8221;||136px|||&#8221; animation_style=&#8221;slide&#8221; animation_direction=&#8221;top&#8221; animation_intensity_slide=&#8221;5%&#8221; hover_enabled=&#8221;0&#8243; locked=&#8221;off&#8221; global_colors_info=&#8221;{}&#8221; box_shadow_vertical__hover=&#8221;32px&#8221; box_shadow_vertical__hover_enabled=&#8221;on&#8221; box_shadow_blur__hover=&#8221;105px&#8221; box_shadow_blur__hover_enabled=&#8221;on&#8221; sticky_enabled=&#8221;0&#8243;]<\/p>\n<p>La FTBM et ses enseignants font partie (ou cherchent \u00e0 faire partie) de r\u00e9seaux acad\u00e9miques tels que ABTEN (Africa Baptist Theological Network), ICETE (The International Council For Evangelical Education), et IACE (International Alliance For Christian Education), ainsi que de soci\u00e9t\u00e9s acad\u00e9miques telles que ETS (Evangelical Theological Society), EPS (Evangelical Philosophical Society), et SBL (Society Of Biblical Literature). De plus, elle cherche \u00e0 mettre en place des \u00e9v\u00e8nements telles que la pri\u00e8re pour les nations et pour l'\u00e9glise pers\u00e9cut\u00e9e afin de sensibiliser les \u00e9glises sur ce que vivent leurs fr\u00e8res et s\u0153urs dans le monde.<\/p>\n<p>[\/et_pb_cta][\/et_pb_column][\/et_pb_row][\/et_pb_section]<\/p>","protected":false},"excerpt":{"rendered":"<p>Scripture is the norma normans non normata, the norming norm that is not normed, the foundation of any theological inquiry\/education. Commitment to Scripture means commitment to what Scripture is, the Word of God\u2014God-breathed, inerrant, infallible, and authoritative (cf. Chicago Statement)Theological inquiry needs to be conducted in the framework of faith (objective and subjective). Objective faith [&hellip;]<\/p>","protected":false},"author":2,"featured_media":0,"parent":0,"menu_order":0,"comment_status":"closed","ping_status":"closed","template":"","meta":{"_et_pb_use_builder":"on","_et_pb_old_content":"","_et_gb_content_width":"","footnotes":""},"class_list":["post-206","page","type-page","status-publish","hentry"],"_links":{"self":[{"href":"https:\/\/ftbm.mg\/fr\/wp-json\/wp\/v2\/pages\/206","targetHints":{"allow":["GET"]}}],"collection":[{"href":"https:\/\/ftbm.mg\/fr\/wp-json\/wp\/v2\/pages"}],"about":[{"href":"https:\/\/ftbm.mg\/fr\/wp-json\/wp\/v2\/types\/page"}],"author":[{"embeddable":true,"href":"https:\/\/ftbm.mg\/fr\/wp-json\/wp\/v2\/users\/2"}],"replies":[{"embeddable":true,"href":"https:\/\/ftbm.mg\/fr\/wp-json\/wp\/v2\/comments?post=206"}],"version-history":[{"count":0,"href":"https:\/\/ftbm.mg\/fr\/wp-json\/wp\/v2\/pages\/206\/revisions"}],"wp:attachment":[{"href":"https:\/\/ftbm.mg\/fr\/wp-json\/wp\/v2\/media?parent=206"}],"curies":[{"name":"wp","href":"https:\/\/api.w.org\/{rel}","templated":true}]}}