{"id":1838,"date":"2021-12-29T20:15:53","date_gmt":"2021-12-29T20:15:53","guid":{"rendered":"https:\/\/ftbm.mg\/?page_id=1838"},"modified":"2023-11-21T05:59:49","modified_gmt":"2023-11-21T05:59:49","slug":"apply","status":"publish","type":"page","link":"https:\/\/ftbm.mg\/fr\/apply\/","title":{"rendered":"S'inscrire"},"content":{"rendered":"<p>[et_pb_section fb_built=&#8221;1&#8243; fullwidth=&#8221;on&#8221; _builder_version=&#8221;4.16&#8243; _module_preset=&#8221;default&#8221; background_enable_image=&#8221;off&#8221; global_colors_info=&#8221;{}&#8221;][et_pb_fullwidth_header title=&#8221;Apply&#8221; _builder_version=&#8221;4.16&#8243; _module_preset=&#8221;default&#8221; title_font=&#8221;Didact Gothic||||||||&#8221; title_text_align=&#8221;center&#8221; title_font_size=&#8221;60px&#8221; background_enable_color=&#8221;off&#8221; background_image=&#8221;https:\/\/ftbm.mg\/wp-content\/uploads\/2022\/03\/FTBM_Admissions_Apply-scaled.jpg&#8221; min_height=&#8221;355px&#8221; custom_margin=&#8221;||||false|false&#8221; custom_margin_tablet=&#8221;&#8221; custom_margin_phone=&#8221;-15px||||false|false&#8221; custom_margin_last_edited=&#8221;on|phone&#8221; custom_padding=&#8221;107px||49px||false|false&#8221; title_font_size_tablet=&#8221;50px&#8221; title_font_size_phone=&#8221;40px&#8221; title_font_size_last_edited=&#8221;on|phone&#8221; global_colors_info=&#8221;{}&#8221;][\/et_pb_fullwidth_header][\/et_pb_section][et_pb_section fb_built=&#8221;1&#8243; _builder_version=&#8221;4.16&#8243; _module_preset=&#8221;default&#8221; min_height=&#8221;871px&#8221; custom_margin=&#8221;-7px|||||&#8221; custom_padding=&#8221;53px|||||&#8221; global_colors_info=&#8221;{}&#8221;][et_pb_row _builder_version=&#8221;4.16&#8243; _module_preset=&#8221;default&#8221; global_colors_info=&#8221;{}&#8221;][et_pb_column type=&#8221;4_4&#8243; _builder_version=&#8221;4.16&#8243; _module_preset=&#8221;default&#8221; global_colors_info=&#8221;{}&#8221;][et_pb_text _builder_version=&#8221;4.16&#8243; _module_preset=&#8221;default&#8221; global_colors_info=&#8221;{}&#8221;]<\/p>\n<h1>Conditions d'Inscription<\/h1>\n<p>Tout candidat doit \u00eatre titulaire d\u2019un baccalaur\u00e9at <em>(toutes s\u00e9ries, g\u00e9n\u00e9ral ou technique)<\/em>.<\/p>\n<p>Tout candidat doit \u00eatre en mesure de d\u00e9montrer une authentique foi salvatrice dans l'\u0153uvre accomplie en J\u00e9sus-Christ.<\/p>\n<p>[\/et_pb_text][\/et_pb_column][\/et_pb_row][et_pb_row _builder_version=&#8221;4.16&#8243; _module_preset=&#8221;default&#8221; global_colors_info=&#8221;{}&#8221;][et_pb_column type=&#8221;4_4&#8243; _builder_version=&#8221;4.16&#8243; _module_preset=&#8221;default&#8221; global_colors_info=&#8221;{}&#8221;][et_pb_text _builder_version=&#8221;4.16&#8243; _module_preset=&#8221;default&#8221; global_colors_info=&#8221;{}&#8221;]<\/p>\n<h1>Documents Requis<\/h1>\n<p>[\/et_pb_text][\/et_pb_column][\/et_pb_row][et_pb_row column_structure=&#8221;1_3,1_3,1_3&#8243; _builder_version=&#8221;4.16&#8243; _module_preset=&#8221;default&#8221; custom_margin=&#8221;-23px|auto||auto||&#8221; custom_padding=&#8221;||0px|||&#8221; global_colors_info=&#8221;{}&#8221;][et_pb_column type=&#8221;1_3&#8243; _builder_version=&#8221;4.16&#8243; _module_preset=&#8221;default&#8221; global_colors_info=&#8221;{}&#8221;][et_pb_text _builder_version=&#8221;4.18.1&#8243; _module_preset=&#8221;default&#8221; background_color=&#8221;#f4f4ef&#8221; custom_padding=&#8221;4px|4px||4px|false|false&#8221; hover_enabled=&#8221;0&#8243; border_width_all=&#8221;3px&#8221; border_color_all=&#8221;#f4f4ef&#8221; global_colors_info=&#8221;{}&#8221; sticky_enabled=&#8221;0&#8243;]<\/p>\n<p style=\"text-align: center;\"><strong>Formulaire d'Inscription<\/strong><\/p>\n<p style=\"text-align: center;\">Compl\u00e9ter et envoyer le formulaire d\u2019inscription \u00e0 la FTBM, accompagn\u00e9 des documents list\u00e9s dans le formulaire.<\/p>\n<p style=\"text-align: center;\"><a href=\"https:\/\/ftbm.mg\/wp-content\/uploads\/2023\/11\/FTBM_Dossier_Inscription-v.1.4.pdf\" target=\"_blank\" rel=\"noopener\">T\u00e9l\u00e9charger ici<\/a><\/p>\n<p>[\/et_pb_text][\/et_pb_column][et_pb_column type=&#8221;1_3&#8243; _builder_version=&#8221;4.16&#8243; _module_preset=&#8221;default&#8221; global_colors_info=&#8221;{}&#8221;][et_pb_text _builder_version=&#8221;4.18.1&#8243; _module_preset=&#8221;default&#8221; background_color=&#8221;#f4f4ef&#8221; custom_padding=&#8221;4px|4px||4px|false|false&#8221; hover_enabled=&#8221;0&#8243; global_colors_info=&#8221;{}&#8221; sticky_enabled=&#8221;0&#8243;]<\/p>\n<p style=\"text-align: center;\"><strong>Recommandation de l\u2019\u00c9glise<span style=\"color: #ff0000;\">*<\/span><\/strong><\/p>\n<p style=\"text-align: center;\">Demander \u00e0 votre pasteur ou un de vos anciens de compl\u00e9ter ce formulaire. Il devra ensuite l\u2019envoyer \u00e0 la FTBM.<\/p>\n<p style=\"text-align: center;\"><a href=\"https:\/\/ftbm.mg\/wp-content\/uploads\/2022\/04\/FTBM_Recommandation_eglise2.pdf\" target=\"_blank\" rel=\"noopener\">T\u00e9l\u00e9charger ici<\/a><\/p>\n<p>[\/et_pb_text][\/et_pb_column][et_pb_column type=&#8221;1_3&#8243; _builder_version=&#8221;4.16&#8243; _module_preset=&#8221;default&#8221; global_colors_info=&#8221;{}&#8221;][et_pb_text _builder_version=&#8221;4.18.1&#8243; _module_preset=&#8221;default&#8221; background_color=&#8221;#f4f4ef&#8221; custom_padding=&#8221;4px|4px||4px|false|false&#8221; hover_enabled=&#8221;0&#8243; global_colors_info=&#8221;{}&#8221; sticky_enabled=&#8221;0&#8243;]<\/p>\n<p style=\"text-align: center;\"><strong>Recommandations Additionnelles<span style=\"color: #ff0000;\">*<\/span><\/strong><\/p>\n<p style=\"text-align: center;\">Demander \u00e0 2 personnes de compl\u00e9ter ce formulaire. Elles devront ensuite l\u2019envoyer \u00e0 la FTBM.<\/p>\n<p style=\"text-align: center;\"><a href=\"https:\/\/ftbm.mg\/wp-content\/uploads\/2022\/04\/FTBM_Recommandation_Autres-1.pdf\" target=\"_blank\" rel=\"noopener\">T\u00e9l\u00e9charger ici<\/a><\/p>\n<p>[\/et_pb_text][\/et_pb_column][\/et_pb_row][et_pb_row _builder_version=&#8221;4.16&#8243; _module_preset=&#8221;default&#8221; global_colors_info=&#8221;{}&#8221;][et_pb_column type=&#8221;4_4&#8243; _builder_version=&#8221;4.16&#8243; _module_preset=&#8221;default&#8221; global_colors_info=&#8221;{}&#8221;][et_pb_text _builder_version=&#8221;4.16&#8243; _module_preset=&#8221;default&#8221; global_colors_info=&#8221;{}&#8221;]<\/p>\n<p><strong><span style=\"color: #ff0000;\">* <\/span><\/strong>Le formulaire de recommandation de l'\u00e9glise ainsi que les recommandations venant de 2 autres personnes ne sont <span style=\"text-decoration: underline;\">pas<\/span> n\u00e9cessaires pour celles et ceux qui d\u00e9sirent s'inscrire en tant qu' <span style=\"text-decoration: underline;\">auditeur<\/span> libre.<\/p>\n<p>[\/et_pb_text][\/et_pb_column][\/et_pb_row][et_pb_row _builder_version=&#8221;4.16&#8243; _module_preset=&#8221;default&#8221; global_colors_info=&#8221;{}&#8221;][et_pb_column type=&#8221;4_4&#8243; _builder_version=&#8221;4.16&#8243; _module_preset=&#8221;default&#8221; global_colors_info=&#8221;{}&#8221;][et_pb_text ul_type=&#8221;square&#8221; _builder_version=&#8221;4.16&#8243; _module_preset=&#8221;default&#8221; ul_text_color=&#8221;#b80f0a&#8221; ul_font_size=&#8221;16px&#8221; global_colors_info=&#8221;{}&#8221;]<\/p>\n<h1>Date Limite d\u2019Inscription<\/h1>\n<p>Quelle que soit la formation (dipl\u00f4mante ou non-dipl\u00f4mante), le dossier d\u2019inscription doit \u00eatre accompagn\u00e9 de <u>tous<\/u> les documents requis et doit \u00eatre soumis avant la date limite indiqu\u00e9e ci-dessous :<\/p>\n<h6><\/h6>\n<ul>\n<li><span style=\"color: #000000;\">Pour Semestre A (ao\u00fbt \u00e0 d\u00e9cembre) : 1er ao\u00fbt<sup>.<\/sup><\/span><\/li>\n<li><span style=\"color: #000000;\">Pour Semestre B (janvier \u00e0 mai) : 18 d\u00e9cembre<sup>.<\/sup><\/span><\/li>\n<\/ul>\n<p>[\/et_pb_text][\/et_pb_column][\/et_pb_row][et_pb_row _builder_version=&#8221;4.16&#8243; _module_preset=&#8221;default&#8221; global_colors_info=&#8221;{}&#8221;][et_pb_column type=&#8221;4_4&#8243; _builder_version=&#8221;4.16&#8243; _module_preset=&#8221;default&#8221; global_colors_info=&#8221;{}&#8221;][et_pb_cta title=&#8221;Where to send your documents&#8221; button_text=&#8221;Click Here&#8221; _builder_version=&#8221;4.16&#8243; _module_preset=&#8221;default&#8221; header_text_color=&#8221;#000000&#8243; header_line_height=&#8221;2.5em&#8221; background_color=&#8221;#f4f4ef&#8221; background_layout=&#8221;light&#8221; custom_margin=&#8221;0px|0px|||false|false&#8221; custom_margin_tablet=&#8221;0px|0px|||false|false&#8221; custom_margin_phone=&#8221;0px|0px|||false|false&#8221; custom_margin_last_edited=&#8221;on|phone&#8221; custom_padding=&#8221;20px||12px|28px|false|false&#8221; global_colors_info=&#8221;{}&#8221;]<\/p>\n<p>Les documents peuvent \u00eatre envoy\u00e9s par mail \u00e0 <a href=\"mailto:info.ftbm@mail.com\">info.ftbm@mail.com<\/a><\/p>\n<p>Vous pouvez aussi les envoyer par voie postale \u00e0<\/p>\n<p>FTBM<br \/>Lot II L 10 bis Ankadivato<br \/>Antananarivo 101<br \/>Madagasikara<\/p>\n<p>[\/et_pb_cta][\/et_pb_column][\/et_pb_row][\/et_pb_section]<\/p>","protected":false},"excerpt":{"rendered":"<p>Application Requirement All applicants should have a \u201cbaccalaur\u00e9at\u201d degree (high school diploma). All applicants should be able to demonstrate a genuine saving faith in the accomplished work of Jesus Christ.Documents RequiredApplication Form Complete this form and send it to FTBM with the additional documents listed in the form. Click to DownloadChurch Recommendation* Ask your pastor [&hellip;]<\/p>","protected":false},"author":4,"featured_media":0,"parent":0,"menu_order":0,"comment_status":"closed","ping_status":"closed","template":"","meta":{"_et_pb_use_builder":"on","_et_pb_old_content":"","_et_gb_content_width":"","footnotes":""},"class_list":["post-1838","page","type-page","status-publish","hentry"],"_links":{"self":[{"href":"https:\/\/ftbm.mg\/fr\/wp-json\/wp\/v2\/pages\/1838","targetHints":{"allow":["GET"]}}],"collection":[{"href":"https:\/\/ftbm.mg\/fr\/wp-json\/wp\/v2\/pages"}],"about":[{"href":"https:\/\/ftbm.mg\/fr\/wp-json\/wp\/v2\/types\/page"}],"author":[{"embeddable":true,"href":"https:\/\/ftbm.mg\/fr\/wp-json\/wp\/v2\/users\/4"}],"replies":[{"embeddable":true,"href":"https:\/\/ftbm.mg\/fr\/wp-json\/wp\/v2\/comments?post=1838"}],"version-history":[{"count":0,"href":"https:\/\/ftbm.mg\/fr\/wp-json\/wp\/v2\/pages\/1838\/revisions"}],"wp:attachment":[{"href":"https:\/\/ftbm.mg\/fr\/wp-json\/wp\/v2\/media?parent=1838"}],"curies":[{"name":"wp","href":"https:\/\/api.w.org\/{rel}","templated":true}]}}